{"id":702985,"date":"2025-08-27T15:20:49","date_gmt":"2025-08-27T12:20:49","guid":{"rendered":"https:\/\/roveyayinevi.com.tr\/index.php\/urun\/kizil-tepe\/"},"modified":"2025-10-10T03:28:48","modified_gmt":"2025-10-10T00:28:48","slug":"kizil-tepe","status":"publish","type":"product","link":"https:\/\/roveyayinevi.com.tr\/index.php\/urun\/kizil-tepe\/","title":{"rendered":"K\u0131z\u0131l Tepe"},"content":{"rendered":"<p>Tatl\u0131 Bela ve Ayakl\u0131 Bela\u2019n\u0131n yazar\u0131, New York Times Bestseller listesinde bir numaraya ad\u0131n\u0131 yazd\u0131rabilmi\u015f Jamie McGuire\u2019in merakla beklenen son kitab\u0131 K\u0131z\u0131l Tepe, heyecan\u0131 ve s\u00fcr\u00fckleyicili\u011fi ba\u015far\u0131yla harmanlanm\u0131\u015f bir k\u0131yamet sonras\u0131 \u00f6yk\u00fcs\u00fc.A\u015f\u0131k Oldu\u011funuz Ki\u015fiyi Hayatta Kalmak \u0130\u00e7in \u00d6ld\u00fcrmek Zorunda Oldu\u011funuzu Bilseniz Ne Yapard\u0131n\u0131z?\u0130ki k\u0131z\u0131n\u0131 yaln\u0131z ba\u015f\u0131na yeti\u015ftirmek i\u00e7in \u00e7abalayan Scarlet; evli olsa da \u00e2\u015f\u0131k olman\u0131n ne demek oldu\u011funu unutmu\u015f, tek ya\u015fama nedeni k\u00fc\u00e7\u00fck k\u0131z\u0131 olan Nathan ve tek derdi k\u0131z karde\u015fi ve erkek arkada\u015flar\u0131yla yapacaklar\u0131 hafta sonu ka\u00e7ama\u011f\u0131 olan \u00fcniversiteli bir gen\u00e7 k\u0131z olan Miranda\u2026D\u00fcnyay\u0131 etkisi alt\u0131na alan bir salg\u0131n patlak verdi\u011finde bu \u00fc\u00e7 ki\u015finin hayat\u0131 beklemedikleri \u015fekilde kesi\u015fir ve art\u0131k tek ama\u00e7lar\u0131 vard\u0131r: Bu yeni ve ac\u0131mas\u0131z d\u00fcnyada hayatta kalabilmek.\u201cS\u00fcr\u00fckleyici bir k\u0131yamet sonras\u0131 hik\u00e2yesi\u2026 McGuire etkileyici detaylar ve g\u00fc\u00e7l\u00fc karakterlerle ba\u015far\u0131s\u0131n\u0131 bu t\u00fcrde de kan\u0131tl\u0131yor.\u201d- Booklist\u201c\u00dcrk\u00fct\u00fcc\u00fc, s\u00fcr\u00fckleyici ve son derece gerilimli.\u201d &#8211; Closer Magazine \ufffcTan\u0131t\u0131m Metni<\/p>\n","protected":false},"excerpt":{"rendered":"<p>Tatl\u0131 Bela ve Ayakl\u0131 Bela\u2019n\u0131n yazar\u0131, New York Times Bestseller listesinde bir numaraya ad\u0131n\u0131 yazd\u0131rabilmi\u015f Jamie McGuire\u2019in merakla beklenen son kitab\u0131 K\u0131z\u0131l Tepe, heyecan\u0131 ve s\u00fcr\u00fckleyicili\u011fi<span class=\"excerpt-hellip\"> [\u2026]<\/span><\/p>\n","protected":false},"featured_media":0,"template":"","meta":{"_monsterinsights_skip_tracking":false,"_monsterinsights_sitenote_active":false,"_monsterinsights_sitenote_note":"","_monsterinsights_sitenote_category":0},"product_brand":[],"product_cat":[12291,12711],"product_tag":[],"class_list":{"0":"post-702985","1":"product","2":"type-product","3":"status-publish","5":"product_cat-edebiyat","6":"product_cat-roman-oyku","7":"pa_cilt-ciltsiz","8":"pa_tur-kitap","9":"pa_yayinevi-yabanci-yayinevi","10":"pa_yazar-jamie-mcguire","12":"first","13":"instock","14":"sale","15":"shipping-taxable","16":"purchasable","17":"product-type-simple"},"_links":{"self":[{"href":"https:\/\/roveyayinevi.com.tr\/index.php\/wp-json\/wp\/v2\/product\/702985","targetHints":{"allow":["GET"]}}],"collection":[{"href":"https:\/\/roveyayinevi.com.tr\/index.php\/wp-json\/wp\/v2\/product"}],"about":[{"href":"https:\/\/roveyayinevi.com.tr\/index.php\/wp-json\/wp\/v2\/types\/product"}],"wp:attachment":[{"href":"https:\/\/roveyayinevi.com.tr\/index.php\/wp-json\/wp\/v2\/media?parent=702985"}],"wp:term":[{"taxonomy":"product_brand","embeddable":true,"href":"https:\/\/roveyayinevi.com.tr\/index.php\/wp-json\/wp\/v2\/product_brand?post=702985"},{"taxonomy":"product_cat","embeddable":true,"href":"https:\/\/roveyayinevi.com.tr\/index.php\/wp-json\/wp\/v2\/product_cat?post=702985"},{"taxonomy":"product_tag","embeddable":true,"href":"https:\/\/roveyayinevi.com.tr\/index.php\/wp-json\/wp\/v2\/product_tag?post=702985"}],"curies":[{"name":"wp","href":"https:\/\/api.w.org\/{rel}","templated":true}]}}