{"id":702984,"date":"2025-08-27T15:20:49","date_gmt":"2025-08-27T12:20:49","guid":{"rendered":"https:\/\/roveyayinevi.com.tr\/index.php\/urun\/gunes-sistemi-serisi-gunes\/"},"modified":"2026-04-16T02:12:27","modified_gmt":"2026-04-15T23:12:27","slug":"gunes-sistemi-serisi-gunes","status":"publish","type":"product","link":"https:\/\/roveyayinevi.com.tr\/index.php\/urun\/gunes-sistemi-serisi-gunes\/","title":{"rendered":"G\u00fcne\u015f Sistemi Serisi &#8211; G\u00fcne\u015f"},"content":{"rendered":"<p>Gri ve ya\u011fmurlu g\u00fcnlerin ard\u0131ndan g\u00fcne\u015f bulutlar\u0131n aras\u0131ndan g\u00f6r\u00fcnd\u00fc. Ay\u00e7a ve Demir bunu mutlulukla kar\u015f\u0131l\u0131yor. G\u00fcne\u015f \u00e7ok \u00f6nemlidir! E\u011fer g\u00fcne\u015f olmasayd\u0131, \u015fimdi pencereden g\u00f6rd\u00fc\u011f\u00fcm\u00fcz hi\u00e7bir \u015fey olmazd\u0131: Ne k\u00f6pekler, ne a\u011fa\u00e7lar, ne de evler. G\u00fcne\u015f bizim ya\u015fam kayna\u011f\u0131m\u0131zd\u0131r ve her \u015fey onun sayesinde b\u00fcy\u00fcr. Ay\u00e7a ve Demir \u00e7ok merakl\u0131lar ve g\u00fcne\u015fle, D\u00fcnya&#8217;yla ilgili sorular soruyorlar. Bu yolla g\u00fcne\u015f sistemimizi ve evreni ke\u015ffetmeye ba\u015fl\u0131yorlar. Ama g\u00fcne\u015f g\u00f6zl\u00fcklerini hi\u00e7 unutmadan! <\/p>\n","protected":false},"excerpt":{"rendered":"<p>Gri ve ya\u011fmurlu g\u00fcnlerin ard\u0131ndan g\u00fcne\u015f bulutlar\u0131n aras\u0131ndan g\u00f6r\u00fcnd\u00fc. Ay\u00e7a ve Demir bunu mutlulukla kar\u015f\u0131l\u0131yor. G\u00fcne\u015f \u00e7ok \u00f6nemlidir! E\u011fer g\u00fcne\u015f olmasayd\u0131, \u015fimdi pencereden g\u00f6rd\u00fc\u011f\u00fcm\u00fcz hi\u00e7bir \u015fey<span class=\"excerpt-hellip\"> [\u2026]<\/span><\/p>\n","protected":false},"featured_media":0,"template":"","meta":{"_monsterinsights_skip_tracking":false,"_monsterinsights_sitenote_active":false,"_monsterinsights_sitenote_note":"","_monsterinsights_sitenote_category":0},"product_brand":[],"product_cat":[12913,12274],"product_tag":[],"class_list":{"0":"post-702984","1":"product","2":"type-product","3":"status-publish","5":"product_cat-3-6-yas-kitaplari","6":"product_cat-cocuk-ve-genclik-kitaplari","7":"pa_cilt-ciltsiz","8":"pa_tur-kitap","9":"pa_yayinevi-potikare-yayincilik","10":"pa_yazar-nuria-roca","12":"first","13":"instock","14":"sale","15":"shipping-taxable","16":"purchasable","17":"product-type-simple"},"_links":{"self":[{"href":"https:\/\/roveyayinevi.com.tr\/index.php\/wp-json\/wp\/v2\/product\/702984","targetHints":{"allow":["GET"]}}],"collection":[{"href":"https:\/\/roveyayinevi.com.tr\/index.php\/wp-json\/wp\/v2\/product"}],"about":[{"href":"https:\/\/roveyayinevi.com.tr\/index.php\/wp-json\/wp\/v2\/types\/product"}],"wp:attachment":[{"href":"https:\/\/roveyayinevi.com.tr\/index.php\/wp-json\/wp\/v2\/media?parent=702984"}],"wp:term":[{"taxonomy":"product_brand","embeddable":true,"href":"https:\/\/roveyayinevi.com.tr\/index.php\/wp-json\/wp\/v2\/product_brand?post=702984"},{"taxonomy":"product_cat","embeddable":true,"href":"https:\/\/roveyayinevi.com.tr\/index.php\/wp-json\/wp\/v2\/product_cat?post=702984"},{"taxonomy":"product_tag","embeddable":true,"href":"https:\/\/roveyayinevi.com.tr\/index.php\/wp-json\/wp\/v2\/product_tag?post=702984"}],"curies":[{"name":"wp","href":"https:\/\/api.w.org\/{rel}","templated":true}]}}