{"id":702979,"date":"2025-08-27T15:20:47","date_gmt":"2025-08-27T12:20:47","guid":{"rendered":"https:\/\/roveyayinevi.com.tr\/index.php\/urun\/topragin-optugu-cocuklar\/"},"modified":"2026-04-16T02:12:27","modified_gmt":"2026-04-15T23:12:27","slug":"topragin-optugu-cocuklar","status":"publish","type":"product","link":"https:\/\/roveyayinevi.com.tr\/index.php\/urun\/topragin-optugu-cocuklar\/","title":{"rendered":"Topra\u011f\u0131n \u00d6pt\u00fc\u011f\u00fc \u00c7ocuklar"},"content":{"rendered":"<p>TSK\u2019ya ba\u011fl\u0131 u\u00e7aklar \u201cald\u0131klar\u0131 istihbarat\u201da uyarak \u201cter\u00f6ristler\u201din T\u00fcrkiye\u2019ye girmelerini \u00f6nlemek i\u00e7in hava sald\u0131r\u0131s\u0131nda bulundu. Yer Roboski\u2026 Tarih 28 Aral\u0131k 2011\u2026 Otuz d\u00f6rt ki\u015fi \u201c\u00f6l\u00fc olarak ele ge\u00e7irildi\u201d. T\u00fcrkiye devleti ve medyas\u0131n\u0131n on iki saat boyunca sessiz kal\u0131p saklamaya \u00e7al\u0131\u015ft\u0131\u011f\u0131 bu olayda, ne ya\u015fand\u0131\u011f\u0131n\u0131, kimlerin nas\u0131l \u00f6ld\u00fc\u011f\u00fcn\u00fc \u00f6\u011frenmeye ba\u015flad\u0131\u011f\u0131m\u0131zda ortaya adl\u0131 ad\u0131nca bir \u201ckatliam\u201d \u00e7\u0131kt\u0131. <\/p>\n","protected":false},"excerpt":{"rendered":"<p>TSK\u2019ya ba\u011fl\u0131 u\u00e7aklar \u201cald\u0131klar\u0131 istihbarat\u201da uyarak \u201cter\u00f6ristler\u201din T\u00fcrkiye\u2019ye girmelerini \u00f6nlemek i\u00e7in hava sald\u0131r\u0131s\u0131nda bulundu. Yer Roboski\u2026 Tarih 28 Aral\u0131k 2011\u2026 Otuz d\u00f6rt ki\u015fi \u201c\u00f6l\u00fc olarak ele<span class=\"excerpt-hellip\"> [\u2026]<\/span><\/p>\n","protected":false},"featured_media":0,"template":"","meta":{"_monsterinsights_skip_tracking":false,"_monsterinsights_sitenote_active":false,"_monsterinsights_sitenote_note":"","_monsterinsights_sitenote_category":0},"product_brand":[],"product_cat":[14841,13043],"product_tag":[],"class_list":{"0":"post-702979","1":"product","2":"type-product","3":"status-publish","5":"product_cat-arastirma-inceleme-kuram","6":"product_cat-ekonomi","7":"pa_cilt-ciltsiz","8":"pa_tur-kitap","9":"pa_yayinevi-can-yayinlari","10":"pa_yazar-sibel-oral","12":"first","13":"instock","14":"sale","15":"shipping-taxable","16":"purchasable","17":"product-type-simple"},"_links":{"self":[{"href":"https:\/\/roveyayinevi.com.tr\/index.php\/wp-json\/wp\/v2\/product\/702979","targetHints":{"allow":["GET"]}}],"collection":[{"href":"https:\/\/roveyayinevi.com.tr\/index.php\/wp-json\/wp\/v2\/product"}],"about":[{"href":"https:\/\/roveyayinevi.com.tr\/index.php\/wp-json\/wp\/v2\/types\/product"}],"wp:attachment":[{"href":"https:\/\/roveyayinevi.com.tr\/index.php\/wp-json\/wp\/v2\/media?parent=702979"}],"wp:term":[{"taxonomy":"product_brand","embeddable":true,"href":"https:\/\/roveyayinevi.com.tr\/index.php\/wp-json\/wp\/v2\/product_brand?post=702979"},{"taxonomy":"product_cat","embeddable":true,"href":"https:\/\/roveyayinevi.com.tr\/index.php\/wp-json\/wp\/v2\/product_cat?post=702979"},{"taxonomy":"product_tag","embeddable":true,"href":"https:\/\/roveyayinevi.com.tr\/index.php\/wp-json\/wp\/v2\/product_tag?post=702979"}],"curies":[{"name":"wp","href":"https:\/\/api.w.org\/{rel}","templated":true}]}}