{"id":702973,"date":"2025-08-27T15:20:45","date_gmt":"2025-08-27T12:20:45","guid":{"rendered":"https:\/\/roveyayinevi.com.tr\/index.php\/urun\/yazihane-yillik\/"},"modified":"2026-04-16T02:11:56","modified_gmt":"2026-04-15T23:11:56","slug":"yazihane-yillik","status":"publish","type":"product","link":"https:\/\/roveyayinevi.com.tr\/index.php\/urun\/yazihane-yillik\/","title":{"rendered":"Yaz\u0131hane Y\u0131ll\u0131k"},"content":{"rendered":"<p>Zaman\u0131n ruhuna ayak uyduran bir basketbol tak\u0131m\u0131 ile a\u00e7\u0131lan bu kitap, birka\u00e7 y\u00fczy\u0131l geriye gidip \u015fiirler, tablolar ve hayaller ile sona eriyor . Kafan\u0131z m\u0131 kar\u0131\u015f\u0131 ? Tahmin edebiliyoruz . Bu yolculuk i\u00e7erisinde filmler , b\u00fcy\u00fcme hikayeleri, D\u00fcnya Kupas\u0131 zaferini g\u00f6rd\u00fckten sonra hayata veda eden kom\u015fular, bir zamanlar duvarlar\u0131 s\u00fcsleyen posterler konuk olacak, ya\u015fananlar ve izlenenler, yaz\u0131lanlar ve unutulanlar birbirine kar\u0131\u015facak . Buras\u0131, adres \u00e7ubu\u011fundaki haliyle yazihaneden.com\u2019un d\u00fcnyas\u0131 . Onlara sadece yak\u0131n arkada\u015flar\u0131 Yaz\u0131hane diyor . Ve bu derleme de bir bulu\u015fma teklifi . Kaan Kural ve Orkun \u00c7olako\u011flu\u2019nun bir araya getirdi\u011fi ekip, her \u015feyin sars\u0131c\u0131 bir h\u0131zla de\u011fi\u015fti\u011fi zamanlarda yazmaya ve ya\u015famaya \u00e7al\u0131\u015fman\u0131n bir d\u00f6k\u00fcm\u00fcn\u00fc \u00e7\u0131kard\u0131, sizi de yanlar\u0131na \u00e7a\u011f\u0131r\u0131yor. E\u011fer sokakta, eve, okulda, i\u015fyerinde bahsetti\u011finiz o \u015feylerden s\u0131k\u0131ld\u0131ysan\u0131z, bu \u015feyleri okumak isteyebilirsiniz . Kim bilir, belki de bir yerinde, bir sayfas\u0131nda kendinize ait bir oda bulabilirsiniz. S\u0131k\u0131l\u0131rsan\u0131z istedi\u011finiz posteri y\u0131rtabilirsiniz, severseniz siz de yeni bir tane as\u0131n . <\/p>\n","protected":false},"excerpt":{"rendered":"<p>Zaman\u0131n ruhuna ayak uyduran bir basketbol tak\u0131m\u0131 ile a\u00e7\u0131lan bu kitap, birka\u00e7 y\u00fczy\u0131l geriye gidip \u015fiirler, tablolar ve hayaller ile sona eriyor . Kafan\u0131z m\u0131 kar\u0131\u015f\u0131<span class=\"excerpt-hellip\"> [\u2026]<\/span><\/p>\n","protected":false},"featured_media":0,"template":"","meta":{"_monsterinsights_skip_tracking":false,"_monsterinsights_sitenote_active":false,"_monsterinsights_sitenote_note":"","_monsterinsights_sitenote_category":0},"product_brand":[],"product_cat":[15563,15564],"product_tag":[],"class_list":{"0":"post-702973","1":"product","2":"type-product","3":"status-publish","5":"product_cat-hobi","6":"product_cat-spor","7":"pa_tur-kitap","8":"pa_yayinevi-profil-kitap","9":"pa_yazar-kaan-kural","11":"first","12":"instock","13":"sale","14":"shipping-taxable","15":"purchasable","16":"product-type-simple"},"_links":{"self":[{"href":"https:\/\/roveyayinevi.com.tr\/index.php\/wp-json\/wp\/v2\/product\/702973","targetHints":{"allow":["GET"]}}],"collection":[{"href":"https:\/\/roveyayinevi.com.tr\/index.php\/wp-json\/wp\/v2\/product"}],"about":[{"href":"https:\/\/roveyayinevi.com.tr\/index.php\/wp-json\/wp\/v2\/types\/product"}],"wp:attachment":[{"href":"https:\/\/roveyayinevi.com.tr\/index.php\/wp-json\/wp\/v2\/media?parent=702973"}],"wp:term":[{"taxonomy":"product_brand","embeddable":true,"href":"https:\/\/roveyayinevi.com.tr\/index.php\/wp-json\/wp\/v2\/product_brand?post=702973"},{"taxonomy":"product_cat","embeddable":true,"href":"https:\/\/roveyayinevi.com.tr\/index.php\/wp-json\/wp\/v2\/product_cat?post=702973"},{"taxonomy":"product_tag","embeddable":true,"href":"https:\/\/roveyayinevi.com.tr\/index.php\/wp-json\/wp\/v2\/product_tag?post=702973"}],"curies":[{"name":"wp","href":"https:\/\/api.w.org\/{rel}","templated":true}]}}