{"id":702972,"date":"2025-08-27T15:20:45","date_gmt":"2025-08-27T12:20:45","guid":{"rendered":"https:\/\/roveyayinevi.com.tr\/index.php\/urun\/annem-neden-cildirdi\/"},"modified":"2026-04-16T02:11:56","modified_gmt":"2026-04-15T23:11:56","slug":"annem-neden-cildirdi","status":"publish","type":"product","link":"https:\/\/roveyayinevi.com.tr\/index.php\/urun\/annem-neden-cildirdi\/","title":{"rendered":"Annem Neden \u00c7\u0131ld\u0131rd\u0131"},"content":{"rendered":"<p>B\u00f6cek koleksiyonu yapan \u00e7ocuk, i\u015fteki ilk g\u00fcn\u00fcn\u00fc anlatan Emel Han\u0131m, torunlar\u0131n\u0131 \u00f6zleyen Neriman Han\u0131m, ye\u011fenini tren yolculu\u011funa \u00e7\u0131karan Kerim day\u0131, bah\u00e7e kat\u0131na ta\u015f\u0131nan aile, istasyon g\u00f6revlisi ve elbette, yazar\u0131na bile fark ettirmeden kitab\u0131n ba\u015f kahraman\u0131 oluveren muzip ve gururlu kedi&#8230; Kendileri bilmeseler de birbirleriyle bir nedenle ili\u015fkileri olan kahramanlar\u0131 \u00f6yk\u00fclere serpi\u015ftirirken, Akal, ya\u015fam i\u00e7inde g\u00f6z\u00fcm\u00fcz\u00fcn bir an dokunup ge\u00e7ti\u011fi ki\u015filerle bile ba\u011f\u0131m\u0131z oldu\u011funun vurgusunu yap\u0131yor. Yeni \u00f6yk\u00fclerini merakla bekleyen okurlar\u0131n\u0131, gizli ge\u00e7itlerden ge\u00e7irerek maceradan maceraya g\u00f6nderen Akal, yine s\u00fcrprizlerle dolu e\u011flenceli bir okuma sunuyor. \ufffcTan\u0131t\u0131m Metni<\/p>\n","protected":false},"excerpt":{"rendered":"<p>B\u00f6cek koleksiyonu yapan \u00e7ocuk, i\u015fteki ilk g\u00fcn\u00fcn\u00fc anlatan Emel Han\u0131m, torunlar\u0131n\u0131 \u00f6zleyen Neriman Han\u0131m, ye\u011fenini tren yolculu\u011funa \u00e7\u0131karan Kerim day\u0131, bah\u00e7e kat\u0131na ta\u015f\u0131nan aile, istasyon g\u00f6revlisi<span class=\"excerpt-hellip\"> [\u2026]<\/span><\/p>\n","protected":false},"featured_media":0,"template":"","meta":{"_monsterinsights_skip_tracking":false,"_monsterinsights_sitenote_active":false,"_monsterinsights_sitenote_note":"","_monsterinsights_sitenote_category":0},"product_brand":[],"product_cat":[12274,12284],"product_tag":[],"class_list":{"0":"post-702972","1":"product","2":"type-product","3":"status-publish","5":"product_cat-cocuk-ve-genclik-kitaplari","6":"product_cat-hikayeler","7":"pa_cilt-ciltsiz","8":"pa_tur-kitap","9":"pa_yayinevi-tudem-yayinlari","10":"pa_yazar-aytul-akal","12":"first","13":"instock","14":"sale","15":"shipping-taxable","16":"purchasable","17":"product-type-simple"},"_links":{"self":[{"href":"https:\/\/roveyayinevi.com.tr\/index.php\/wp-json\/wp\/v2\/product\/702972","targetHints":{"allow":["GET"]}}],"collection":[{"href":"https:\/\/roveyayinevi.com.tr\/index.php\/wp-json\/wp\/v2\/product"}],"about":[{"href":"https:\/\/roveyayinevi.com.tr\/index.php\/wp-json\/wp\/v2\/types\/product"}],"wp:attachment":[{"href":"https:\/\/roveyayinevi.com.tr\/index.php\/wp-json\/wp\/v2\/media?parent=702972"}],"wp:term":[{"taxonomy":"product_brand","embeddable":true,"href":"https:\/\/roveyayinevi.com.tr\/index.php\/wp-json\/wp\/v2\/product_brand?post=702972"},{"taxonomy":"product_cat","embeddable":true,"href":"https:\/\/roveyayinevi.com.tr\/index.php\/wp-json\/wp\/v2\/product_cat?post=702972"},{"taxonomy":"product_tag","embeddable":true,"href":"https:\/\/roveyayinevi.com.tr\/index.php\/wp-json\/wp\/v2\/product_tag?post=702972"}],"curies":[{"name":"wp","href":"https:\/\/api.w.org\/{rel}","templated":true}]}}