{"id":702967,"date":"2025-08-27T15:20:43","date_gmt":"2025-08-27T12:20:43","guid":{"rendered":"https:\/\/roveyayinevi.com.tr\/index.php\/urun\/gizemli-guvercin\/"},"modified":"2026-04-16T02:11:56","modified_gmt":"2026-04-15T23:11:56","slug":"gizemli-guvercin","status":"publish","type":"product","link":"https:\/\/roveyayinevi.com.tr\/index.php\/urun\/gizemli-guvercin\/","title":{"rendered":"Gizemli G\u00fcvercin"},"content":{"rendered":"<p>Gizemli G\u00fcvercin, G\u00fclten Day\u0131o\u011flu\u2019nun kaleminden, \u00c7ocuk Klasikleri aras\u0131na girmeye aday bir eser. Bu \u00d6yk\u00fc-Masal, yazar\u0131n ailesinde d\u00f6rt ku\u015fakt\u0131r anlat\u0131lmakta. Eserde, merak ve co\u015fku dolu bir kurguyla sevginin ve direncin de\u011feri vurgulan\u0131rken \u00e7ocuklar, d\u00fc\u015fsel d\u00fcnyalarda, \u015fa\u015f\u0131rt\u0131c\u0131 ve g\u00f6rkemli ser\u00fcvenlere davet ediliyor. \ufffcTan\u0131t\u0131m Metni<\/p>\n","protected":false},"excerpt":{"rendered":"<p>Gizemli G\u00fcvercin, G\u00fclten Day\u0131o\u011flu\u2019nun kaleminden, \u00c7ocuk Klasikleri aras\u0131na girmeye aday bir eser. Bu \u00d6yk\u00fc-Masal, yazar\u0131n ailesinde d\u00f6rt ku\u015fakt\u0131r anlat\u0131lmakta. Eserde, merak ve co\u015fku dolu bir kurguyla<span class=\"excerpt-hellip\"> [\u2026]<\/span><\/p>\n","protected":false},"featured_media":0,"template":"","meta":{"_monsterinsights_skip_tracking":false,"_monsterinsights_sitenote_active":false,"_monsterinsights_sitenote_note":"","_monsterinsights_sitenote_category":0},"product_brand":[],"product_cat":[12274,12284],"product_tag":[],"class_list":{"0":"post-702967","1":"product","2":"type-product","3":"status-publish","5":"product_cat-cocuk-ve-genclik-kitaplari","6":"product_cat-hikayeler","7":"pa_cilt-ciltsiz","8":"pa_tur-kitap","9":"pa_yayinevi-altin-kitaplar-ozel-urun","10":"pa_yazar-gulten-dayioglu","12":"first","13":"instock","14":"sale","15":"shipping-taxable","16":"purchasable","17":"product-type-simple"},"_links":{"self":[{"href":"https:\/\/roveyayinevi.com.tr\/index.php\/wp-json\/wp\/v2\/product\/702967","targetHints":{"allow":["GET"]}}],"collection":[{"href":"https:\/\/roveyayinevi.com.tr\/index.php\/wp-json\/wp\/v2\/product"}],"about":[{"href":"https:\/\/roveyayinevi.com.tr\/index.php\/wp-json\/wp\/v2\/types\/product"}],"wp:attachment":[{"href":"https:\/\/roveyayinevi.com.tr\/index.php\/wp-json\/wp\/v2\/media?parent=702967"}],"wp:term":[{"taxonomy":"product_brand","embeddable":true,"href":"https:\/\/roveyayinevi.com.tr\/index.php\/wp-json\/wp\/v2\/product_brand?post=702967"},{"taxonomy":"product_cat","embeddable":true,"href":"https:\/\/roveyayinevi.com.tr\/index.php\/wp-json\/wp\/v2\/product_cat?post=702967"},{"taxonomy":"product_tag","embeddable":true,"href":"https:\/\/roveyayinevi.com.tr\/index.php\/wp-json\/wp\/v2\/product_tag?post=702967"}],"curies":[{"name":"wp","href":"https:\/\/api.w.org\/{rel}","templated":true}]}}