{"id":702965,"date":"2025-08-27T15:20:42","date_gmt":"2025-08-27T12:20:42","guid":{"rendered":"https:\/\/roveyayinevi.com.tr\/index.php\/urun\/haci-murat-6\/"},"modified":"2026-02-02T02:13:06","modified_gmt":"2026-02-01T23:13:06","slug":"haci-murat-6","status":"publish","type":"product","link":"https:\/\/roveyayinevi.com.tr\/index.php\/urun\/haci-murat-6\/","title":{"rendered":"Hac\u0131 Murat"},"content":{"rendered":"<p>\u201cBu \u00f6yku\u0308nu\u0308n bir k\u0131sm\u0131n\u0131 bizzat ya\u015fad\u0131m, bir k\u0131sm\u0131n\u0131 olup bitenleri kendi g\u00f6zleriyle g\u00f6renlerden dinledim. Bir k\u0131sm\u0131n\u0131 da hayalimde canland\u0131rd\u0131m. \u0130\u015fte, bo\u015f kalan yerlerini hayalimde tamamlad\u0131\u011f\u0131m \u00f6yku\u0308 budur.\u201d <\/p>\n","protected":false},"excerpt":{"rendered":"<p>\u201cBu \u00f6yku\u0308nu\u0308n bir k\u0131sm\u0131n\u0131 bizzat ya\u015fad\u0131m, bir k\u0131sm\u0131n\u0131 olup bitenleri kendi g\u00f6zleriyle g\u00f6renlerden dinledim. Bir k\u0131sm\u0131n\u0131 da hayalimde canland\u0131rd\u0131m. \u0130\u015fte, bo\u015f kalan yerlerini hayalimde tamamlad\u0131\u011f\u0131m \u00f6yku\u0308<span class=\"excerpt-hellip\"> [\u2026]<\/span><\/p>\n","protected":false},"featured_media":0,"template":"","meta":{"_monsterinsights_skip_tracking":false,"_monsterinsights_sitenote_active":false,"_monsterinsights_sitenote_note":"","_monsterinsights_sitenote_category":0},"product_brand":[],"product_cat":[12291,13570],"product_tag":[],"class_list":{"0":"post-702965","1":"product","2":"type-product","3":"status-publish","5":"product_cat-edebiyat","6":"product_cat-rus-edebiyati","7":"pa_tur-kitap","8":"pa_yayinevi-antik-kitap","9":"pa_yazar-lev-nikolayevic-tolstoy","11":"first","12":"instock","13":"sale","14":"shipping-taxable","15":"purchasable","16":"product-type-simple"},"_links":{"self":[{"href":"https:\/\/roveyayinevi.com.tr\/index.php\/wp-json\/wp\/v2\/product\/702965","targetHints":{"allow":["GET"]}}],"collection":[{"href":"https:\/\/roveyayinevi.com.tr\/index.php\/wp-json\/wp\/v2\/product"}],"about":[{"href":"https:\/\/roveyayinevi.com.tr\/index.php\/wp-json\/wp\/v2\/types\/product"}],"wp:attachment":[{"href":"https:\/\/roveyayinevi.com.tr\/index.php\/wp-json\/wp\/v2\/media?parent=702965"}],"wp:term":[{"taxonomy":"product_brand","embeddable":true,"href":"https:\/\/roveyayinevi.com.tr\/index.php\/wp-json\/wp\/v2\/product_brand?post=702965"},{"taxonomy":"product_cat","embeddable":true,"href":"https:\/\/roveyayinevi.com.tr\/index.php\/wp-json\/wp\/v2\/product_cat?post=702965"},{"taxonomy":"product_tag","embeddable":true,"href":"https:\/\/roveyayinevi.com.tr\/index.php\/wp-json\/wp\/v2\/product_tag?post=702965"}],"curies":[{"name":"wp","href":"https:\/\/api.w.org\/{rel}","templated":true}]}}