{"id":702962,"date":"2025-08-27T15:20:41","date_gmt":"2025-08-27T12:20:41","guid":{"rendered":"https:\/\/roveyayinevi.com.tr\/index.php\/urun\/bulmaca-filmler\/"},"modified":"2026-04-16T02:11:56","modified_gmt":"2026-04-15T23:11:56","slug":"bulmaca-filmler","status":"publish","type":"product","link":"https:\/\/roveyayinevi.com.tr\/index.php\/urun\/bulmaca-filmler\/","title":{"rendered":"Bulmaca Filmler"},"content":{"rendered":"<p>Bulmaca filmler temelde birer \u201cak\u0131l-oyunu\u201d olma \u00f6zelli\u011fi ta\u015f\u0131rlar. \u015eizofren, haf\u0131zas\u0131n\u0131 yitirmi\u015f, g\u00fcven vermeyen anlat\u0131c\u0131lar ya da \u00f6l\u00fc karakterlerle akl\u0131m\u0131z\u0131 kar\u0131\u015ft\u0131r\u0131rken, klasik-olmayan eylemleri ve olaylar\u0131, klasik-olmayan karakterlerin g\u00f6z\u00fcnden izleriz. Zamansal d\u00f6ng\u00fcler ve par\u00e7alanm\u0131\u015f uzay-zaman ger\u00e7ekli\u011fini bir anlat\u0131 bi\u00e7imi olarak kullanan bu filmler, farkl\u0131 ger\u00e7eklik d\u00fczeyleri aras\u0131ndaki s\u0131n\u0131rlar\u0131 bulan\u0131kla\u015ft\u0131r\u0131r, anlat\u0131mlar\u0131nda bo\u015fluklar, aldatma, labirent yap\u0131lar, g\u00fcvenilmez anlat\u0131c\u0131lar ve aleni tesad\u00fcfler kullan\u0131r. <\/p>\n","protected":false},"excerpt":{"rendered":"<p>Bulmaca filmler temelde birer \u201cak\u0131l-oyunu\u201d olma \u00f6zelli\u011fi ta\u015f\u0131rlar. \u015eizofren, haf\u0131zas\u0131n\u0131 yitirmi\u015f, g\u00fcven vermeyen anlat\u0131c\u0131lar ya da \u00f6l\u00fc karakterlerle akl\u0131m\u0131z\u0131 kar\u0131\u015ft\u0131r\u0131rken, klasik-olmayan eylemleri ve olaylar\u0131, klasik-olmayan karakterlerin<span class=\"excerpt-hellip\"> [\u2026]<\/span><\/p>\n","protected":false},"featured_media":0,"template":"","meta":{"_monsterinsights_skip_tracking":false,"_monsterinsights_sitenote_active":false,"_monsterinsights_sitenote_note":"","_monsterinsights_sitenote_category":0},"product_brand":[],"product_cat":[12409,12408],"product_tag":[],"class_list":{"0":"post-702962","1":"product","2":"type-product","3":"status-publish","5":"product_cat-fotograf-sinema-tiyatro","6":"product_cat-sanat","7":"pa_cilt-ciltsiz","8":"pa_tur-kitap","9":"pa_yayinevi-say-yayinlari","10":"pa_yazar-warren-buckland","12":"first","13":"instock","14":"sale","15":"shipping-taxable","16":"purchasable","17":"product-type-simple"},"_links":{"self":[{"href":"https:\/\/roveyayinevi.com.tr\/index.php\/wp-json\/wp\/v2\/product\/702962","targetHints":{"allow":["GET"]}}],"collection":[{"href":"https:\/\/roveyayinevi.com.tr\/index.php\/wp-json\/wp\/v2\/product"}],"about":[{"href":"https:\/\/roveyayinevi.com.tr\/index.php\/wp-json\/wp\/v2\/types\/product"}],"wp:attachment":[{"href":"https:\/\/roveyayinevi.com.tr\/index.php\/wp-json\/wp\/v2\/media?parent=702962"}],"wp:term":[{"taxonomy":"product_brand","embeddable":true,"href":"https:\/\/roveyayinevi.com.tr\/index.php\/wp-json\/wp\/v2\/product_brand?post=702962"},{"taxonomy":"product_cat","embeddable":true,"href":"https:\/\/roveyayinevi.com.tr\/index.php\/wp-json\/wp\/v2\/product_cat?post=702962"},{"taxonomy":"product_tag","embeddable":true,"href":"https:\/\/roveyayinevi.com.tr\/index.php\/wp-json\/wp\/v2\/product_tag?post=702962"}],"curies":[{"name":"wp","href":"https:\/\/api.w.org\/{rel}","templated":true}]}}