{"id":702961,"date":"2025-08-27T15:20:41","date_gmt":"2025-08-27T12:20:41","guid":{"rendered":"https:\/\/roveyayinevi.com.tr\/index.php\/urun\/gelincik-dizisi-kumluktaki-yavru-marti\/"},"modified":"2026-04-16T02:11:56","modified_gmt":"2026-04-15T23:11:56","slug":"gelincik-dizisi-kumluktaki-yavru-marti","status":"publish","type":"product","link":"https:\/\/roveyayinevi.com.tr\/index.php\/urun\/gelincik-dizisi-kumluktaki-yavru-marti\/","title":{"rendered":"Gelincik Dizisi : Kumluktaki Yavru Mart\u0131"},"content":{"rendered":"<p>Ak\u015fam\u00fcst\u00fc, \u00e7ocuklar deniz k\u0131y\u0131s\u0131ndaki kumlu\u011fa dolmu\u015flard\u0131. Kalabal\u0131\u011f\u0131n orta yerinde, boz renkli bir mart\u0131 yavrusu vard\u0131. T\u00fcylerini kabartm\u0131\u015f, \u00fcrkek \u00fcrkek \u00e7evresine bak\u0131yordu. \u00c7ocuklar, onun \u00fczerine tart\u0131\u015fmaya giri\u015fmi\u015flerdi. G\u00fcrcan: En iyisi, dedi, birimiz elimize al\u0131p yaras\u0131n\u0131n yerini bulal\u0131m. Evdekilere dan\u0131\u015f\u0131r, merhem filan s\u00fcreriz. K\u0131r\u0131\u011f\u0131 \u00e7\u0131k\u0131\u011f\u0131 varsa, sarar sarmalar\u0131z.<\/p>\n","protected":false},"excerpt":{"rendered":"<p>Ak\u015fam\u00fcst\u00fc, \u00e7ocuklar deniz k\u0131y\u0131s\u0131ndaki kumlu\u011fa dolmu\u015flard\u0131. Kalabal\u0131\u011f\u0131n orta yerinde, boz renkli bir mart\u0131 yavrusu vard\u0131. T\u00fcylerini kabartm\u0131\u015f, \u00fcrkek \u00fcrkek \u00e7evresine bak\u0131yordu. \u00c7ocuklar, onun \u00fczerine tart\u0131\u015fmaya giri\u015fmi\u015flerdi.<span class=\"excerpt-hellip\"> [\u2026]<\/span><\/p>\n","protected":false},"featured_media":0,"template":"","meta":{"_monsterinsights_skip_tracking":false,"_monsterinsights_sitenote_active":false,"_monsterinsights_sitenote_note":"","_monsterinsights_sitenote_category":0},"product_brand":[],"product_cat":[12274,12284],"product_tag":[],"class_list":{"0":"post-702961","1":"product","2":"type-product","3":"status-publish","5":"product_cat-cocuk-ve-genclik-kitaplari","6":"product_cat-hikayeler","7":"pa_cilt-ciltsiz","8":"pa_tur-kitap","9":"pa_yayinevi-altin-kitaplar-ozel-urun","10":"pa_yazar-gulten-dayioglu","12":"first","13":"instock","14":"sale","15":"shipping-taxable","16":"purchasable","17":"product-type-simple"},"_links":{"self":[{"href":"https:\/\/roveyayinevi.com.tr\/index.php\/wp-json\/wp\/v2\/product\/702961","targetHints":{"allow":["GET"]}}],"collection":[{"href":"https:\/\/roveyayinevi.com.tr\/index.php\/wp-json\/wp\/v2\/product"}],"about":[{"href":"https:\/\/roveyayinevi.com.tr\/index.php\/wp-json\/wp\/v2\/types\/product"}],"wp:attachment":[{"href":"https:\/\/roveyayinevi.com.tr\/index.php\/wp-json\/wp\/v2\/media?parent=702961"}],"wp:term":[{"taxonomy":"product_brand","embeddable":true,"href":"https:\/\/roveyayinevi.com.tr\/index.php\/wp-json\/wp\/v2\/product_brand?post=702961"},{"taxonomy":"product_cat","embeddable":true,"href":"https:\/\/roveyayinevi.com.tr\/index.php\/wp-json\/wp\/v2\/product_cat?post=702961"},{"taxonomy":"product_tag","embeddable":true,"href":"https:\/\/roveyayinevi.com.tr\/index.php\/wp-json\/wp\/v2\/product_tag?post=702961"}],"curies":[{"name":"wp","href":"https:\/\/api.w.org\/{rel}","templated":true}]}}