{"id":702960,"date":"2025-08-27T15:20:41","date_gmt":"2025-08-27T12:20:41","guid":{"rendered":"https:\/\/roveyayinevi.com.tr\/index.php\/urun\/kara-kule-vii-kule\/"},"modified":"2026-04-16T02:11:56","modified_gmt":"2026-04-15T23:11:56","slug":"kara-kule-vii-kule","status":"publish","type":"product","link":"https:\/\/roveyayinevi.com.tr\/index.php\/urun\/kara-kule-vii-kule\/","title":{"rendered":"Kara Kule VII &#8211; Kule"},"content":{"rendered":"<p>Herkes bir yana da\u011f\u0131ld\u0131\u011f\u0131 halde Roland&#8217;\u0131n ka-tet&#8217;i hen\u00fcz bir b\u00fct\u00fcn halindedir. Susannah-Mia (1999 yaz\u0131nda), Dixie Pig&#8217;den Fedic do\u011fum odas\u0131na -asl\u0131nda buras\u0131 bir deh\u015fetler odas\u0131d\u0131r- ta\u015f\u0131n\u0131r. Jake ve Peder Callahan, Oy ile birlikte ellerinde silahlarla Lexington Caddesi ile Altm\u0131\u015f Birinci Sokak&#8217;\u0131n k\u00f6\u015fesindeki restorana dalarlar. D\u00fc\u015fmanlar\u0131n\u0131n say\u0131s\u0131n\u0131 ve ne denli tehlikeli olduklar\u0131n\u0131 bilmemektedirler. Bu arada Roland ve Eddie 1977&#8217;de Maine&#8217;de, John Cullum ile gaipten gelenlerin b\u00f6lgesi olan Turtleback Yolu&#8217;nu aramaktad\u0131rlar. \u00dcmitsizce di\u011ferlerinin, \u00f6zellikle Susannah&#8217;n\u0131n yan\u0131na ula\u015fmak istemektedirler. Ama sonunda yaln\u0131zca ge\u00e7i\u015f yapmak istedikleri d\u00fcnyan\u0131n \u00f6nemli oldu\u011funu fark ederler.\u2022 \u2022 \u2022B\u00f6ylece, roman t\u0131pk\u0131 Stephen King&#8217;in hayal d\u00fcnyas\u0131n\u0131n en \u00fcst s\u0131n\u0131r\u0131na a\u00e7\u0131lan bir kap\u0131 gibi a\u00e7\u0131l\u0131r. Bunca yol kat edip buraya geldiniz. Belki arkan\u0131zdan bir kap\u0131n\u0131n \u00e7arparak kapand\u0131\u011f\u0131n\u0131 duyacaks\u0131n\u0131z. Kara Kule&#8217;ye ho\u015f geldiniz. <\/p>\n","protected":false},"excerpt":{"rendered":"<p>Herkes bir yana da\u011f\u0131ld\u0131\u011f\u0131 halde Roland&#8217;\u0131n ka-tet&#8217;i hen\u00fcz bir b\u00fct\u00fcn halindedir. Susannah-Mia (1999 yaz\u0131nda), Dixie Pig&#8217;den Fedic do\u011fum odas\u0131na -asl\u0131nda buras\u0131 bir deh\u015fetler odas\u0131d\u0131r- ta\u015f\u0131n\u0131r. Jake<span class=\"excerpt-hellip\"> [\u2026]<\/span><\/p>\n","protected":false},"featured_media":0,"template":"","meta":{"_monsterinsights_skip_tracking":false,"_monsterinsights_sitenote_active":false,"_monsterinsights_sitenote_note":"","_monsterinsights_sitenote_category":0},"product_brand":[],"product_cat":[12291,17033],"product_tag":[],"class_list":{"0":"post-702960","1":"product","2":"type-product","3":"status-publish","5":"product_cat-edebiyat","6":"product_cat-korku-gerilim","7":"pa_cilt-ciltsiz","8":"pa_tur-kitap","9":"pa_yayinevi-altin-kitaplar","10":"pa_yazar-stephen-king","12":"first","13":"instock","14":"sale","15":"shipping-taxable","16":"purchasable","17":"product-type-simple"},"_links":{"self":[{"href":"https:\/\/roveyayinevi.com.tr\/index.php\/wp-json\/wp\/v2\/product\/702960","targetHints":{"allow":["GET"]}}],"collection":[{"href":"https:\/\/roveyayinevi.com.tr\/index.php\/wp-json\/wp\/v2\/product"}],"about":[{"href":"https:\/\/roveyayinevi.com.tr\/index.php\/wp-json\/wp\/v2\/types\/product"}],"wp:attachment":[{"href":"https:\/\/roveyayinevi.com.tr\/index.php\/wp-json\/wp\/v2\/media?parent=702960"}],"wp:term":[{"taxonomy":"product_brand","embeddable":true,"href":"https:\/\/roveyayinevi.com.tr\/index.php\/wp-json\/wp\/v2\/product_brand?post=702960"},{"taxonomy":"product_cat","embeddable":true,"href":"https:\/\/roveyayinevi.com.tr\/index.php\/wp-json\/wp\/v2\/product_cat?post=702960"},{"taxonomy":"product_tag","embeddable":true,"href":"https:\/\/roveyayinevi.com.tr\/index.php\/wp-json\/wp\/v2\/product_tag?post=702960"}],"curies":[{"name":"wp","href":"https:\/\/api.w.org\/{rel}","templated":true}]}}