{"id":702959,"date":"2025-08-27T15:20:40","date_gmt":"2025-08-27T12:20:40","guid":{"rendered":"https:\/\/roveyayinevi.com.tr\/index.php\/urun\/otoportre\/"},"modified":"2026-04-16T02:11:56","modified_gmt":"2026-04-15T23:11:56","slug":"otoportre","status":"publish","type":"product","link":"https:\/\/roveyayinevi.com.tr\/index.php\/urun\/otoportre\/","title":{"rendered":"Otoportre"},"content":{"rendered":"<p>Edouard Leve bu eserinde hi\u00e7bir gizlisi sakl\u0131s\u0131 olmadan t\u00fcm benli\u011fini okura a\u00e7\u0131yor. Hatta diyebiliriz ki, samimiyet mefhumunu da a\u015farak okur kar\u015f\u0131s\u0131nda sahiden \u00e7\u0131r\u0131l\u00e7\u0131plak kal\u0131yor. Okuru yer yer kendisiyle \u00f6zde\u015fle\u015ftiren, yer yer k\u0131skand\u0131ran, utand\u0131ran, k\u0131zd\u0131ran bir \u00fcslup var kar\u015f\u0131m\u0131zda. Nefes almadan yaz\u0131lan, c\u00fcmleleri akla geldi\u011fi gibi s\u0131ralanan, ger\u00e7eklikle kurmacan\u0131n i\u00e7 i\u00e7e ge\u00e7ti\u011fi Otoportre, t\u0131pk\u0131 yaz\u0131ld\u0131\u011f\u0131 \u015fekilde okunmaya davetiye \u00e7\u0131kar\u0131yor. Daha da \u00f6nemlisi, Leve\u2019i \u0130ntihar\u2019\u0131 yazmaya ve yazd\u0131\u011f\u0131n\u0131 ya\u015famaya, kendi can\u0131n\u0131 almaya g\u00f6t\u00fcren yolun ta\u015flar\u0131n\u0131n nas\u0131l d\u00f6\u015fendi\u011finin ipu\u00e7lar\u0131 Otoportre\u2019de yer al\u0131yor. \ufffcTan\u0131t\u0131m Metni<\/p>\n","protected":false},"excerpt":{"rendered":"<p>Edouard Leve bu eserinde hi\u00e7bir gizlisi sakl\u0131s\u0131 olmadan t\u00fcm benli\u011fini okura a\u00e7\u0131yor. Hatta diyebiliriz ki, samimiyet mefhumunu da a\u015farak okur kar\u015f\u0131s\u0131nda sahiden \u00e7\u0131r\u0131l\u00e7\u0131plak kal\u0131yor. Okuru yer<span class=\"excerpt-hellip\"> [\u2026]<\/span><\/p>\n","protected":false},"featured_media":0,"template":"","meta":{"_monsterinsights_skip_tracking":false,"_monsterinsights_sitenote_active":false,"_monsterinsights_sitenote_note":"","_monsterinsights_sitenote_category":0},"product_brand":[],"product_cat":[12777,12291],"product_tag":[],"class_list":{"0":"post-702959","1":"product","2":"type-product","3":"status-publish","5":"product_cat-deneme","6":"product_cat-edebiyat","7":"pa_cilt-ciltsiz","8":"pa_tur-kitap","9":"pa_yayinevi-sel-yayincilik","10":"pa_yazar-edouard-leve","12":"first","13":"instock","14":"sale","15":"shipping-taxable","16":"purchasable","17":"product-type-simple"},"_links":{"self":[{"href":"https:\/\/roveyayinevi.com.tr\/index.php\/wp-json\/wp\/v2\/product\/702959","targetHints":{"allow":["GET"]}}],"collection":[{"href":"https:\/\/roveyayinevi.com.tr\/index.php\/wp-json\/wp\/v2\/product"}],"about":[{"href":"https:\/\/roveyayinevi.com.tr\/index.php\/wp-json\/wp\/v2\/types\/product"}],"wp:attachment":[{"href":"https:\/\/roveyayinevi.com.tr\/index.php\/wp-json\/wp\/v2\/media?parent=702959"}],"wp:term":[{"taxonomy":"product_brand","embeddable":true,"href":"https:\/\/roveyayinevi.com.tr\/index.php\/wp-json\/wp\/v2\/product_brand?post=702959"},{"taxonomy":"product_cat","embeddable":true,"href":"https:\/\/roveyayinevi.com.tr\/index.php\/wp-json\/wp\/v2\/product_cat?post=702959"},{"taxonomy":"product_tag","embeddable":true,"href":"https:\/\/roveyayinevi.com.tr\/index.php\/wp-json\/wp\/v2\/product_tag?post=702959"}],"curies":[{"name":"wp","href":"https:\/\/api.w.org\/{rel}","templated":true}]}}