{"id":702958,"date":"2025-08-27T15:20:40","date_gmt":"2025-08-27T12:20:40","guid":{"rendered":"https:\/\/roveyayinevi.com.tr\/index.php\/urun\/kanit-pesinde-1-macera-gecidi\/"},"modified":"2026-04-16T02:11:56","modified_gmt":"2026-04-15T23:11:56","slug":"kanit-pesinde-1-macera-gecidi","status":"publish","type":"product","link":"https:\/\/roveyayinevi.com.tr\/index.php\/urun\/kanit-pesinde-1-macera-gecidi\/","title":{"rendered":"Kan\u0131t Pe\u015finde 1 &#8211; Macera Ge\u00e7idi"},"content":{"rendered":"<p>\u00dcnl\u00fc yazar Ahmet \u015eanl\u0131, bir s\u00f6yle\u015fi i\u00e7in evine gitti\u011finiz s\u0131rada, \u00f6ld\u00fcr\u00fcl\u00fcr. G\u00f6rg\u00fc tan\u0131klar\u0131 sizi katil olmakla su\u00e7larken, t\u00fcm kan\u0131tlar da onlar\u0131 desteklemektedir. Polis, tutuklamak i\u00e7in her yerde sizi aramaktad\u0131r. Bir yandan ka\u00e7\u0131p saklanmak, bir yandan da \u00fczerinize kalan bu su\u00e7tan kurtulmak i\u00e7in kan\u0131t bulmak zorundas\u0131n\u0131z. Yoksa t\u00fcm ya\u015fam\u0131n\u0131z\u0131 demir parmakl\u0131klar\u0131n ard\u0131nda ge\u00e7irebilirsiniz. Bu kitapta tam 14 son var. Kimi iyi, kimi k\u00f6t\u00fc&#8230; Ger\u00e7ek su\u00e7luyu bulup ya\u015fam\u0131n\u0131z\u0131 zengin ve \u00fcnl\u00fc biri olarak s\u00fcrd\u00fcrebilirsiniz. Ya da d\u00fc\u015ft\u00fc\u011f\u00fcn\u00fcz tuzakta ya\u015fam\u0131n\u0131zdan olabilirsiniz&#8230; Bunu, roman\u0131 okurken verece\u011finiz kararlar belirleyecek! <\/p>\n","protected":false},"excerpt":{"rendered":"<p>\u00dcnl\u00fc yazar Ahmet \u015eanl\u0131, bir s\u00f6yle\u015fi i\u00e7in evine gitti\u011finiz s\u0131rada, \u00f6ld\u00fcr\u00fcl\u00fcr. G\u00f6rg\u00fc tan\u0131klar\u0131 sizi katil olmakla su\u00e7larken, t\u00fcm kan\u0131tlar da onlar\u0131 desteklemektedir. Polis, tutuklamak i\u00e7in her<span class=\"excerpt-hellip\"> [\u2026]<\/span><\/p>\n","protected":false},"featured_media":0,"template":"","meta":{"_monsterinsights_skip_tracking":false,"_monsterinsights_sitenote_active":false,"_monsterinsights_sitenote_note":"","_monsterinsights_sitenote_category":0},"product_brand":[],"product_cat":[12291,12711],"product_tag":[],"class_list":{"0":"post-702958","1":"product","2":"type-product","3":"status-publish","5":"product_cat-edebiyat","6":"product_cat-roman-oyku","7":"pa_cilt-ciltli","8":"pa_tur-kitap","9":"pa_yayinevi-genc-hayat","10":"pa_yazar-tuncel-altinkopru","12":"first","13":"instock","14":"sale","15":"shipping-taxable","16":"purchasable","17":"product-type-simple"},"_links":{"self":[{"href":"https:\/\/roveyayinevi.com.tr\/index.php\/wp-json\/wp\/v2\/product\/702958","targetHints":{"allow":["GET"]}}],"collection":[{"href":"https:\/\/roveyayinevi.com.tr\/index.php\/wp-json\/wp\/v2\/product"}],"about":[{"href":"https:\/\/roveyayinevi.com.tr\/index.php\/wp-json\/wp\/v2\/types\/product"}],"wp:attachment":[{"href":"https:\/\/roveyayinevi.com.tr\/index.php\/wp-json\/wp\/v2\/media?parent=702958"}],"wp:term":[{"taxonomy":"product_brand","embeddable":true,"href":"https:\/\/roveyayinevi.com.tr\/index.php\/wp-json\/wp\/v2\/product_brand?post=702958"},{"taxonomy":"product_cat","embeddable":true,"href":"https:\/\/roveyayinevi.com.tr\/index.php\/wp-json\/wp\/v2\/product_cat?post=702958"},{"taxonomy":"product_tag","embeddable":true,"href":"https:\/\/roveyayinevi.com.tr\/index.php\/wp-json\/wp\/v2\/product_tag?post=702958"}],"curies":[{"name":"wp","href":"https:\/\/api.w.org\/{rel}","templated":true}]}}