{"id":702957,"date":"2025-08-27T15:20:40","date_gmt":"2025-08-27T12:20:40","guid":{"rendered":"https:\/\/roveyayinevi.com.tr\/index.php\/urun\/karanlik-lise\/"},"modified":"2026-04-16T02:11:56","modified_gmt":"2026-04-15T23:11:56","slug":"karanlik-lise","status":"publish","type":"product","link":"https:\/\/roveyayinevi.com.tr\/index.php\/urun\/karanlik-lise\/","title":{"rendered":"Karanl\u0131k Lise"},"content":{"rendered":"<p>Arkada\u015fl\u0131klar, a\u015fk, aile, okul\u2026 Hayat\u0131n\u0131zda her \u015fey m\u00fckemmelken, elinizdekilerin fark\u0131na tam olarak varamazs\u0131n\u0131z\u2026 On yedi ya\u015f\u0131ndaki G\u00fcne\u015f, anne babas\u0131n\u0131 ve k\u00fc\u00e7\u00fck karde\u015fini kaybettikten sonra, ya\u015fad\u0131\u011f\u0131 ac\u0131lar\u0131n ard\u0131ndan hayat\u0131na devam etmek istiyordu. G\u00fc\u00e7l\u00fc olmak zorundayd\u0131. Eski okulundan i\u015flemedi\u011fi bir su\u00e7 y\u00fcz\u00fcnden at\u0131l\u0131nca, kendini &#8220;Ba\u015fka yere kabul edilmeyenlerin gitti\u011fi okulda&#8221; buldu. Karanl\u0131k ge\u00e7mi\u015fleri olan insanlar\u0131n topland\u0131\u011f\u0131 bu okulda; -G\u00fcne\u015f nas\u0131l ayakta kalacakt\u0131? -B\u00f6yle bir okulda dost edinebilir miydi? -En \u00f6nemlisi, bu karanl\u0131k okulun en karanl\u0131k \u00f6\u011frencisi olan Demir&#8217;in kar\u015f\u0131s\u0131nda kalbini koruyabilecek miydi? -Ya saf, hayat\u0131 kay\u0131plarla ve g\u00f6zya\u015flar\u0131yla dolu olan G\u00fcne\u015f,Demir&#8217;in g\u00f6lgesine raz\u0131 olursa? Buras\u0131, Karanl\u0131k Lise&#8230;Buras\u0131, G\u00fcne\u015f i\u00e7in sadece bir ba\u015flang\u0131\u00e7\u2026 (Tan\u0131t\u0131m B\u00fclteninden) \ufffcTan\u0131t\u0131m Metni<\/p>\n","protected":false},"excerpt":{"rendered":"<p>Arkada\u015fl\u0131klar, a\u015fk, aile, okul\u2026 Hayat\u0131n\u0131zda her \u015fey m\u00fckemmelken, elinizdekilerin fark\u0131na tam olarak varamazs\u0131n\u0131z\u2026 On yedi ya\u015f\u0131ndaki G\u00fcne\u015f, anne babas\u0131n\u0131 ve k\u00fc\u00e7\u00fck karde\u015fini kaybettikten sonra, ya\u015fad\u0131\u011f\u0131 ac\u0131lar\u0131n<span class=\"excerpt-hellip\"> [\u2026]<\/span><\/p>\n","protected":false},"featured_media":0,"template":"","meta":{"_monsterinsights_skip_tracking":false,"_monsterinsights_sitenote_active":false,"_monsterinsights_sitenote_note":"","_monsterinsights_sitenote_category":0},"product_brand":[],"product_cat":[12291,12711],"product_tag":[],"class_list":{"0":"post-702957","1":"product","2":"type-product","3":"status-publish","5":"product_cat-edebiyat","6":"product_cat-roman-oyku","7":"pa_cilt-ciltsiz","8":"pa_tur-kitap","9":"pa_yayinevi-epsilon-yayinlari","10":"pa_yazar-alya-oztanyel","12":"first","13":"instock","14":"sale","15":"shipping-taxable","16":"purchasable","17":"product-type-simple"},"_links":{"self":[{"href":"https:\/\/roveyayinevi.com.tr\/index.php\/wp-json\/wp\/v2\/product\/702957","targetHints":{"allow":["GET"]}}],"collection":[{"href":"https:\/\/roveyayinevi.com.tr\/index.php\/wp-json\/wp\/v2\/product"}],"about":[{"href":"https:\/\/roveyayinevi.com.tr\/index.php\/wp-json\/wp\/v2\/types\/product"}],"wp:attachment":[{"href":"https:\/\/roveyayinevi.com.tr\/index.php\/wp-json\/wp\/v2\/media?parent=702957"}],"wp:term":[{"taxonomy":"product_brand","embeddable":true,"href":"https:\/\/roveyayinevi.com.tr\/index.php\/wp-json\/wp\/v2\/product_brand?post=702957"},{"taxonomy":"product_cat","embeddable":true,"href":"https:\/\/roveyayinevi.com.tr\/index.php\/wp-json\/wp\/v2\/product_cat?post=702957"},{"taxonomy":"product_tag","embeddable":true,"href":"https:\/\/roveyayinevi.com.tr\/index.php\/wp-json\/wp\/v2\/product_tag?post=702957"}],"curies":[{"name":"wp","href":"https:\/\/api.w.org\/{rel}","templated":true}]}}