{"id":702956,"date":"2025-08-27T15:20:39","date_gmt":"2025-08-27T12:20:39","guid":{"rendered":"https:\/\/roveyayinevi.com.tr\/index.php\/urun\/egitim-psikolojisi-3\/"},"modified":"2026-04-16T02:11:56","modified_gmt":"2026-04-15T23:11:56","slug":"egitim-psikolojisi-3","status":"publish","type":"product","link":"https:\/\/roveyayinevi.com.tr\/index.php\/urun\/egitim-psikolojisi-3\/","title":{"rendered":"E\u011fitim Psikolojisi"},"content":{"rendered":"<p>2005 y\u0131l\u0131nda Geli\u015fim ve \u00f6\u011frenme Psikolojisi ad\u0131yla bas\u0131lan kitap, pedagojik formasyon ders isimlerinin de\u011fi\u015fmesi nedeni ile d\u00fczeltmeler ve eklemeler yap\u0131larak E\u011fitim Psikolojisi ad\u0131yla yeniden d\u00fczenlenmi\u015ftir. B\u00fct\u00fcn b\u00f6l\u00fcmler yeniden g\u00f6zden ge\u00e7irilmi\u015f, eklemeler yap\u0131lm\u0131\u015f ve ayr\u0131ca kitaba, temel kavramlar, beyin temelli \u00f6\u011frenme, yap\u0131land\u0131rmac\u0131 model ve motivasyon b\u00f6l\u00fcmleri eklenmi\u015ftir. \ufffcTan\u0131t\u0131m Metni<\/p>\n","protected":false},"excerpt":{"rendered":"<p>2005 y\u0131l\u0131nda Geli\u015fim ve \u00f6\u011frenme Psikolojisi ad\u0131yla bas\u0131lan kitap, pedagojik formasyon ders isimlerinin de\u011fi\u015fmesi nedeni ile d\u00fczeltmeler ve eklemeler yap\u0131larak E\u011fitim Psikolojisi ad\u0131yla yeniden d\u00fczenlenmi\u015ftir. B\u00fct\u00fcn<span class=\"excerpt-hellip\"> [\u2026]<\/span><\/p>\n","protected":false},"featured_media":0,"template":"","meta":{"_monsterinsights_skip_tracking":false,"_monsterinsights_sitenote_active":false,"_monsterinsights_sitenote_note":"","_monsterinsights_sitenote_category":0},"product_brand":[],"product_cat":[25175,12357],"product_tag":[],"class_list":{"0":"post-702956","1":"product","2":"type-product","3":"status-publish","5":"product_cat-egitim-psikolojisi","6":"product_cat-psikoloji","7":"pa_cilt-ciltsiz","8":"pa_tur-kitap","9":"pa_yayinevi-ani-yayincilik","10":"pa_yazar-senay-yapici","12":"first","13":"instock","14":"sale","15":"shipping-taxable","16":"purchasable","17":"product-type-simple"},"_links":{"self":[{"href":"https:\/\/roveyayinevi.com.tr\/index.php\/wp-json\/wp\/v2\/product\/702956","targetHints":{"allow":["GET"]}}],"collection":[{"href":"https:\/\/roveyayinevi.com.tr\/index.php\/wp-json\/wp\/v2\/product"}],"about":[{"href":"https:\/\/roveyayinevi.com.tr\/index.php\/wp-json\/wp\/v2\/types\/product"}],"wp:attachment":[{"href":"https:\/\/roveyayinevi.com.tr\/index.php\/wp-json\/wp\/v2\/media?parent=702956"}],"wp:term":[{"taxonomy":"product_brand","embeddable":true,"href":"https:\/\/roveyayinevi.com.tr\/index.php\/wp-json\/wp\/v2\/product_brand?post=702956"},{"taxonomy":"product_cat","embeddable":true,"href":"https:\/\/roveyayinevi.com.tr\/index.php\/wp-json\/wp\/v2\/product_cat?post=702956"},{"taxonomy":"product_tag","embeddable":true,"href":"https:\/\/roveyayinevi.com.tr\/index.php\/wp-json\/wp\/v2\/product_tag?post=702956"}],"curies":[{"name":"wp","href":"https:\/\/api.w.org\/{rel}","templated":true}]}}