{"id":702955,"date":"2025-08-27T15:20:39","date_gmt":"2025-08-27T12:20:39","guid":{"rendered":"https:\/\/roveyayinevi.com.tr\/index.php\/urun\/savasin-gelecegi\/"},"modified":"2026-04-16T02:11:56","modified_gmt":"2026-04-15T23:11:56","slug":"savasin-gelecegi","status":"publish","type":"product","link":"https:\/\/roveyayinevi.com.tr\/index.php\/urun\/savasin-gelecegi\/","title":{"rendered":"Sava\u015f\u0131n Gelece\u011fi"},"content":{"rendered":"<p>\u0130nsanl\u0131k tarihi boyunca teknoloji, sava\u015flar\u0131n sonu\u00e7lar\u0131n\u0131 ve uluslar\u0131n kaderini belirledi. Bilgi \u00e7a\u011f\u0131na girdi\u011fimiz 21. Y\u00fczy\u0131lda sava\u015flar art\u0131k al\u0131\u015ft\u0131\u011f\u0131m\u0131z gibi olmayacak.Siber Sava\u015f Komutanl\u0131\u011f\u0131\u2019n\u0131 kuran ABD b\u00fct\u00fcn d\u00fcnya i\u00e7in bir \u00f6rnek te\u015fkil etti. B\u00fct\u00fcn silahlar\u0131n bilgisayar kontrol\u00fcnde olaca\u011f\u0131 gelecekte siber sava\u015f ve bilgisayar g\u00fcvenli\u011fi t\u00fcm d\u00fcnya ordular\u0131n\u0131n bir numaral\u0131 \u00f6nceli\u011fi olacak. Yirmi birinci y\u00fczy\u0131lda n\u00fckleer silahlar t\u00fcm ge\u00e7erliliklerini ve cayd\u0131r\u0131c\u0131l\u0131klar\u0131n\u0131 yitirecekler. Bu \u00e7ok pahal\u0131 ama cayd\u0131r\u0131c\u0131l\u0131\u011f\u0131 k\u0131s\u0131tl\u0131 silahlar\u0131 kullanarak hi\u00e7bir \u00fclke ama\u00e7lar\u0131na ula\u015famayaca\u011f\u0131n\u0131 anlayacak.D\u00fcnya ticaretini kontrol eden, d\u00fcnyay\u0131 kontrol eder. ABD k\u00fcresel bir g\u00fc\u00e7 olmaya devam etmek i\u00e7in d\u00fcnya ticaretinin iki ana damar\u0131 olan Atlantik ve Pasifik Okyanusu ticaret yollar\u0131n\u0131 denetimi alt\u0131nda tutmak zorundad\u0131r.Sava\u015f uydular\u0131 d\u00fcnyadaki t\u00fcm \u00e7at\u0131\u015fma b\u00f6lgeleri hakk\u0131nda detayl\u0131 bilgiye sahip olacak ve insans\u0131z hava ara\u00e7lar\u0131na anl\u0131k talimatlar verecek. Uzaydaki stratejik uydu noktalar\u0131, yeni sava\u015flar\u0131n sebebi olacak. Uzaydaki uydular\u0131 kontrol edebilen ve insans\u0131z hava u\u00e7aklar\u0131n\u0131 y\u00f6nlendirebilen uluslar sava\u015flar\u0131n galibi olacak.Tanklar\u0131n, u\u00e7ak gemilerinin ve jet u\u00e7aklar\u0131n\u0131n devri kapan\u0131yor. Gelecekte pahal\u0131 ve hantal silahlar\u0131n yerini ucuz, esnek ve manevra kabiliyeti \u00e7ok daha y\u00fcksek silahlar alacak. Hassas g\u00fcd\u00fcml\u00fc silahlar sava\u015flardaki \u00f6l\u00fc ve yaral\u0131 say\u0131s\u0131n\u0131 azaltacak, sava\u015flar\u0131n \u00e7ehresi tamamen de\u011fi\u015fecek.Gelecekteki sava\u015flarda balistik f\u00fczelerin ve m\u00fchimmat\u0131n yerini ak\u0131ll\u0131 silahlar alacak. Hedefi etkisiz hale getirmek i\u00e7in y\u00fczlerce at\u0131\u015f yapmas\u0131 gereken geleneksel top\u00e7u kuvvetlerinin yerine ak\u0131ll\u0131 silahlar herhangi bir uzakl\u0131ktan kesin at\u0131\u015flar yapabilecek.Ge\u00e7ti\u011fimiz y\u00fczy\u0131l\u0131n sava\u015f teknolojileri ge\u00e7erliliklerini yitirirken yeni silahlar onlar\u0131n yerini alacak. Tanklar ve u\u00e7ak gemileri gibi b\u00fcy\u00fck ve pahal\u0131 sava\u015f sistemleri, yerlerini \u00e7ok daha ucuz ve k\u00fc\u00e7\u00fck \u00e7apl\u0131 ama \u00e7ok daha etkili silahlara b\u0131rakacak. Uydu y\u00f6nlendirmeleri ve bilgisayarlar sayesinde silahlar\u0131n art\u0131k sava\u015f b\u00f6lgelerinde konumland\u0131r\u0131lmalar\u0131 gerekmeyecek. Sava\u015flar\u0131n en stratejik bile\u015fenleri uydular ve bili\u015fim teknolojileri olacak.<\/p>\n","protected":false},"excerpt":{"rendered":"<p>\u0130nsanl\u0131k tarihi boyunca teknoloji, sava\u015flar\u0131n sonu\u00e7lar\u0131n\u0131 ve uluslar\u0131n kaderini belirledi. Bilgi \u00e7a\u011f\u0131na girdi\u011fimiz 21. Y\u00fczy\u0131lda sava\u015flar art\u0131k al\u0131\u015ft\u0131\u011f\u0131m\u0131z gibi olmayacak.Siber Sava\u015f Komutanl\u0131\u011f\u0131\u2019n\u0131 kuran ABD b\u00fct\u00fcn d\u00fcnya<span class=\"excerpt-hellip\"> [\u2026]<\/span><\/p>\n","protected":false},"featured_media":0,"template":"","meta":{"_monsterinsights_skip_tracking":false,"_monsterinsights_sitenote_active":false,"_monsterinsights_sitenote_note":"","_monsterinsights_sitenote_category":0},"product_brand":[],"product_cat":[13059,12337],"product_tag":[],"class_list":{"0":"post-702955","1":"product","2":"type-product","3":"status-publish","5":"product_cat-diger-politika-siyaset","6":"product_cat-politika-siyaset","7":"pa_cilt-ciltsiz","8":"pa_tur-kitap","9":"pa_yayinevi-pegasus-yayinlari","10":"pa_yazar-george-friedman","12":"first","13":"instock","14":"sale","15":"shipping-taxable","16":"purchasable","17":"product-type-simple"},"_links":{"self":[{"href":"https:\/\/roveyayinevi.com.tr\/index.php\/wp-json\/wp\/v2\/product\/702955","targetHints":{"allow":["GET"]}}],"collection":[{"href":"https:\/\/roveyayinevi.com.tr\/index.php\/wp-json\/wp\/v2\/product"}],"about":[{"href":"https:\/\/roveyayinevi.com.tr\/index.php\/wp-json\/wp\/v2\/types\/product"}],"wp:attachment":[{"href":"https:\/\/roveyayinevi.com.tr\/index.php\/wp-json\/wp\/v2\/media?parent=702955"}],"wp:term":[{"taxonomy":"product_brand","embeddable":true,"href":"https:\/\/roveyayinevi.com.tr\/index.php\/wp-json\/wp\/v2\/product_brand?post=702955"},{"taxonomy":"product_cat","embeddable":true,"href":"https:\/\/roveyayinevi.com.tr\/index.php\/wp-json\/wp\/v2\/product_cat?post=702955"},{"taxonomy":"product_tag","embeddable":true,"href":"https:\/\/roveyayinevi.com.tr\/index.php\/wp-json\/wp\/v2\/product_tag?post=702955"}],"curies":[{"name":"wp","href":"https:\/\/api.w.org\/{rel}","templated":true}]}}