{"id":702954,"date":"2025-08-27T15:20:39","date_gmt":"2025-08-27T12:20:39","guid":{"rendered":"https:\/\/roveyayinevi.com.tr\/index.php\/urun\/egitim-psikolojisi-2\/"},"modified":"2026-04-16T02:11:56","modified_gmt":"2026-04-15T23:11:56","slug":"egitim-psikolojisi-2","status":"publish","type":"product","link":"https:\/\/roveyayinevi.com.tr\/index.php\/urun\/egitim-psikolojisi-2\/","title":{"rendered":"E\u011fitim Psikolojisi"},"content":{"rendered":"<p>\u00d6\u011fretmenlik, bir ulusun ve \u00fclkenin gelece\u011fini haz\u0131rlama sorumlulu\u011fu \u00f6nemli ve \u00f6zel bir uzmanl\u0131k alan\u0131d\u0131r. \u00d6\u011fretmenlik mesle\u011finin genel olarak \u00fc\u00e7 yeterlilik alan\u0131ndan s\u00f6zedilebilir: Alan bilgisi, genel k\u00fclt\u00fcr ve pedagojik formasyon. Bu nedenle, e\u011fitim sistemleri iyi bir matematik\u00e7i de\u011fil, matematik \u00f6\u011fretmeni; fizik\u00e7i de\u011fil, fizik \u00f6\u011fretmeni; biyolog de\u011fil, biyoloji \u00f6\u011fretmeni; tarih\u00e7i de\u011fil, tarih \u00f6\u011fretmenine gereksinim duymaktad\u0131rlar. Burada bir matematik \u00f6\u011fretmenini matematik\u00e7iden farkl\u0131 k\u0131lan, \u00f6\u011fretmenin pedagojik formasyona sahip olmas\u0131d\u0131r. Bir alan ve ders olarak e\u011fitim piskolojisi a\u011f\u0131rl\u0131kl\u0131 olarak pedagojik formasyon i\u00e7erisinde yer almaktad\u0131r. Ne kadar yeterli alan bilgisine sahip olursa olsun, e\u011fitim piskolojisi dersi almam\u0131\u015f, \u00e7ocuk ve ergen piskolojisinden anlamayan, bireysel farkl\u0131l\u0131klar\u0131 dikkate almayan, \u00fcst\u00fcn ve zay\u0131f y\u00f6nleriyle \u00f6\u011frencilerini yeterince tan\u0131yamayan, ileti\u015fim becerisis kazanmam\u0131\u015f kimselerin iyi bir e\u011fitici olmalar\u0131 beklenemez. \ufffcTan\u0131t\u0131m Metni<\/p>\n","protected":false},"excerpt":{"rendered":"<p>\u00d6\u011fretmenlik, bir ulusun ve \u00fclkenin gelece\u011fini haz\u0131rlama sorumlulu\u011fu \u00f6nemli ve \u00f6zel bir uzmanl\u0131k alan\u0131d\u0131r. \u00d6\u011fretmenlik mesle\u011finin genel olarak \u00fc\u00e7 yeterlilik alan\u0131ndan s\u00f6zedilebilir: Alan bilgisi, genel k\u00fclt\u00fcr<span class=\"excerpt-hellip\"> [\u2026]<\/span><\/p>\n","protected":false},"featured_media":0,"template":"","meta":{"_monsterinsights_skip_tracking":false,"_monsterinsights_sitenote_active":false,"_monsterinsights_sitenote_note":"","_monsterinsights_sitenote_category":0},"product_brand":[],"product_cat":[25175,12357],"product_tag":[],"class_list":{"0":"post-702954","1":"product","2":"type-product","3":"status-publish","5":"product_cat-egitim-psikolojisi","6":"product_cat-psikoloji","7":"pa_cilt-ciltsiz","8":"pa_tur-kitap","9":"pa_yayinevi-ani-yayincilik","10":"pa_yazar-ibrahim-yildirim","12":"first","13":"instock","14":"sale","15":"shipping-taxable","16":"purchasable","17":"product-type-simple"},"_links":{"self":[{"href":"https:\/\/roveyayinevi.com.tr\/index.php\/wp-json\/wp\/v2\/product\/702954","targetHints":{"allow":["GET"]}}],"collection":[{"href":"https:\/\/roveyayinevi.com.tr\/index.php\/wp-json\/wp\/v2\/product"}],"about":[{"href":"https:\/\/roveyayinevi.com.tr\/index.php\/wp-json\/wp\/v2\/types\/product"}],"wp:attachment":[{"href":"https:\/\/roveyayinevi.com.tr\/index.php\/wp-json\/wp\/v2\/media?parent=702954"}],"wp:term":[{"taxonomy":"product_brand","embeddable":true,"href":"https:\/\/roveyayinevi.com.tr\/index.php\/wp-json\/wp\/v2\/product_brand?post=702954"},{"taxonomy":"product_cat","embeddable":true,"href":"https:\/\/roveyayinevi.com.tr\/index.php\/wp-json\/wp\/v2\/product_cat?post=702954"},{"taxonomy":"product_tag","embeddable":true,"href":"https:\/\/roveyayinevi.com.tr\/index.php\/wp-json\/wp\/v2\/product_tag?post=702954"}],"curies":[{"name":"wp","href":"https:\/\/api.w.org\/{rel}","templated":true}]}}