{"id":702950,"date":"2025-08-27T15:20:37","date_gmt":"2025-08-27T12:20:37","guid":{"rendered":"https:\/\/roveyayinevi.com.tr\/index.php\/urun\/bilim-adamlarimiz-serisi-katip-celebi\/"},"modified":"2026-04-16T02:11:56","modified_gmt":"2026-04-15T23:11:56","slug":"bilim-adamlarimiz-serisi-katip-celebi","status":"publish","type":"product","link":"https:\/\/roveyayinevi.com.tr\/index.php\/urun\/bilim-adamlarimiz-serisi-katip-celebi\/","title":{"rendered":"Bilim Adamlar\u0131m\u0131z Serisi : Katip \u00c7elebi"},"content":{"rendered":"<p>17. y\u00fczy\u0131lda ya\u015fam\u0131\u015f \u00fcnl\u00fc T\u00fcrk bilim ve fikir adamlar\u0131ndan biri olan Katip \u00c7elebi, Avrupal\u0131larca Hac\u0131 Halife (Hac\u0131 Kalfa) ad\u0131yla bilinir. As\u0131l ad\u0131 Mustafa&#8217;d\u0131r. 1609 y\u0131l\u0131nda \u0130stanbul\u2019da d\u00fcnyaya gelen Katip \u00c7elebi, bir s\u00fcre medresede okuduktan sonra devlet hizmetine girdi, muhasebe servislerinde \u00e7al\u0131\u015ft\u0131, orduyla birlikte bir\u00e7ok sefere kat\u0131ld\u0131. On y\u0131l bu \u015fekilde \u00e7al\u0131\u015ft\u0131ktan sonra devlet hizmetinden ayr\u0131ld\u0131. \ufffcTan\u0131t\u0131m Metni<\/p>\n","protected":false},"excerpt":{"rendered":"<p>17. y\u00fczy\u0131lda ya\u015fam\u0131\u015f \u00fcnl\u00fc T\u00fcrk bilim ve fikir adamlar\u0131ndan biri olan Katip \u00c7elebi, Avrupal\u0131larca Hac\u0131 Halife (Hac\u0131 Kalfa) ad\u0131yla bilinir. As\u0131l ad\u0131 Mustafa&#8217;d\u0131r. 1609 y\u0131l\u0131nda \u0130stanbul\u2019da<span class=\"excerpt-hellip\"> [\u2026]<\/span><\/p>\n","protected":false},"featured_media":0,"template":"","meta":{"_monsterinsights_skip_tracking":false,"_monsterinsights_sitenote_active":false,"_monsterinsights_sitenote_note":"","_monsterinsights_sitenote_category":0},"product_brand":[],"product_cat":[12370,12304],"product_tag":[],"class_list":{"0":"post-702950","1":"product","2":"type-product","3":"status-publish","5":"product_cat-arastirma-inceleme","6":"product_cat-tarih","7":"pa_tur-kitap","8":"pa_yayinevi-parola-yayinlari","9":"pa_yazar-ali-kuzu","11":"first","12":"instock","13":"sale","14":"shipping-taxable","15":"purchasable","16":"product-type-simple"},"_links":{"self":[{"href":"https:\/\/roveyayinevi.com.tr\/index.php\/wp-json\/wp\/v2\/product\/702950","targetHints":{"allow":["GET"]}}],"collection":[{"href":"https:\/\/roveyayinevi.com.tr\/index.php\/wp-json\/wp\/v2\/product"}],"about":[{"href":"https:\/\/roveyayinevi.com.tr\/index.php\/wp-json\/wp\/v2\/types\/product"}],"wp:attachment":[{"href":"https:\/\/roveyayinevi.com.tr\/index.php\/wp-json\/wp\/v2\/media?parent=702950"}],"wp:term":[{"taxonomy":"product_brand","embeddable":true,"href":"https:\/\/roveyayinevi.com.tr\/index.php\/wp-json\/wp\/v2\/product_brand?post=702950"},{"taxonomy":"product_cat","embeddable":true,"href":"https:\/\/roveyayinevi.com.tr\/index.php\/wp-json\/wp\/v2\/product_cat?post=702950"},{"taxonomy":"product_tag","embeddable":true,"href":"https:\/\/roveyayinevi.com.tr\/index.php\/wp-json\/wp\/v2\/product_tag?post=702950"}],"curies":[{"name":"wp","href":"https:\/\/api.w.org\/{rel}","templated":true}]}}