{"id":702946,"date":"2025-08-27T15:20:36","date_gmt":"2025-08-27T12:20:36","guid":{"rendered":"https:\/\/roveyayinevi.com.tr\/index.php\/urun\/maliyet-muhasebesi\/"},"modified":"2026-04-16T02:11:55","modified_gmt":"2026-04-15T23:11:55","slug":"maliyet-muhasebesi","status":"publish","type":"product","link":"https:\/\/roveyayinevi.com.tr\/index.php\/urun\/maliyet-muhasebesi\/","title":{"rendered":"Maliyet Muhasebesi"},"content":{"rendered":"<p>Maliyet Muhasebesine giri\u015f\u0130\u015fletmelerde Maliyet Sistemi ve \u0130\u015fletmelerde Maliyet Sistemini Olu\u015fturmaMaliyetlerin S\u0131n\u0131fland\u0131r\u0131lmas\u0131Tek D\u00fczen Muhasebe Sisteminde Maliyet Muhasebesi\u0130malat(\u00fcretim) ve Faaliyet GiderleriMaliyet SistemleriFire, Kusurlu \u00dcretim ve Bozuk \u00dcr\u00fcn Maliyetlerinin Hesaplanmas\u0131 ve Muhasebele\u015ftirilmesiMuhasebenin \u0130\u015fletme \u0130\u00e7indeki Rol\u00fcne \u0130li\u015fkin \u00c7\u00f6z\u00fcml\u00fc Problemler ve \u00c7al\u0131\u015fma Sorular\u0131\u0130lk Madde ve Malzeme Maliyetlerine \u0130li\u015fkin \u00c7\u00f6z\u00fcml\u00fc Problemler\u0130\u015f\u00e7ilik Maliyetlerine \u0130li\u015fkin \u00c7\u00f6z\u00fcml\u00fc ProblemlerGenel \u00dcretim Maliyetlerine \u0130li\u015fkin \u00c7\u00f6z\u00fcml\u00fc ProblemlerSipari\u015f Maliyet Sistemine \u0130li\u015fkin \u00c7\u00f6z\u00fcml\u00fc ProblemlerSafha Maliyet Sistemine \u0130li\u015fkin \u00c7\u00f6z\u00fcml\u00fc Problemler Bozuk(kusurlu)Mamullerin,Firelerin ve Art\u0131klar\u0131n Hesaplanmas\u0131 ve Muhasebele\u015ftirilmesine \u0130li\u015fkin \u00c7\u00f6z\u00fcml\u00fc Problemler <\/p>\n","protected":false},"excerpt":{"rendered":"<p>Maliyet Muhasebesine giri\u015f\u0130\u015fletmelerde Maliyet Sistemi ve \u0130\u015fletmelerde Maliyet Sistemini Olu\u015fturmaMaliyetlerin S\u0131n\u0131fland\u0131r\u0131lmas\u0131Tek D\u00fczen Muhasebe Sisteminde Maliyet Muhasebesi\u0130malat(\u00fcretim) ve Faaliyet GiderleriMaliyet SistemleriFire, Kusurlu \u00dcretim ve Bozuk \u00dcr\u00fcn Maliyetlerinin<span class=\"excerpt-hellip\"> [\u2026]<\/span><\/p>\n","protected":false},"featured_media":0,"template":"","meta":{"_monsterinsights_skip_tracking":false,"_monsterinsights_sitenote_active":false,"_monsterinsights_sitenote_note":"","_monsterinsights_sitenote_category":0},"product_brand":[],"product_cat":[12573,12566],"product_tag":[],"class_list":{"0":"post-702946","1":"product","2":"type-product","3":"status-publish","5":"product_cat-akademik-kitaplar","6":"product_cat-egitim","7":"pa_cilt-ciltsiz","8":"pa_tur-kitap","9":"pa_yayinevi-gazi-kitabevi","10":"pa_yazar-orhan-elmaci","12":"first","13":"instock","14":"sale","15":"shipping-taxable","16":"purchasable","17":"product-type-simple"},"_links":{"self":[{"href":"https:\/\/roveyayinevi.com.tr\/index.php\/wp-json\/wp\/v2\/product\/702946","targetHints":{"allow":["GET"]}}],"collection":[{"href":"https:\/\/roveyayinevi.com.tr\/index.php\/wp-json\/wp\/v2\/product"}],"about":[{"href":"https:\/\/roveyayinevi.com.tr\/index.php\/wp-json\/wp\/v2\/types\/product"}],"wp:attachment":[{"href":"https:\/\/roveyayinevi.com.tr\/index.php\/wp-json\/wp\/v2\/media?parent=702946"}],"wp:term":[{"taxonomy":"product_brand","embeddable":true,"href":"https:\/\/roveyayinevi.com.tr\/index.php\/wp-json\/wp\/v2\/product_brand?post=702946"},{"taxonomy":"product_cat","embeddable":true,"href":"https:\/\/roveyayinevi.com.tr\/index.php\/wp-json\/wp\/v2\/product_cat?post=702946"},{"taxonomy":"product_tag","embeddable":true,"href":"https:\/\/roveyayinevi.com.tr\/index.php\/wp-json\/wp\/v2\/product_tag?post=702946"}],"curies":[{"name":"wp","href":"https:\/\/api.w.org\/{rel}","templated":true}]}}