{"id":702944,"date":"2025-08-27T15:20:35","date_gmt":"2025-08-27T12:20:35","guid":{"rendered":"https:\/\/roveyayinevi.com.tr\/index.php\/urun\/modern-insanin-kokeni\/"},"modified":"2026-04-16T02:11:55","modified_gmt":"2026-04-15T23:11:55","slug":"modern-insanin-kokeni","status":"publish","type":"product","link":"https:\/\/roveyayinevi.com.tr\/index.php\/urun\/modern-insanin-kokeni\/","title":{"rendered":"Modern \u0130nsan\u0131n K\u00f6keni"},"content":{"rendered":"<p>Roger Lewin bu kitab\u0131nda modern insan\u0131n evrimsel ge\u00e7mi\u015fiyle ilgili bulgu ve kuramlar\u0131 ele al\u0131yor. G\u00fcncel jeolojik, paleontolojik, arkeolojik ve genetik kan\u0131tlar\u0131n \u0131\u015f\u0131\u011f\u0131nda, modern insan\u0131n k\u00f6keninin hangi Homo yani insan t\u00fcr\u00fcne dayand\u0131\u011f\u0131 sorusuna verilmi\u015f en net yan\u0131tlar\u0131 bizlerle payla\u015f\u0131yor. Bilimcilerin insan\u0131n evrimi bilmecesini \u00e7\u00f6zmeye \u00e7al\u0131\u015f\u0131rken faydaland\u0131klar\u0131, tarihlendirme y\u00f6ntemleri, ta\u015f alet teknolojileri, evrim geneti\u011fi ve tarih\u00f6ncesi k\u00fclt\u00fcr-sanat gibi konularla ilgili ayr\u0131nt\u0131l\u0131 bilgiler veriyor. Modern \u0130nsan\u0131n K\u00f6keni hem \u00f6\u011fretmen ve \u00f6\u011frencilere hem de insan\u0131n evrimsel k\u00f6kenleri konusunda bilgi sahibi olmak isteyen okura bol miktarda malzeme sunan ayd\u0131nlat\u0131c\u0131, doyurucu bir eser. <\/p>\n","protected":false},"excerpt":{"rendered":"<p>Roger Lewin bu kitab\u0131nda modern insan\u0131n evrimsel ge\u00e7mi\u015fiyle ilgili bulgu ve kuramlar\u0131 ele al\u0131yor. G\u00fcncel jeolojik, paleontolojik, arkeolojik ve genetik kan\u0131tlar\u0131n \u0131\u015f\u0131\u011f\u0131nda, modern insan\u0131n k\u00f6keninin hangi<span class=\"excerpt-hellip\"> [\u2026]<\/span><\/p>\n","protected":false},"featured_media":0,"template":"","meta":{"_monsterinsights_skip_tracking":false,"_monsterinsights_sitenote_active":false,"_monsterinsights_sitenote_note":"","_monsterinsights_sitenote_category":0},"product_brand":[],"product_cat":[15499,13488],"product_tag":[],"class_list":{"0":"post-702944","1":"product","2":"type-product","3":"status-publish","5":"product_cat-antropoloji","6":"product_cat-toplum-ve-insan","7":"pa_cilt-ciltsiz","8":"pa_tur-kitap","9":"pa_yayinevi-say-yayinlari","10":"pa_yazar-roger-lewin","12":"first","13":"instock","14":"sale","15":"shipping-taxable","16":"purchasable","17":"product-type-simple"},"_links":{"self":[{"href":"https:\/\/roveyayinevi.com.tr\/index.php\/wp-json\/wp\/v2\/product\/702944","targetHints":{"allow":["GET"]}}],"collection":[{"href":"https:\/\/roveyayinevi.com.tr\/index.php\/wp-json\/wp\/v2\/product"}],"about":[{"href":"https:\/\/roveyayinevi.com.tr\/index.php\/wp-json\/wp\/v2\/types\/product"}],"wp:attachment":[{"href":"https:\/\/roveyayinevi.com.tr\/index.php\/wp-json\/wp\/v2\/media?parent=702944"}],"wp:term":[{"taxonomy":"product_brand","embeddable":true,"href":"https:\/\/roveyayinevi.com.tr\/index.php\/wp-json\/wp\/v2\/product_brand?post=702944"},{"taxonomy":"product_cat","embeddable":true,"href":"https:\/\/roveyayinevi.com.tr\/index.php\/wp-json\/wp\/v2\/product_cat?post=702944"},{"taxonomy":"product_tag","embeddable":true,"href":"https:\/\/roveyayinevi.com.tr\/index.php\/wp-json\/wp\/v2\/product_tag?post=702944"}],"curies":[{"name":"wp","href":"https:\/\/api.w.org\/{rel}","templated":true}]}}