{"id":702943,"date":"2025-08-27T15:20:35","date_gmt":"2025-08-27T12:20:35","guid":{"rendered":"https:\/\/roveyayinevi.com.tr\/index.php\/urun\/benim-adim-engin-alan-bolunmeye-ceyrek-kala\/"},"modified":"2026-04-16T02:11:55","modified_gmt":"2026-04-15T23:11:55","slug":"benim-adim-engin-alan-bolunmeye-ceyrek-kala","status":"publish","type":"product","link":"https:\/\/roveyayinevi.com.tr\/index.php\/urun\/benim-adim-engin-alan-bolunmeye-ceyrek-kala\/","title":{"rendered":"Benim Ad\u0131m Engin Alan &#8211; B\u00f6l\u00fcnmeye \u00c7eyrek Kala"},"content":{"rendered":"<p>\u201c40 y\u0131l yurti\u00e7inde, yurtd\u0131\u015f\u0131nda, da\u011fda bay\u0131rda, T\u00fcrk Silahl\u0131 Kuvvetleri saf\u0131nda devlete hizmet&#8230; Sonra kumpas ve katakulliler \u00fczerine kurulu bir dava ile 4 y\u0131la yak\u0131n bir s\u00fcre hapishane\u2026\u201d Eski \u00d6zel Kuvvetler Komutan\u0131 Emekli Korgeneral Engin Alan&#8217;\u0131n ya\u015fam\u0131n\u0131n \u00e7arp\u0131c\u0131 \u00f6zeti bu. <\/p>\n","protected":false},"excerpt":{"rendered":"<p>\u201c40 y\u0131l yurti\u00e7inde, yurtd\u0131\u015f\u0131nda, da\u011fda bay\u0131rda, T\u00fcrk Silahl\u0131 Kuvvetleri saf\u0131nda devlete hizmet&#8230; Sonra kumpas ve katakulliler \u00fczerine kurulu bir dava ile 4 y\u0131la yak\u0131n bir s\u00fcre<span class=\"excerpt-hellip\"> [\u2026]<\/span><\/p>\n","protected":false},"featured_media":0,"template":"","meta":{"_monsterinsights_skip_tracking":false,"_monsterinsights_sitenote_active":false,"_monsterinsights_sitenote_note":"","_monsterinsights_sitenote_category":0},"product_brand":[],"product_cat":[12346,12337],"product_tag":[],"class_list":{"0":"post-702943","1":"product","2":"type-product","3":"status-publish","5":"product_cat-derin-siyaset-komplo-teorileri","6":"product_cat-politika-siyaset","7":"pa_cilt-ciltsiz","8":"pa_tur-kitap","9":"pa_yayinevi-bilgi-yayinevi","10":"pa_yazar-engin-alan","12":"first","13":"instock","14":"sale","15":"shipping-taxable","16":"purchasable","17":"product-type-simple"},"_links":{"self":[{"href":"https:\/\/roveyayinevi.com.tr\/index.php\/wp-json\/wp\/v2\/product\/702943","targetHints":{"allow":["GET"]}}],"collection":[{"href":"https:\/\/roveyayinevi.com.tr\/index.php\/wp-json\/wp\/v2\/product"}],"about":[{"href":"https:\/\/roveyayinevi.com.tr\/index.php\/wp-json\/wp\/v2\/types\/product"}],"wp:attachment":[{"href":"https:\/\/roveyayinevi.com.tr\/index.php\/wp-json\/wp\/v2\/media?parent=702943"}],"wp:term":[{"taxonomy":"product_brand","embeddable":true,"href":"https:\/\/roveyayinevi.com.tr\/index.php\/wp-json\/wp\/v2\/product_brand?post=702943"},{"taxonomy":"product_cat","embeddable":true,"href":"https:\/\/roveyayinevi.com.tr\/index.php\/wp-json\/wp\/v2\/product_cat?post=702943"},{"taxonomy":"product_tag","embeddable":true,"href":"https:\/\/roveyayinevi.com.tr\/index.php\/wp-json\/wp\/v2\/product_tag?post=702943"}],"curies":[{"name":"wp","href":"https:\/\/api.w.org\/{rel}","templated":true}]}}