{"id":702942,"date":"2025-08-27T15:20:35","date_gmt":"2025-08-27T12:20:35","guid":{"rendered":"https:\/\/roveyayinevi.com.tr\/index.php\/urun\/hamburgere-donusen-anne\/"},"modified":"2026-04-16T02:11:55","modified_gmt":"2026-04-15T23:11:55","slug":"hamburgere-donusen-anne","status":"publish","type":"product","link":"https:\/\/roveyayinevi.com.tr\/index.php\/urun\/hamburgere-donusen-anne\/","title":{"rendered":"Hamburgere D\u00f6n\u00fc\u015fen Anne"},"content":{"rendered":"<p>Fatih Erdo\u011fan\u2019dan yine kahkahalarla okuyaca\u011f\u0131n\u0131z bir kitap!Not: L\u00fctfen kitab\u0131 yemeyin!Evli ve iki \u00e7ocuklu G\u00fcler han\u0131m bir sabah uyand\u0131\u011f\u0131nda kendini orta boy bir hamburgere d\u00f6n\u00fc\u015fm\u00fc\u015f olarak buldu. Bu da \u00e7ok tuhaf say\u0131lmazd\u0131 \u00e7\u00fcnk\u00fc G\u00fcler han\u0131m da orta boyluydu. O nedenle kocas\u0131 Hasan bey ve o\u011fullar\u0131 Ege ile Emre de bu duruma \u00e7ok \u015fa\u015f\u0131rmad\u0131lar. Ama anneleri bir hamburgere d\u00f6n\u00fc\u015ft\u00fcyse o sabah kahvalt\u0131y\u0131 kim haz\u0131rlayacakt\u0131? Peki ya kim \u00e7ay koyacakt\u0131? En iyisi kahvalt\u0131y\u0131 b\u00f6rek\u00e7ide yapmakt\u0131&#8230; Evet evet, en mant\u0131kl\u0131s\u0131 buydu. Annelerini yiyecek halleri yoktu ya! <\/p>\n","protected":false},"excerpt":{"rendered":"<p>Fatih Erdo\u011fan\u2019dan yine kahkahalarla okuyaca\u011f\u0131n\u0131z bir kitap!Not: L\u00fctfen kitab\u0131 yemeyin!Evli ve iki \u00e7ocuklu G\u00fcler han\u0131m bir sabah uyand\u0131\u011f\u0131nda kendini orta boy bir hamburgere d\u00f6n\u00fc\u015fm\u00fc\u015f olarak buldu.<span class=\"excerpt-hellip\"> [\u2026]<\/span><\/p>\n","protected":false},"featured_media":0,"template":"","meta":{"_monsterinsights_skip_tracking":false,"_monsterinsights_sitenote_active":false,"_monsterinsights_sitenote_note":"","_monsterinsights_sitenote_category":0},"product_brand":[],"product_cat":[12274,12284],"product_tag":[],"class_list":{"0":"post-702942","1":"product","2":"type-product","3":"status-publish","5":"product_cat-cocuk-ve-genclik-kitaplari","6":"product_cat-hikayeler","7":"pa_cilt-ciltsiz","8":"pa_tur-kitap","9":"pa_yayinevi-mavi-bulut-yayinlari","10":"pa_yazar-fatih-erdogan","12":"first","13":"instock","14":"sale","15":"shipping-taxable","16":"purchasable","17":"product-type-simple"},"_links":{"self":[{"href":"https:\/\/roveyayinevi.com.tr\/index.php\/wp-json\/wp\/v2\/product\/702942","targetHints":{"allow":["GET"]}}],"collection":[{"href":"https:\/\/roveyayinevi.com.tr\/index.php\/wp-json\/wp\/v2\/product"}],"about":[{"href":"https:\/\/roveyayinevi.com.tr\/index.php\/wp-json\/wp\/v2\/types\/product"}],"wp:attachment":[{"href":"https:\/\/roveyayinevi.com.tr\/index.php\/wp-json\/wp\/v2\/media?parent=702942"}],"wp:term":[{"taxonomy":"product_brand","embeddable":true,"href":"https:\/\/roveyayinevi.com.tr\/index.php\/wp-json\/wp\/v2\/product_brand?post=702942"},{"taxonomy":"product_cat","embeddable":true,"href":"https:\/\/roveyayinevi.com.tr\/index.php\/wp-json\/wp\/v2\/product_cat?post=702942"},{"taxonomy":"product_tag","embeddable":true,"href":"https:\/\/roveyayinevi.com.tr\/index.php\/wp-json\/wp\/v2\/product_tag?post=702942"}],"curies":[{"name":"wp","href":"https:\/\/api.w.org\/{rel}","templated":true}]}}