{"id":702936,"date":"2025-08-27T15:20:32","date_gmt":"2025-08-27T12:20:32","guid":{"rendered":"https:\/\/roveyayinevi.com.tr\/index.php\/urun\/donus-3\/"},"modified":"2026-04-11T13:30:24","modified_gmt":"2026-04-11T10:30:24","slug":"donus-3","status":"publish","type":"product","link":"https:\/\/roveyayinevi.com.tr\/index.php\/urun\/donus-3\/","title":{"rendered":"D\u00f6n\u00fc\u015f"},"content":{"rendered":"<p>Necmiye on yedisinde beyaz bir g\u00fcl goncas\u0131, Y\u00f6r\u00fck Musa\u2019ya sevdal\u0131 bir di\u011fer g\u00fcl goncas\u0131 Zaruhi&#8230; Sar\u0131kam\u0131\u015f\u2019\u0131n buz cehenneminden kurtulup bir bostan kul\u00fcbesine s\u0131\u011f\u0131nan on yaral\u0131 asker ve \u00f6l\u00fcm kusan Rahip Ar\u015fak \u00c7etesi&#8230; Bas\u0131lan k\u00f6yler, camilere doldurulup diri diri yak\u0131lan insanlar, K\u0131zkarde\u015fler Kuyusu\u2019ndan y\u00fckselen iniltiler&#8230; <\/p>\n","protected":false},"excerpt":{"rendered":"<p>Necmiye on yedisinde beyaz bir g\u00fcl goncas\u0131, Y\u00f6r\u00fck Musa\u2019ya sevdal\u0131 bir di\u011fer g\u00fcl goncas\u0131 Zaruhi&#8230; Sar\u0131kam\u0131\u015f\u2019\u0131n buz cehenneminden kurtulup bir bostan kul\u00fcbesine s\u0131\u011f\u0131nan on yaral\u0131 asker<span class=\"excerpt-hellip\"> [\u2026]<\/span><\/p>\n","protected":false},"featured_media":0,"template":"","meta":{"_monsterinsights_skip_tracking":false,"_monsterinsights_sitenote_active":false,"_monsterinsights_sitenote_note":"","_monsterinsights_sitenote_category":0},"product_brand":[],"product_cat":[12291,12711],"product_tag":[],"class_list":{"0":"post-702936","1":"product","2":"type-product","3":"status-publish","5":"product_cat-edebiyat","6":"product_cat-roman-oyku","7":"pa_tur-kitap","8":"pa_yayinevi-bilge-kultur-sanat","9":"pa_yazar-hasan-kayihan","11":"first","12":"instock","13":"sale","14":"shipping-taxable","15":"purchasable","16":"product-type-simple"},"_links":{"self":[{"href":"https:\/\/roveyayinevi.com.tr\/index.php\/wp-json\/wp\/v2\/product\/702936","targetHints":{"allow":["GET"]}}],"collection":[{"href":"https:\/\/roveyayinevi.com.tr\/index.php\/wp-json\/wp\/v2\/product"}],"about":[{"href":"https:\/\/roveyayinevi.com.tr\/index.php\/wp-json\/wp\/v2\/types\/product"}],"wp:attachment":[{"href":"https:\/\/roveyayinevi.com.tr\/index.php\/wp-json\/wp\/v2\/media?parent=702936"}],"wp:term":[{"taxonomy":"product_brand","embeddable":true,"href":"https:\/\/roveyayinevi.com.tr\/index.php\/wp-json\/wp\/v2\/product_brand?post=702936"},{"taxonomy":"product_cat","embeddable":true,"href":"https:\/\/roveyayinevi.com.tr\/index.php\/wp-json\/wp\/v2\/product_cat?post=702936"},{"taxonomy":"product_tag","embeddable":true,"href":"https:\/\/roveyayinevi.com.tr\/index.php\/wp-json\/wp\/v2\/product_tag?post=702936"}],"curies":[{"name":"wp","href":"https:\/\/api.w.org\/{rel}","templated":true}]}}