{"id":702935,"date":"2025-08-27T15:20:32","date_gmt":"2025-08-27T12:20:32","guid":{"rendered":"https:\/\/roveyayinevi.com.tr\/index.php\/urun\/iletisim-tarihi-2\/"},"modified":"2026-04-16T02:11:55","modified_gmt":"2026-04-15T23:11:55","slug":"iletisim-tarihi-2","status":"publish","type":"product","link":"https:\/\/roveyayinevi.com.tr\/index.php\/urun\/iletisim-tarihi-2\/","title":{"rendered":"\u0130leti\u015fim Tarihi"},"content":{"rendered":"<p>\u201cHakikaten etkileyici bir kapsamda (ve miktarda) okuma \u00fczerine temellenmi\u015f, orijinal ve ikna edici bir sav ortaya atan, a\u00e7\u0131k, s\u00fcr\u00fckleyici bir \u00fcslupta yaz\u0131lm\u0131\u015f bu kitap, hem \u00f6\u011frencilerin hem de akademisyenlerin geni\u015f bir kesimine ula\u015fmay\u0131 hak ediyor.\u201d \ufffc<\/p>\n","protected":false},"excerpt":{"rendered":"<p>\u201cHakikaten etkileyici bir kapsamda (ve miktarda) okuma \u00fczerine temellenmi\u015f, orijinal ve ikna edici bir sav ortaya atan, a\u00e7\u0131k, s\u00fcr\u00fckleyici bir \u00fcslupta yaz\u0131lm\u0131\u015f bu kitap, hem \u00f6\u011frencilerin<span class=\"excerpt-hellip\"> [\u2026]<\/span><\/p>\n","protected":false},"featured_media":0,"template":"","meta":{"_monsterinsights_skip_tracking":false,"_monsterinsights_sitenote_active":false,"_monsterinsights_sitenote_note":"","_monsterinsights_sitenote_category":0},"product_brand":[],"product_cat":[12325,12324],"product_tag":[],"class_list":{"0":"post-702935","1":"product","2":"type-product","3":"status-publish","5":"product_cat-diger-sosyoloji","6":"product_cat-sosyoloji","7":"pa_cilt-ciltsiz","8":"pa_tur-kitap","9":"pa_yayinevi-islik-yayinlari","10":"pa_yazar-marshall-t-poe","12":"first","13":"instock","14":"sale","15":"shipping-taxable","16":"purchasable","17":"product-type-simple"},"_links":{"self":[{"href":"https:\/\/roveyayinevi.com.tr\/index.php\/wp-json\/wp\/v2\/product\/702935","targetHints":{"allow":["GET"]}}],"collection":[{"href":"https:\/\/roveyayinevi.com.tr\/index.php\/wp-json\/wp\/v2\/product"}],"about":[{"href":"https:\/\/roveyayinevi.com.tr\/index.php\/wp-json\/wp\/v2\/types\/product"}],"wp:attachment":[{"href":"https:\/\/roveyayinevi.com.tr\/index.php\/wp-json\/wp\/v2\/media?parent=702935"}],"wp:term":[{"taxonomy":"product_brand","embeddable":true,"href":"https:\/\/roveyayinevi.com.tr\/index.php\/wp-json\/wp\/v2\/product_brand?post=702935"},{"taxonomy":"product_cat","embeddable":true,"href":"https:\/\/roveyayinevi.com.tr\/index.php\/wp-json\/wp\/v2\/product_cat?post=702935"},{"taxonomy":"product_tag","embeddable":true,"href":"https:\/\/roveyayinevi.com.tr\/index.php\/wp-json\/wp\/v2\/product_tag?post=702935"}],"curies":[{"name":"wp","href":"https:\/\/api.w.org\/{rel}","templated":true}]}}