{"id":702933,"date":"2025-08-27T15:20:31","date_gmt":"2025-08-27T12:20:31","guid":{"rendered":"https:\/\/roveyayinevi.com.tr\/index.php\/urun\/aile-ve-bireyler-icin-hayata-dair\/"},"modified":"2026-04-16T02:11:55","modified_gmt":"2026-04-15T23:11:55","slug":"aile-ve-bireyler-icin-hayata-dair","status":"publish","type":"product","link":"https:\/\/roveyayinevi.com.tr\/index.php\/urun\/aile-ve-bireyler-icin-hayata-dair\/","title":{"rendered":"Aile ve Bireyler \u0130\u00e7in Hayata Dair"},"content":{"rendered":"<p>Anne baba olarak, \u00e7ocuklar\u0131m\u0131za &#8216;Do\u011fru \u00d6rnekler&#8217; olmaya \u00f6zen g\u00f6stermeliyiz. \u00d6rnek olma ile ilgili ya\u015fad\u0131\u011f\u0131m bir an\u0131m\u0131 sizlerle payla\u015fmak isterim: <\/p>\n","protected":false},"excerpt":{"rendered":"<p>Anne baba olarak, \u00e7ocuklar\u0131m\u0131za &#8216;Do\u011fru \u00d6rnekler&#8217; olmaya \u00f6zen g\u00f6stermeliyiz. \u00d6rnek olma ile ilgili ya\u015fad\u0131\u011f\u0131m bir an\u0131m\u0131 sizlerle payla\u015fmak isterim:<\/p>\n","protected":false},"featured_media":0,"template":"","meta":{"_monsterinsights_skip_tracking":false,"_monsterinsights_sitenote_active":false,"_monsterinsights_sitenote_note":"","_monsterinsights_sitenote_category":0},"product_brand":[],"product_cat":[12364,12376],"product_tag":[],"class_list":{"0":"post-702933","1":"product","2":"type-product","3":"status-publish","5":"product_cat-genel-konular","6":"product_cat-kisisel-gelisim","7":"pa_tur-kitap","8":"pa_yayinevi-sentez-yayinlari","9":"pa_yazar-vural-okur","11":"first","12":"instock","13":"sale","14":"shipping-taxable","15":"purchasable","16":"product-type-simple"},"_links":{"self":[{"href":"https:\/\/roveyayinevi.com.tr\/index.php\/wp-json\/wp\/v2\/product\/702933","targetHints":{"allow":["GET"]}}],"collection":[{"href":"https:\/\/roveyayinevi.com.tr\/index.php\/wp-json\/wp\/v2\/product"}],"about":[{"href":"https:\/\/roveyayinevi.com.tr\/index.php\/wp-json\/wp\/v2\/types\/product"}],"wp:attachment":[{"href":"https:\/\/roveyayinevi.com.tr\/index.php\/wp-json\/wp\/v2\/media?parent=702933"}],"wp:term":[{"taxonomy":"product_brand","embeddable":true,"href":"https:\/\/roveyayinevi.com.tr\/index.php\/wp-json\/wp\/v2\/product_brand?post=702933"},{"taxonomy":"product_cat","embeddable":true,"href":"https:\/\/roveyayinevi.com.tr\/index.php\/wp-json\/wp\/v2\/product_cat?post=702933"},{"taxonomy":"product_tag","embeddable":true,"href":"https:\/\/roveyayinevi.com.tr\/index.php\/wp-json\/wp\/v2\/product_tag?post=702933"}],"curies":[{"name":"wp","href":"https:\/\/api.w.org\/{rel}","templated":true}]}}