{"id":702932,"date":"2025-08-27T15:20:31","date_gmt":"2025-08-27T12:20:31","guid":{"rendered":"https:\/\/roveyayinevi.com.tr\/index.php\/urun\/yunan-kultur-tarihi\/"},"modified":"2026-04-16T02:11:55","modified_gmt":"2026-04-15T23:11:55","slug":"yunan-kultur-tarihi","status":"publish","type":"product","link":"https:\/\/roveyayinevi.com.tr\/index.php\/urun\/yunan-kultur-tarihi\/","title":{"rendered":"Yunan K\u00fclt\u00fcr Tarihi"},"content":{"rendered":"<p>Homerik \u00e7a\u011fdan Hellenistik d\u00f6neme kadar antik Yunan k\u00fclt\u00fcr ve uygarl\u0131\u011f\u0131n\u0131n kilit unsurlar\u0131n\u0131 i\u00e7eren Yunan K\u00fclt\u00fcr Tarihi\u2019nde edebiyat, felsefe, sanat ve mimarinin yan\u0131 s\u0131ra din, sosyal ya\u015fam, siyaset, arkeoloji ve tarih konular\u0131 t\u00fcm ayr\u0131nt\u0131lar\u0131yla ele al\u0131n\u0131yor. Yunan k\u00fclt\u00fcr\u00fcnden do\u011fan sanat ak\u0131mlar\u0131na, Yunan filozoflar\u0131ndan B\u00fcy\u00fck \u0130skender\u2019e kadar zengin bir medeniyetin izlerini s\u00fcren Yunan K\u00fclt\u00fcr Tarihi kitab\u0131nda, antik \u00e7a\u011fdan g\u00fcn\u00fcm\u00fcze kadar gelen ve art\u0131k klasik olarak kabul edilen pek \u00e7ok uygulaman\u0131n ve d\u00fc\u015f\u00fcncenin ger\u00e7ek referanslar\u0131n\u0131 bulacaks\u0131n\u0131z. Yunan K\u00fclt\u00fcr Tarihi, klasik \u00e7a\u011f ara\u015ft\u0131rmac\u0131lar\u0131 ve merakl\u0131lar\u0131 i\u00e7in kapsaml\u0131 bir giri\u015f kitab\u0131 oldu\u011fu kadar, Yunan uygarl\u0131\u011f\u0131 \u00fczerine temel bilgiler edinmek isteyenler i\u00e7in de paha bi\u00e7ilmez bir rehber. <\/p>\n","protected":false},"excerpt":{"rendered":"<p>Homerik \u00e7a\u011fdan Hellenistik d\u00f6neme kadar antik Yunan k\u00fclt\u00fcr ve uygarl\u0131\u011f\u0131n\u0131n kilit unsurlar\u0131n\u0131 i\u00e7eren Yunan K\u00fclt\u00fcr Tarihi\u2019nde edebiyat, felsefe, sanat ve mimarinin yan\u0131 s\u0131ra din, sosyal ya\u015fam,<span class=\"excerpt-hellip\"> [\u2026]<\/span><\/p>\n","protected":false},"featured_media":0,"template":"","meta":{"_monsterinsights_skip_tracking":false,"_monsterinsights_sitenote_active":false,"_monsterinsights_sitenote_note":"","_monsterinsights_sitenote_category":0},"product_brand":[],"product_cat":[13072,12291],"product_tag":[],"class_list":{"0":"post-702932","1":"product","2":"type-product","3":"status-publish","5":"product_cat-arastirma-inceleme-referans","6":"product_cat-edebiyat","7":"pa_cilt-ciltsiz","8":"pa_tur-kitap","9":"pa_yayinevi-inkilap-kitabevi","10":"pa_yazar-robin-sowerby","12":"first","13":"instock","14":"sale","15":"shipping-taxable","16":"purchasable","17":"product-type-simple"},"_links":{"self":[{"href":"https:\/\/roveyayinevi.com.tr\/index.php\/wp-json\/wp\/v2\/product\/702932","targetHints":{"allow":["GET"]}}],"collection":[{"href":"https:\/\/roveyayinevi.com.tr\/index.php\/wp-json\/wp\/v2\/product"}],"about":[{"href":"https:\/\/roveyayinevi.com.tr\/index.php\/wp-json\/wp\/v2\/types\/product"}],"wp:attachment":[{"href":"https:\/\/roveyayinevi.com.tr\/index.php\/wp-json\/wp\/v2\/media?parent=702932"}],"wp:term":[{"taxonomy":"product_brand","embeddable":true,"href":"https:\/\/roveyayinevi.com.tr\/index.php\/wp-json\/wp\/v2\/product_brand?post=702932"},{"taxonomy":"product_cat","embeddable":true,"href":"https:\/\/roveyayinevi.com.tr\/index.php\/wp-json\/wp\/v2\/product_cat?post=702932"},{"taxonomy":"product_tag","embeddable":true,"href":"https:\/\/roveyayinevi.com.tr\/index.php\/wp-json\/wp\/v2\/product_tag?post=702932"}],"curies":[{"name":"wp","href":"https:\/\/api.w.org\/{rel}","templated":true}]}}