{"id":702930,"date":"2025-08-27T15:20:30","date_gmt":"2025-08-27T12:20:30","guid":{"rendered":"https:\/\/roveyayinevi.com.tr\/index.php\/urun\/uzun-yuruyus\/"},"modified":"2026-02-03T02:19:54","modified_gmt":"2026-02-02T23:19:54","slug":"uzun-yuruyus","status":"publish","type":"product","link":"https:\/\/roveyayinevi.com.tr\/index.php\/urun\/uzun-yuruyus\/","title":{"rendered":"Uzun Y\u00fcr\u00fcy\u00fc\u015f"},"content":{"rendered":"<p>&#8220;Nedir bu, dedi kendi kendine, t\u00fcm bu olup bitenler nedir, ni\u00e7in buraday\u0131m, ni\u00e7in hala ya\u015f\u0131yorum?&#8221;Belki, diye d\u00fc\u015f\u00fcnd\u00fc, bir kazazedeyim, batan bir gemiden kurtulan son ki\u015fiyim. Ama bu da\u011flarda deniz yok. O zaman, dedi, belki gemisi batm\u0131\u015f Nuh&#8217;um ben. Gemim selde da\u011flara \u00e7arp\u0131p par\u00e7aland\u0131, e\u015fim, \u00e7ocuklar\u0131m, karde\u015flerim, hayvanlar\u0131m, hepsi \u00f6ld\u00fc gitti. Felaketten bir i\u015faret kals\u0131n diye geride bir tek ben kald\u0131m.\u201dYola \u00e7\u0131karken bedeninin bir so\u011fan zar\u0131 gibi tek tek soyulaca\u011f\u0131n\u0131 sanan ama aksine bir a\u011fa\u00e7 k\u00fct\u00fc\u011f\u00fc gibi kat kat kabuk ba\u011flayan, kat\u0131la\u015fan bir kahraman. \u0130nsan sesinin olmad\u0131\u011f\u0131, i\u015fitilmedi\u011fi bir yere ula\u015fmak i\u00e7in \u00fclkeyi bir u\u00e7tan di\u011ferine kat ediyor. Hi\u00e7bir \u015fey arzu etmiyor sanki, hi\u00e7bir \u015fey talep etmiyor. B\u00f6yle bir varolu\u015f m\u00fcmk\u00fcn olabilir mi?Uzun Y\u00fcr\u00fcy\u00fc\u015f Ayhan Ge\u00e7gin\u2019in d\u00f6rd\u00fcnc\u00fc r <\/p>\n","protected":false},"excerpt":{"rendered":"<p>&#8220;Nedir bu, dedi kendi kendine, t\u00fcm bu olup bitenler nedir, ni\u00e7in buraday\u0131m, ni\u00e7in hala ya\u015f\u0131yorum?&#8221;Belki, diye d\u00fc\u015f\u00fcnd\u00fc, bir kazazedeyim, batan bir gemiden kurtulan son ki\u015fiyim. Ama<span class=\"excerpt-hellip\"> [\u2026]<\/span><\/p>\n","protected":false},"featured_media":0,"template":"","meta":{"_monsterinsights_skip_tracking":false,"_monsterinsights_sitenote_active":false,"_monsterinsights_sitenote_note":"","_monsterinsights_sitenote_category":0},"product_brand":[],"product_cat":[12364],"product_tag":[],"class_list":{"0":"post-702930","1":"product","2":"type-product","3":"status-publish","5":"product_cat-genel-konular","6":"pa_cilt-ciltsiz","7":"pa_tur-kitap","8":"pa_yayinevi-metis-yayinlari","9":"pa_yazar-ayhan-gecgin","11":"first","12":"instock","13":"sale","14":"shipping-taxable","15":"purchasable","16":"product-type-simple"},"_links":{"self":[{"href":"https:\/\/roveyayinevi.com.tr\/index.php\/wp-json\/wp\/v2\/product\/702930","targetHints":{"allow":["GET"]}}],"collection":[{"href":"https:\/\/roveyayinevi.com.tr\/index.php\/wp-json\/wp\/v2\/product"}],"about":[{"href":"https:\/\/roveyayinevi.com.tr\/index.php\/wp-json\/wp\/v2\/types\/product"}],"wp:attachment":[{"href":"https:\/\/roveyayinevi.com.tr\/index.php\/wp-json\/wp\/v2\/media?parent=702930"}],"wp:term":[{"taxonomy":"product_brand","embeddable":true,"href":"https:\/\/roveyayinevi.com.tr\/index.php\/wp-json\/wp\/v2\/product_brand?post=702930"},{"taxonomy":"product_cat","embeddable":true,"href":"https:\/\/roveyayinevi.com.tr\/index.php\/wp-json\/wp\/v2\/product_cat?post=702930"},{"taxonomy":"product_tag","embeddable":true,"href":"https:\/\/roveyayinevi.com.tr\/index.php\/wp-json\/wp\/v2\/product_tag?post=702930"}],"curies":[{"name":"wp","href":"https:\/\/api.w.org\/{rel}","templated":true}]}}