{"id":702925,"date":"2025-08-27T15:20:29","date_gmt":"2025-08-27T12:20:29","guid":{"rendered":"https:\/\/roveyayinevi.com.tr\/index.php\/urun\/merleau-ponty\/"},"modified":"2026-04-16T02:11:55","modified_gmt":"2026-04-15T23:11:55","slug":"merleau-ponty","status":"publish","type":"product","link":"https:\/\/roveyayinevi.com.tr\/index.php\/urun\/merleau-ponty\/","title":{"rendered":"Merleau Ponty"},"content":{"rendered":"<p>Merleau-Ponty, \u00c7a\u011fda\u015f Frans\u0131z felsefesinin temelindeki ak\u0131mlar\u0131 anlamam\u0131z i\u00e7in m\u00fckemmel bir \u00f6rnektir. Filozofa g\u00f6re bug\u00fcn\u00fcn felsefesi ne g\u00f6rkemli klasik rasyonalizm gibi hakiki bir fikri mutlak bir varl\u0131kla \u00e7ak\u0131\u015ft\u0131rabilir ne de kendini hakikatin y\u0131k\u0131c\u0131s\u0131 olacak bir g\u00f6receli\u011fe indirgemeyi onaylar. O daha \u00e7ok, sonluluk ve olgusall\u0131k ufkunda, hakikatin \u00f6ne \u00e7\u0131k\u0131\u015f\u0131n\u0131 d\u00fc\u015f\u00fcnmeyi \u00f6nerir. S\u00f6z konusu giri\u015fim varolu\u015fun hakikatinin ve sonlulu\u011funun (ve hatta felsefenin imk\u00e2n\u0131n\u0131n) k\u00f6kensel bi\u00e7imde birbirine d\u00fc\u011f\u00fcmlendi\u011fi yere yava\u015f bir \u00e7\u0131k\u0131\u015ft\u0131r. <\/p>\n","protected":false},"excerpt":{"rendered":"<p>Merleau-Ponty, \u00c7a\u011fda\u015f Frans\u0131z felsefesinin temelindeki ak\u0131mlar\u0131 anlamam\u0131z i\u00e7in m\u00fckemmel bir \u00f6rnektir. Filozofa g\u00f6re bug\u00fcn\u00fcn felsefesi ne g\u00f6rkemli klasik rasyonalizm gibi hakiki bir fikri mutlak bir varl\u0131kla<span class=\"excerpt-hellip\"> [\u2026]<\/span><\/p>\n","protected":false},"featured_media":0,"template":"","meta":{"_monsterinsights_skip_tracking":false,"_monsterinsights_sitenote_active":false,"_monsterinsights_sitenote_note":"","_monsterinsights_sitenote_category":0},"product_brand":[],"product_cat":[12388,15309],"product_tag":[],"class_list":{"0":"post-702925","1":"product","2":"type-product","3":"status-publish","5":"product_cat-felsefe","6":"product_cat-felsefi-akimlar","7":"pa_cilt-ciltsiz","8":"pa_tur-kitap","9":"pa_yayinevi-say-yayinlari","10":"pa_yazar-emre-san","12":"first","13":"instock","14":"sale","15":"shipping-taxable","16":"purchasable","17":"product-type-simple"},"_links":{"self":[{"href":"https:\/\/roveyayinevi.com.tr\/index.php\/wp-json\/wp\/v2\/product\/702925","targetHints":{"allow":["GET"]}}],"collection":[{"href":"https:\/\/roveyayinevi.com.tr\/index.php\/wp-json\/wp\/v2\/product"}],"about":[{"href":"https:\/\/roveyayinevi.com.tr\/index.php\/wp-json\/wp\/v2\/types\/product"}],"wp:attachment":[{"href":"https:\/\/roveyayinevi.com.tr\/index.php\/wp-json\/wp\/v2\/media?parent=702925"}],"wp:term":[{"taxonomy":"product_brand","embeddable":true,"href":"https:\/\/roveyayinevi.com.tr\/index.php\/wp-json\/wp\/v2\/product_brand?post=702925"},{"taxonomy":"product_cat","embeddable":true,"href":"https:\/\/roveyayinevi.com.tr\/index.php\/wp-json\/wp\/v2\/product_cat?post=702925"},{"taxonomy":"product_tag","embeddable":true,"href":"https:\/\/roveyayinevi.com.tr\/index.php\/wp-json\/wp\/v2\/product_tag?post=702925"}],"curies":[{"name":"wp","href":"https:\/\/api.w.org\/{rel}","templated":true}]}}