{"id":702922,"date":"2025-08-27T15:20:28","date_gmt":"2025-08-27T12:20:28","guid":{"rendered":"https:\/\/roveyayinevi.com.tr\/index.php\/urun\/faust-4\/"},"modified":"2026-04-16T02:11:55","modified_gmt":"2026-04-15T23:11:55","slug":"faust-4","status":"publish","type":"product","link":"https:\/\/roveyayinevi.com.tr\/index.php\/urun\/faust-4\/","title":{"rendered":"Faust"},"content":{"rendered":"<p>Faust, Alman edebiyat\u0131n\u0131n en b\u00fcy\u00fck ve en etkili eserlerinden biridir. Diliyle Almancay\u0131 zenginle\u015ftirmi\u015ftir. Eserin kahraman\u0131, daha y\u00fcksek bilgi d\u00fczeyine ula\u015fmaya \u00e7al\u0131\u015f\u0131rken d\u00fcnyas\u0131na \u201c\u0130yi\u201dyi ve \u201cK\u00f6t\u00fc\u201dy\u00fc getiren modern bilim insan\u0131n\u0131n ilk \u00f6rne\u011fidir. Goethe Faust fig\u00fcr\u00fcn\u00fc bulmam\u0131\u015f, sadece yorumlam\u0131\u015ft\u0131r ve bunu da m\u00fckemmel bir \u015fekilde ba\u015farm\u0131\u015ft\u0131r. Eserin her iki b\u00f6l\u00fcm\u00fcn\u00fcn yaz\u0131l\u0131\u015f\u0131 yakla\u015f\u0131k 60 y\u0131lda tamamlanm\u0131\u015ft\u0131r, bu durumda yazar\u0131n metni yaratmak i\u00e7in t\u00fcm g\u00fcc\u00fcn\u00fc harcad\u0131\u011f\u0131n\u0131 s\u00f6ylemek m\u00fcmk\u00fcnd\u00fcr, hatta Goethe, Faust\u2019u \u201chayat\u0131m\u0131n toplam\u0131\u201d diye niteler. Eser, tarihsel Doktor Faust fig\u00fcr\u00fcn\u00fcn \u00f6yk\u00fcs\u00fcn\u00fc ele al\u0131r. Goethe bu halk s\u00f6ylencesini, deyim yerindeyse bireyler, insanl\u0131k ve t\u00fcm evren i\u00e7in ge\u00e7erli bir mesel halinde genelle\u015ftirmi\u015ftir: B\u00fct\u00fcn insani tragedyalar\u0131n arkas\u0131nda tanr\u0131n\u0131n amac\u0131 uyumu yeniden kurmakt\u0131r. Bu amaca giden yolda herkes ve her \u015fey, hatta insan\u0131n yan\u0131na arkada\u015f olarak verdi\u011fi \u015feytan bile tanr\u0131n\u0131n \u00e2leti olur. Eserin neredeyse tamam\u0131 kafiyeli dizeler bi\u00e7iminde yaz\u0131lm\u0131\u015f, ama \u00fcslup ve dize \u00f6l\u00e7\u00fcs\u00fc s\u0131k s\u0131k de\u011fi\u015fmi\u015ftir. Eserde her \u00e7e\u015fit antik dize bi\u00e7imiyle ve serbest vezne kadar de\u011fi\u015fik dize bi\u00e7imleriyle kar\u015f\u0131la\u015f\u0131l\u0131r. Anlat\u0131lanlarda de\u011fi\u015fen dil bi\u00e7imine uygun olarak r\u00fcyalar, yan\u0131lsamalar ve ger\u00e7ek alg\u0131lar kesi\u015firler.               Faust, d\u00fcnya edebiyat\u0131n\u0131n tart\u0131\u015fmas\u0131z en b\u00fcy\u00fck eserlerinden biri say\u0131l\u0131r ve Alman edebiyat\u0131nda en \u00e7ok al\u0131nt\u0131 yap\u0131lan eserlerin ba\u015f\u0131nda gelir.<\/p>\n","protected":false},"excerpt":{"rendered":"<p>Faust, Alman edebiyat\u0131n\u0131n en b\u00fcy\u00fck ve en etkili eserlerinden biridir. Diliyle Almancay\u0131 zenginle\u015ftirmi\u015ftir. Eserin kahraman\u0131, daha y\u00fcksek bilgi d\u00fczeyine ula\u015fmaya \u00e7al\u0131\u015f\u0131rken d\u00fcnyas\u0131na \u201c\u0130yi\u201dyi ve \u201cK\u00f6t\u00fc\u201dy\u00fc getiren<span class=\"excerpt-hellip\"> [\u2026]<\/span><\/p>\n","protected":false},"featured_media":0,"template":"","meta":{"_monsterinsights_skip_tracking":false,"_monsterinsights_sitenote_active":false,"_monsterinsights_sitenote_note":"","_monsterinsights_sitenote_category":0},"product_brand":[],"product_cat":[12782,12291],"product_tag":[],"class_list":{"0":"post-702922","1":"product","2":"type-product","3":"status-publish","5":"product_cat-alman-edebiyati","6":"product_cat-edebiyat","7":"pa_cilt-ciltsiz","8":"pa_tur-kitap","9":"pa_yayinevi-islik-yayinlari","10":"pa_yazar-johann-wolfgang-von-goethe","12":"first","13":"instock","14":"sale","15":"shipping-taxable","16":"purchasable","17":"product-type-simple"},"_links":{"self":[{"href":"https:\/\/roveyayinevi.com.tr\/index.php\/wp-json\/wp\/v2\/product\/702922","targetHints":{"allow":["GET"]}}],"collection":[{"href":"https:\/\/roveyayinevi.com.tr\/index.php\/wp-json\/wp\/v2\/product"}],"about":[{"href":"https:\/\/roveyayinevi.com.tr\/index.php\/wp-json\/wp\/v2\/types\/product"}],"wp:attachment":[{"href":"https:\/\/roveyayinevi.com.tr\/index.php\/wp-json\/wp\/v2\/media?parent=702922"}],"wp:term":[{"taxonomy":"product_brand","embeddable":true,"href":"https:\/\/roveyayinevi.com.tr\/index.php\/wp-json\/wp\/v2\/product_brand?post=702922"},{"taxonomy":"product_cat","embeddable":true,"href":"https:\/\/roveyayinevi.com.tr\/index.php\/wp-json\/wp\/v2\/product_cat?post=702922"},{"taxonomy":"product_tag","embeddable":true,"href":"https:\/\/roveyayinevi.com.tr\/index.php\/wp-json\/wp\/v2\/product_tag?post=702922"}],"curies":[{"name":"wp","href":"https:\/\/api.w.org\/{rel}","templated":true}]}}