{"id":702918,"date":"2025-08-27T15:20:26","date_gmt":"2025-08-27T12:20:26","guid":{"rendered":"https:\/\/roveyayinevi.com.tr\/index.php\/urun\/demirdagin-kurtlari\/"},"modified":"2026-04-08T02:15:18","modified_gmt":"2026-04-07T23:15:18","slug":"demirdagin-kurtlari","status":"publish","type":"product","link":"https:\/\/roveyayinevi.com.tr\/index.php\/urun\/demirdagin-kurtlari\/","title":{"rendered":"Demirda\u011f\u0131n Kurtlar\u0131"},"content":{"rendered":"<p>Ergenekon&#8217;dan \u00e7\u0131k\u0131\u015f \u00fczerine harika bir tarihi roman&#8230;. \u201cKa\u011fan\u0131m\u0131z\u0131n buyru\u011fudur! Eli k\u0131l\u0131\u00e7 tutan, karg\u0131 tutan, \u00e7evik ve bahad\u0131r erler b\u00fcy\u00fck orduya se\u00e7ilmek i\u00e7in haz\u0131r olsunlar! Haz\u0131r olanlar b\u00fcy\u00fck meydanda toplans\u0131nlar! Ulu Ka\u011fan\u0131m\u0131z\u0131n buyru\u011fudur! Ergenekon&#8217;dan \u00e7\u0131k\u0131yoruz! Ergenekon&#8217;dan \u00e7\u0131k\u0131p ana yurtlar\u0131m\u0131za d\u00f6n\u00fcyoruz!\u201d Ergenekon; zor zamanda T\u00fcrk&#8217;e yuva olmu\u015f, ama as\u0131rlar ge\u00e7tik\u00e7e T\u00fcrk&#8217;\u00fcn o v\u00fccuduna s\u0131\u011fmayan ruhuna dar gelmi\u015f, o efsanevi, o kutlu yurt\u2026 T\u00fcrk&#8217;\u00fc azken \u00e7ok eden, takatten d\u00fc\u015fm\u00fc\u015fken yeniden muktedir k\u0131lan, unuttu\u011fu mefkuresini benli\u011fine yeniden nak\u015feden o mahfazal\u0131, o bereketli yurt\u2026 H\u00fcseyin Nihal Ats\u0131z&#8217;\u0131n yirminci as\u0131r T\u00fcrk Edebiyat\u0131nda edebi bir cezbeye ula\u015ft\u0131rd\u0131\u011f\u0131 milli-romantik ruhun yirmi birinci as\u0131rdaki aksini Hasan Erimez&#8217;in Demirda\u011f\u0131n Kurtlar\u0131 roman\u0131nda g\u00f6r\u00fcyoruz. Her T\u00fcrk&#8217;\u00fcn adeta ezbere bildi\u011fi Ergenekon Destan\u0131&#8217;n\u0131 \u00e7arp\u0131c\u0131 bir \u00fcslup ve engin bir hayal g\u00fcc\u00fc ile romanla\u015ft\u0131ran Hasan Erimez, okuyuculara bir solukta okuyacaklar\u0131 T\u00fcrk tarihinin nefes kesici o efsanevi d\u00f6nemini sunuyor. T\u00f6resini unutan, be\u011flerini, aksakall\u0131lar\u0131n\u0131 ve en m\u00fchimi milletini dikkate almayan bir hakan\u0131n yol a\u00e7t\u0131\u011f\u0131 felaketler silsilesi, T\u00fcrk&#8217;\u00fc yok olman\u0131n e\u015fi\u011fine getirmi\u015f ve d\u00fc\u015fmanlar\u0131 kar\u015f\u0131s\u0131nda Ergenekon&#8217;a s\u0131\u011f\u0131nmak zorunda b\u0131rakm\u0131\u015ft\u0131r. Ancak as\u0131rlar her yerde oldu\u011fu gibi Ergenekon yurdunda da i\u015flemi\u015f, T\u00fcrkler Ergenekon&#8217;a s\u0131\u011famaz olmu\u015f ve oradan \u00e7\u0131k\u0131\u015f\u0131n yollar\u0131n\u0131 aramaya ba\u015flam\u0131\u015flard\u0131r. \u00c7a\u011fan Ka\u011fan e\u015fli\u011findeki T\u00fcrkler tabiat\u0131n \u00e7etin \u015fartlar\u0131yla m\u00fccadele etmek zorunda kald\u0131klar\u0131 nice aray\u0131\u015flardan sonra Ergenekon&#8217;dan \u00e7\u0131kmay\u0131 ba\u015farm\u0131\u015f ve kendilerini yok olmaya mahkum eden d\u00fc\u015fmanlar\u0131yl <\/p>\n","protected":false},"excerpt":{"rendered":"<p>Ergenekon&#8217;dan \u00e7\u0131k\u0131\u015f \u00fczerine harika bir tarihi roman&#8230;. \u201cKa\u011fan\u0131m\u0131z\u0131n buyru\u011fudur! Eli k\u0131l\u0131\u00e7 tutan, karg\u0131 tutan, \u00e7evik ve bahad\u0131r erler b\u00fcy\u00fck orduya se\u00e7ilmek i\u00e7in haz\u0131r olsunlar! Haz\u0131r olanlar<span class=\"excerpt-hellip\"> [\u2026]<\/span><\/p>\n","protected":false},"featured_media":0,"template":"","meta":{"_monsterinsights_skip_tracking":false,"_monsterinsights_sitenote_active":false,"_monsterinsights_sitenote_note":"","_monsterinsights_sitenote_category":0},"product_brand":[],"product_cat":[12291,12711],"product_tag":[],"class_list":{"0":"post-702918","1":"product","2":"type-product","3":"status-publish","5":"product_cat-edebiyat","6":"product_cat-roman-oyku","7":"pa_tur-kitap","8":"pa_yayinevi-otuken-nesriyat","9":"pa_yazar-hasan-eritmez","11":"first","12":"instock","13":"sale","14":"shipping-taxable","15":"purchasable","16":"product-type-simple"},"_links":{"self":[{"href":"https:\/\/roveyayinevi.com.tr\/index.php\/wp-json\/wp\/v2\/product\/702918","targetHints":{"allow":["GET"]}}],"collection":[{"href":"https:\/\/roveyayinevi.com.tr\/index.php\/wp-json\/wp\/v2\/product"}],"about":[{"href":"https:\/\/roveyayinevi.com.tr\/index.php\/wp-json\/wp\/v2\/types\/product"}],"wp:attachment":[{"href":"https:\/\/roveyayinevi.com.tr\/index.php\/wp-json\/wp\/v2\/media?parent=702918"}],"wp:term":[{"taxonomy":"product_brand","embeddable":true,"href":"https:\/\/roveyayinevi.com.tr\/index.php\/wp-json\/wp\/v2\/product_brand?post=702918"},{"taxonomy":"product_cat","embeddable":true,"href":"https:\/\/roveyayinevi.com.tr\/index.php\/wp-json\/wp\/v2\/product_cat?post=702918"},{"taxonomy":"product_tag","embeddable":true,"href":"https:\/\/roveyayinevi.com.tr\/index.php\/wp-json\/wp\/v2\/product_tag?post=702918"}],"curies":[{"name":"wp","href":"https:\/\/api.w.org\/{rel}","templated":true}]}}