{"id":702917,"date":"2025-08-27T15:20:26","date_gmt":"2025-08-27T12:20:26","guid":{"rendered":"https:\/\/roveyayinevi.com.tr\/index.php\/urun\/bir-ogrenim-cevresi-olarak-okulu-yonetmek\/"},"modified":"2026-01-23T02:15:57","modified_gmt":"2026-01-22T23:15:57","slug":"bir-ogrenim-cevresi-olarak-okulu-yonetmek","status":"publish","type":"product","link":"https:\/\/roveyayinevi.com.tr\/index.php\/urun\/bir-ogrenim-cevresi-olarak-okulu-yonetmek\/","title":{"rendered":"Bir \u00d6\u011frenim \u00c7evresi Olarak Okulu Y\u00f6netmek"},"content":{"rendered":"<p>Okul, e\u011fitim sisteminin karakutusudur. Okul y\u00f6neticisi, okul denen bu karma\u015f\u0131k sistemi okuyan, a\u00e7\u0131mlayan, yorumlayan, b\u00fct\u00fcn unsurlar\u0131 \u00f6\u011frenime y\u00f6nelten, sayg\u0131n makam\u0131n ma\u011frur temsilcisidir. T\u00fcrkiye E\u011fitim Sistemi\u2019nin \u201cokuldan\u201d bozuldu\u011funu g\u00f6zledim, sa\u011falmas\u0131n\u0131n da ancak okuldan olaca\u011f\u0131na inanarak yaz\u0131yorum. <\/p>\n","protected":false},"excerpt":{"rendered":"<p>Okul, e\u011fitim sisteminin karakutusudur. Okul y\u00f6neticisi, okul denen bu karma\u015f\u0131k sistemi okuyan, a\u00e7\u0131mlayan, yorumlayan, b\u00fct\u00fcn unsurlar\u0131 \u00f6\u011frenime y\u00f6nelten, sayg\u0131n makam\u0131n ma\u011frur temsilcisidir. T\u00fcrkiye E\u011fitim Sistemi\u2019nin \u201cokuldan\u201d<span class=\"excerpt-hellip\"> [\u2026]<\/span><\/p>\n","protected":false},"featured_media":0,"template":"","meta":{"_monsterinsights_skip_tracking":false,"_monsterinsights_sitenote_active":false,"_monsterinsights_sitenote_note":"","_monsterinsights_sitenote_category":0},"product_brand":[],"product_cat":[12573,12566],"product_tag":[],"class_list":{"0":"post-702917","1":"product","2":"type-product","3":"status-publish","5":"product_cat-akademik-kitaplar","6":"product_cat-egitim","7":"pa_cilt-ciltsiz","8":"pa_tur-kitap","9":"pa_yayinevi-pegem-akademik-kitaplar","10":"pa_yazar-aytac-acikalin","12":"first","13":"instock","14":"sale","15":"shipping-taxable","16":"purchasable","17":"product-type-simple"},"_links":{"self":[{"href":"https:\/\/roveyayinevi.com.tr\/index.php\/wp-json\/wp\/v2\/product\/702917","targetHints":{"allow":["GET"]}}],"collection":[{"href":"https:\/\/roveyayinevi.com.tr\/index.php\/wp-json\/wp\/v2\/product"}],"about":[{"href":"https:\/\/roveyayinevi.com.tr\/index.php\/wp-json\/wp\/v2\/types\/product"}],"wp:attachment":[{"href":"https:\/\/roveyayinevi.com.tr\/index.php\/wp-json\/wp\/v2\/media?parent=702917"}],"wp:term":[{"taxonomy":"product_brand","embeddable":true,"href":"https:\/\/roveyayinevi.com.tr\/index.php\/wp-json\/wp\/v2\/product_brand?post=702917"},{"taxonomy":"product_cat","embeddable":true,"href":"https:\/\/roveyayinevi.com.tr\/index.php\/wp-json\/wp\/v2\/product_cat?post=702917"},{"taxonomy":"product_tag","embeddable":true,"href":"https:\/\/roveyayinevi.com.tr\/index.php\/wp-json\/wp\/v2\/product_tag?post=702917"}],"curies":[{"name":"wp","href":"https:\/\/api.w.org\/{rel}","templated":true}]}}