{"id":702916,"date":"2025-08-27T15:20:26","date_gmt":"2025-08-27T12:20:26","guid":{"rendered":"https:\/\/roveyayinevi.com.tr\/index.php\/urun\/hophopname\/"},"modified":"2026-04-16T02:11:55","modified_gmt":"2026-04-15T23:11:55","slug":"hophopname","status":"publish","type":"product","link":"https:\/\/roveyayinevi.com.tr\/index.php\/urun\/hophopname\/","title":{"rendered":"Hophopname"},"content":{"rendered":"<p>Mirze Elekber Sabir (1862-1911): Pek \u00e7ok yorumcuya g\u00f6re, k\u0131sa \u00f6mr\u00fcne kar\u015f\u0131n, Hophopname&#8217;de bir araya getirilen \u015fiirleriyle, Fuzuli&#8217;den sonra Azerbaycan&#8217;\u0131n yeti\u015ftirdi\u011fi en \u00f6nemli \u015fairdir. Keskin mizah\u0131n Rusya&#8217;dan Osmanl\u0131&#8217;ya, medrese mollalar\u0131ndan Bat\u0131 \u00f6zentilerine dek kimseden esirgemeyen Sabir, \u0130lber Ortayl\u0131&#8217;n\u0131n Sunu\u015f&#8217;undaki ifadesiyle, s\u0131radan Azerbaycanl\u0131daki renkli mizah\u00ee ifadeyi ve m\u00eell\u00ee hayat\u0131n folklorik \u00f6zelliklerini en y\u00fcksek seviyede temsil eder , Ortado\u011fu modernle\u015fmesinin tipik \u00f6nc\u00fclerinden biridir.<\/p>\n","protected":false},"excerpt":{"rendered":"<p>Mirze Elekber Sabir (1862-1911): Pek \u00e7ok yorumcuya g\u00f6re, k\u0131sa \u00f6mr\u00fcne kar\u015f\u0131n, Hophopname&#8217;de bir araya getirilen \u015fiirleriyle, Fuzuli&#8217;den sonra Azerbaycan&#8217;\u0131n yeti\u015ftirdi\u011fi en \u00f6nemli \u015fairdir. Keskin mizah\u0131n Rusya&#8217;dan<span class=\"excerpt-hellip\"> [\u2026]<\/span><\/p>\n","protected":false},"featured_media":0,"template":"","meta":{"_monsterinsights_skip_tracking":false,"_monsterinsights_sitenote_active":false,"_monsterinsights_sitenote_note":"","_monsterinsights_sitenote_category":0},"product_brand":[],"product_cat":[12291,12509],"product_tag":[],"class_list":{"0":"post-702916","1":"product","2":"type-product","3":"status-publish","5":"product_cat-edebiyat","6":"product_cat-siir","7":"pa_cilt-ciltsiz","8":"pa_tur-kitap","9":"pa_yayinevi-is-bankasi-kultur-yayinlari","10":"pa_yazar-mirze-elekber-sabir","12":"first","13":"instock","14":"sale","15":"shipping-taxable","16":"purchasable","17":"product-type-simple"},"_links":{"self":[{"href":"https:\/\/roveyayinevi.com.tr\/index.php\/wp-json\/wp\/v2\/product\/702916","targetHints":{"allow":["GET"]}}],"collection":[{"href":"https:\/\/roveyayinevi.com.tr\/index.php\/wp-json\/wp\/v2\/product"}],"about":[{"href":"https:\/\/roveyayinevi.com.tr\/index.php\/wp-json\/wp\/v2\/types\/product"}],"wp:attachment":[{"href":"https:\/\/roveyayinevi.com.tr\/index.php\/wp-json\/wp\/v2\/media?parent=702916"}],"wp:term":[{"taxonomy":"product_brand","embeddable":true,"href":"https:\/\/roveyayinevi.com.tr\/index.php\/wp-json\/wp\/v2\/product_brand?post=702916"},{"taxonomy":"product_cat","embeddable":true,"href":"https:\/\/roveyayinevi.com.tr\/index.php\/wp-json\/wp\/v2\/product_cat?post=702916"},{"taxonomy":"product_tag","embeddable":true,"href":"https:\/\/roveyayinevi.com.tr\/index.php\/wp-json\/wp\/v2\/product_tag?post=702916"}],"curies":[{"name":"wp","href":"https:\/\/api.w.org\/{rel}","templated":true}]}}