{"id":702906,"date":"2025-08-27T15:20:22","date_gmt":"2025-08-27T12:20:22","guid":{"rendered":"https:\/\/roveyayinevi.com.tr\/index.php\/urun\/kizilbaslar-tarihi\/"},"modified":"2026-04-16T02:11:55","modified_gmt":"2026-04-15T23:11:55","slug":"kizilbaslar-tarihi","status":"publish","type":"product","link":"https:\/\/roveyayinevi.com.tr\/index.php\/urun\/kizilbaslar-tarihi\/","title":{"rendered":"K\u0131z\u0131lba\u015flar Tarihi"},"content":{"rendered":"<p>K\u0131z\u0131lba\u015flar gerek Safev\u00ee Devleti\u2019nin y\u00fckseli\u015f ve ikbal d\u00f6nemlerinde, gerekse bunal\u0131m ve \u00e7\u00f6k\u00fc\u015f devrelerinde asker\u00ee g\u00fcc\u00fc daima ellerinde bulunduran Safev\u00ee Devleti\u2019ni ayakta tutan \u00f6nemli bir g\u00fc\u00e7 kayna\u011f\u0131 durumundayd\u0131lar ve giri\u015ftikleri her m\u00fccadelenin bedelini hayatlar\u0131yla \u00f6demi\u015flerdir.  Tarih-i K\u0131z\u0131lba\u015fan adl\u0131 m\u00fcellifi bilinmeyen bu eser;  1599-1605 y\u0131llar\u0131 aras\u0131nda yaz\u0131lm\u0131\u015f olup do\u011frudan K\u0131z\u0131lba\u015f kabileleri ile bu kabileye mensup, Safev\u00ee devlet idaresinde ve orduda g\u00f6rev alan \u00f6nemli emirlerin k\u0131sa biyografilerine tahsis edilmi\u015ftir. Asl\u0131nda buna tam olarak \u015eah \u0130smail\u2019den \u015eah Abbas d\u00f6neminin ortalar\u0131na kadar (1502-1605) Safev\u00ee Devleti\u2019nde g\u00f6rev yapan K\u0131z\u0131lba\u015f kadrolar demek daha do\u011fru olacakt\u0131r. \u00c7\u00fcnk\u00fc eser do\u011frudan K\u0131z\u0131lba\u015f beylerin k\u0131sa k\u00fcnyelerine ve h\u00e2kim olduklar\u0131 beldelere dair bilgiler vermekte, b\u00fcy\u00fck olaylar\u0131n anlat\u0131m\u0131ndan sarf\u0131nazar etmektedir. Bundan dolay\u0131 eserin T\u00fcrk\u00e7e terc\u00fcmesinde konunun anla\u015f\u0131lmas\u0131n\u0131 kolayla\u015ft\u0131rmak amac\u0131yla geni\u015f a\u00e7\u0131klamalar ilave edilmi\u015ftir. <\/p>\n","protected":false},"excerpt":{"rendered":"<p>K\u0131z\u0131lba\u015flar gerek Safev\u00ee Devleti\u2019nin y\u00fckseli\u015f ve ikbal d\u00f6nemlerinde, gerekse bunal\u0131m ve \u00e7\u00f6k\u00fc\u015f devrelerinde asker\u00ee g\u00fcc\u00fc daima ellerinde bulunduran Safev\u00ee Devleti\u2019ni ayakta tutan \u00f6nemli bir g\u00fc\u00e7 kayna\u011f\u0131<span class=\"excerpt-hellip\"> [\u2026]<\/span><\/p>\n","protected":false},"featured_media":0,"template":"","meta":{"_monsterinsights_skip_tracking":false,"_monsterinsights_sitenote_active":false,"_monsterinsights_sitenote_note":"","_monsterinsights_sitenote_category":0},"product_brand":[],"product_cat":[12370,12304],"product_tag":[],"class_list":{"0":"post-702906","1":"product","2":"type-product","3":"status-publish","5":"product_cat-arastirma-inceleme","6":"product_cat-tarih","7":"pa_cilt-ciltsiz","8":"pa_tur-kitap","9":"pa_yayinevi-yeditepe-yayinevi","10":"pa_yazar-tufan-gunduz","12":"first","13":"instock","14":"sale","15":"shipping-taxable","16":"purchasable","17":"product-type-simple"},"_links":{"self":[{"href":"https:\/\/roveyayinevi.com.tr\/index.php\/wp-json\/wp\/v2\/product\/702906","targetHints":{"allow":["GET"]}}],"collection":[{"href":"https:\/\/roveyayinevi.com.tr\/index.php\/wp-json\/wp\/v2\/product"}],"about":[{"href":"https:\/\/roveyayinevi.com.tr\/index.php\/wp-json\/wp\/v2\/types\/product"}],"wp:attachment":[{"href":"https:\/\/roveyayinevi.com.tr\/index.php\/wp-json\/wp\/v2\/media?parent=702906"}],"wp:term":[{"taxonomy":"product_brand","embeddable":true,"href":"https:\/\/roveyayinevi.com.tr\/index.php\/wp-json\/wp\/v2\/product_brand?post=702906"},{"taxonomy":"product_cat","embeddable":true,"href":"https:\/\/roveyayinevi.com.tr\/index.php\/wp-json\/wp\/v2\/product_cat?post=702906"},{"taxonomy":"product_tag","embeddable":true,"href":"https:\/\/roveyayinevi.com.tr\/index.php\/wp-json\/wp\/v2\/product_tag?post=702906"}],"curies":[{"name":"wp","href":"https:\/\/api.w.org\/{rel}","templated":true}]}}