{"id":702905,"date":"2025-08-27T15:20:22","date_gmt":"2025-08-27T12:20:22","guid":{"rendered":"https:\/\/roveyayinevi.com.tr\/index.php\/urun\/veba\/"},"modified":"2026-04-16T02:11:55","modified_gmt":"2026-04-15T23:11:55","slug":"veba","status":"publish","type":"product","link":"https:\/\/roveyayinevi.com.tr\/index.php\/urun\/veba\/","title":{"rendered":"Veba"},"content":{"rendered":"<p>Bir \u015fehri tan\u0131man\u0131n en kolay yolu, oradaki insanlar\u0131n nas\u0131l \u00e7al\u0131\u015ft\u0131klar\u0131n\u0131, nas\u0131l sevi\u015ftiklerini, nas\u0131l \u00f6ld\u00fcklerini \u00f6\u011frenmektir.   Her \u015fey, Doktor Rieux\u2019n\u00fcn bir nisan sabah\u0131 \u00f6l\u00fc bir fare g\u00f6rmesiyle ba\u015flar. Bu olay, Oran \u015fehrini on bir ay boyunca peri\u015fan edecek, korkun\u00e7 bir panik yaratacak b\u00fcy\u00fck bir salg\u0131n\u0131n habercisidir. Ba\u015fta hastal\u0131\u011f\u0131n kendilerine bula\u015fmayaca\u011f\u0131na, dokunulmaz olduklar\u0131na inanan insanlar, salg\u0131n\u0131n iyice yay\u0131lmas\u0131n\u0131n ard\u0131ndan kendi bireysel hapishanelerine hapsolurken fiziksel ve ruhsal olarak da \u00e7\u00f6ker. Bu krizi a\u015fman\u0131n tek yolu ise bireycili\u011fi bir yana koyup dayan\u0131\u015fma g\u00f6stermektir.   Veba\u2019da salt bir salg\u0131ndan ziyade insanl\u0131\u011f\u0131n k\u00f6t\u00fcl\u00fck sorununa, onun evrendeki metafizik yaln\u0131zl\u0131\u011f\u0131na e\u011filen Camus, umutsuzlu\u011fa al\u0131\u015fman\u0131n umutsuzluktan daha korkun\u00e7 oldu\u011funu vurgulayarak bizleri, sonu gelmeyen k\u00f6t\u00fcl\u00fc\u011fe kar\u015f\u0131 direnmeye \u00e7a\u011f\u0131r\u0131r.   \u201cVeba g\u00fcn\u00fcm\u00fcz\u00fcn ve t\u00fcm zamanlar\u0131n hik\u00e2yesi.\u201d The Guardian <\/p>\n","protected":false},"excerpt":{"rendered":"<p>Bir \u015fehri tan\u0131man\u0131n en kolay yolu, oradaki insanlar\u0131n nas\u0131l \u00e7al\u0131\u015ft\u0131klar\u0131n\u0131, nas\u0131l sevi\u015ftiklerini, nas\u0131l \u00f6ld\u00fcklerini \u00f6\u011frenmektir. Her \u015fey, Doktor Rieux\u2019n\u00fcn bir nisan sabah\u0131 \u00f6l\u00fc bir fare g\u00f6rmesiyle<span class=\"excerpt-hellip\"> [\u2026]<\/span><\/p>\n","protected":false},"featured_media":0,"template":"","meta":{"_monsterinsights_skip_tracking":false,"_monsterinsights_sitenote_active":false,"_monsterinsights_sitenote_note":"","_monsterinsights_sitenote_category":0},"product_brand":[],"product_cat":[12291,13376],"product_tag":[],"class_list":{"0":"post-702905","1":"product","2":"type-product","3":"status-publish","5":"product_cat-edebiyat","6":"product_cat-fransiz-edebiyati","7":"pa_cilt-ciltsiz","8":"pa_tur-kitap","9":"pa_yayinevi-can-yayinlari","10":"pa_yazar-albert-camus","12":"first","13":"instock","14":"sale","15":"shipping-taxable","16":"purchasable","17":"product-type-simple"},"_links":{"self":[{"href":"https:\/\/roveyayinevi.com.tr\/index.php\/wp-json\/wp\/v2\/product\/702905","targetHints":{"allow":["GET"]}}],"collection":[{"href":"https:\/\/roveyayinevi.com.tr\/index.php\/wp-json\/wp\/v2\/product"}],"about":[{"href":"https:\/\/roveyayinevi.com.tr\/index.php\/wp-json\/wp\/v2\/types\/product"}],"wp:attachment":[{"href":"https:\/\/roveyayinevi.com.tr\/index.php\/wp-json\/wp\/v2\/media?parent=702905"}],"wp:term":[{"taxonomy":"product_brand","embeddable":true,"href":"https:\/\/roveyayinevi.com.tr\/index.php\/wp-json\/wp\/v2\/product_brand?post=702905"},{"taxonomy":"product_cat","embeddable":true,"href":"https:\/\/roveyayinevi.com.tr\/index.php\/wp-json\/wp\/v2\/product_cat?post=702905"},{"taxonomy":"product_tag","embeddable":true,"href":"https:\/\/roveyayinevi.com.tr\/index.php\/wp-json\/wp\/v2\/product_tag?post=702905"}],"curies":[{"name":"wp","href":"https:\/\/api.w.org\/{rel}","templated":true}]}}