{"id":702902,"date":"2025-08-27T15:20:20","date_gmt":"2025-08-27T12:20:20","guid":{"rendered":"https:\/\/roveyayinevi.com.tr\/index.php\/urun\/oz-buyucusu-3\/"},"modified":"2026-04-16T02:11:54","modified_gmt":"2026-04-15T23:11:54","slug":"oz-buyucusu-3","status":"publish","type":"product","link":"https:\/\/roveyayinevi.com.tr\/index.php\/urun\/oz-buyucusu-3\/","title":{"rendered":"Oz B\u00fcy\u00fcc\u00fcs\u00fc"},"content":{"rendered":"<p>Bilgi Yay\u0131nevi\u2019nden, Tertemiz Bir \u00c7eviriyle Yeni Bir D\u00fcnya Klasi\u011fi\u2026Dorothy ve k\u00f6pe\u011fi Toto devasa bir hortuma kap\u0131l\u0131p kendilerini Oz \u00dclkesi\u2019nde bulduklar\u0131nda, k\u00fc\u00e7\u00fck k\u0131z teyzesini ve amcas\u0131n\u0131 bir daha asla g\u00f6remeyece\u011fini d\u00fc\u015f\u00fcnm\u00fc\u015ft\u00fc. Ama eve d\u00f6nmenin bir yolu vard\u0131: Sar\u0131 ta\u015fl\u0131 yolu takip ederek Z\u00fcmr\u00fct \u015eehir\u2019e ula\u015fmak ve Muhte\u015fem Oz B\u00fcy\u00fcc\u00fcs\u00fc\u2019nden yard\u0131m istemek.Bu yolculuk g\u00f6r\u00fcnd\u00fc\u011f\u00fc kadar kolay olmad\u0131. Dorothy ile Toto yolda kar\u015f\u0131la\u015ft\u0131klar\u0131 Korkuluk, Teneke Adam ve Korkak Aslan\u2019la heyecanl\u0131 ve korkulu pek \u00e7ok macera ya\u015fad\u0131. Peki, Z\u00fcmr\u00fct \u015eehir\u2019e vard\u0131klar\u0131nda Oz ger\u00e7ekten de onlara yard\u0131m edebildi mi? <\/p>\n","protected":false},"excerpt":{"rendered":"<p>Bilgi Yay\u0131nevi\u2019nden, Tertemiz Bir \u00c7eviriyle Yeni Bir D\u00fcnya Klasi\u011fi\u2026Dorothy ve k\u00f6pe\u011fi Toto devasa bir hortuma kap\u0131l\u0131p kendilerini Oz \u00dclkesi\u2019nde bulduklar\u0131nda, k\u00fc\u00e7\u00fck k\u0131z teyzesini ve amcas\u0131n\u0131 bir<span class=\"excerpt-hellip\"> [\u2026]<\/span><\/p>\n","protected":false},"featured_media":0,"template":"","meta":{"_monsterinsights_skip_tracking":false,"_monsterinsights_sitenote_active":false,"_monsterinsights_sitenote_note":"","_monsterinsights_sitenote_category":0},"product_brand":[],"product_cat":[12274,12467],"product_tag":[],"class_list":{"0":"post-702902","1":"product","2":"type-product","3":"status-publish","5":"product_cat-cocuk-ve-genclik-kitaplari","6":"product_cat-dunya-klasikleri","7":"pa_cilt-ciltsiz","8":"pa_tur-kitap","9":"pa_yayinevi-bilgi-yayinevi-cocuk","10":"pa_yazar-l-frank-baum","12":"first","13":"instock","14":"sale","15":"shipping-taxable","16":"purchasable","17":"product-type-simple"},"_links":{"self":[{"href":"https:\/\/roveyayinevi.com.tr\/index.php\/wp-json\/wp\/v2\/product\/702902","targetHints":{"allow":["GET"]}}],"collection":[{"href":"https:\/\/roveyayinevi.com.tr\/index.php\/wp-json\/wp\/v2\/product"}],"about":[{"href":"https:\/\/roveyayinevi.com.tr\/index.php\/wp-json\/wp\/v2\/types\/product"}],"wp:attachment":[{"href":"https:\/\/roveyayinevi.com.tr\/index.php\/wp-json\/wp\/v2\/media?parent=702902"}],"wp:term":[{"taxonomy":"product_brand","embeddable":true,"href":"https:\/\/roveyayinevi.com.tr\/index.php\/wp-json\/wp\/v2\/product_brand?post=702902"},{"taxonomy":"product_cat","embeddable":true,"href":"https:\/\/roveyayinevi.com.tr\/index.php\/wp-json\/wp\/v2\/product_cat?post=702902"},{"taxonomy":"product_tag","embeddable":true,"href":"https:\/\/roveyayinevi.com.tr\/index.php\/wp-json\/wp\/v2\/product_tag?post=702902"}],"curies":[{"name":"wp","href":"https:\/\/api.w.org\/{rel}","templated":true}]}}