{"id":702901,"date":"2025-08-27T15:20:20","date_gmt":"2025-08-27T12:20:20","guid":{"rendered":"https:\/\/roveyayinevi.com.tr\/index.php\/urun\/gomulu-dev\/"},"modified":"2026-04-16T02:11:54","modified_gmt":"2026-04-15T23:11:54","slug":"gomulu-dev","status":"publish","type":"product","link":"https:\/\/roveyayinevi.com.tr\/index.php\/urun\/gomulu-dev\/","title":{"rendered":"G\u00f6m\u00fcl\u00fc Dev"},"content":{"rendered":"<p>Romal\u0131lar Britanya\u2019y\u0131 terk edeli \u00e7ok olmu\u015f. Viraneye d\u00f6nmekte koca \u00fclke. Neyse ki ortal\u0131\u011f\u0131 kas\u0131p kavuran sava\u015f bitmi\u015f.Britonlar\u2019dan Axl ile Beatrice y\u0131llard\u0131r g\u00f6rmedikleri o\u011fullar\u0131na kavu\u015fmak i\u00e7in tehlikeli topraklarda zorlu bir yolculu\u011fu g\u00f6ze al\u0131yorlar. Ba\u015flar\u0131na t\u00fcrl\u00fc belan\u0131n gelece\u011fini de biliyorlar, fakat \u00fcst\u00fc \u00f6rt\u00fclm\u00fc\u015f s\u0131rlar\u0131n\u0131 ayd\u0131nlatacak ate\u015ften haberleri yok hen\u00fcz. Bir de yollar\u0131n\u0131n kesi\u015fece\u011fi ki\u015filer var: Sakson sava\u015f\u00e7\u0131, \u00f6ks\u00fcz o\u011flan ve t\u0131pk\u0131 Axl\u2019la Beatrice gibi ge\u00e7mi\u015finde kaybolmu\u015f, hat\u0131ralar\u0131n\u0131n vaat ettiklerine ve al\u0131p g\u00f6t\u00fcrd\u00fcklerine yenik bir \u015f\u00f6valye. Hep birlikte s\u00fcr\u00fcklendikleri macera bir kurtulu\u015f mu olacak, yoksa yeni bir felaketin habercisi mi?Kazuo Ishiguro\u2019dan unutu\u015f ve an\u0131lar\u0131n g\u00fcc\u00fc \u00fczerine zaman\u0131 a\u015fan bir \u00f6yk\u00fc; \u00f6zenle korunmu\u015f bir a\u015fka, intikama ve sava\u015fa dair bir mesel.  \u2018\u2019G\u00f6m\u00fcl\u00fc Dev\u2019\u2019, h\u00fcz\u00fcnl\u00fc, gizemli, her sat\u0131r\u0131 iz b\u0131rakacak bir roman.\u201cD\u00fcnyan\u0131n ya\u015fayan en b\u00fcy\u00fck yazar\u0131 Kazuo Ishiguro\u2019dan yeni bir roman. Bir ba\u015fyap\u0131t.\u201d- David Walliams\u201cKazuo Ishiguro \u00f6yle tuhaf ve harika bir roman yazm\u0131\u015f ki!.. Benzersiz, okuru esir alan bir roman.\u201d- David Sexton, Evening Standard<\/p>\n","protected":false},"excerpt":{"rendered":"<p>Romal\u0131lar Britanya\u2019y\u0131 terk edeli \u00e7ok olmu\u015f. Viraneye d\u00f6nmekte koca \u00fclke. Neyse ki ortal\u0131\u011f\u0131 kas\u0131p kavuran sava\u015f bitmi\u015f.Britonlar\u2019dan Axl ile Beatrice y\u0131llard\u0131r g\u00f6rmedikleri o\u011fullar\u0131na kavu\u015fmak i\u00e7in tehlikeli<span class=\"excerpt-hellip\"> [\u2026]<\/span><\/p>\n","protected":false},"featured_media":0,"template":"","meta":{"_monsterinsights_skip_tracking":false,"_monsterinsights_sitenote_active":false,"_monsterinsights_sitenote_note":"","_monsterinsights_sitenote_category":0},"product_brand":[],"product_cat":[12291,12711],"product_tag":[],"class_list":{"0":"post-702901","1":"product","2":"type-product","3":"status-publish","5":"product_cat-edebiyat","6":"product_cat-roman-oyku","7":"pa_cilt-ciltsiz","8":"pa_tur-kitap","9":"pa_yayinevi-yapi-kredi-yayinlari","10":"pa_yazar-kazuo-ishiguro","12":"first","13":"instock","14":"sale","15":"shipping-taxable","16":"purchasable","17":"product-type-simple"},"_links":{"self":[{"href":"https:\/\/roveyayinevi.com.tr\/index.php\/wp-json\/wp\/v2\/product\/702901","targetHints":{"allow":["GET"]}}],"collection":[{"href":"https:\/\/roveyayinevi.com.tr\/index.php\/wp-json\/wp\/v2\/product"}],"about":[{"href":"https:\/\/roveyayinevi.com.tr\/index.php\/wp-json\/wp\/v2\/types\/product"}],"wp:attachment":[{"href":"https:\/\/roveyayinevi.com.tr\/index.php\/wp-json\/wp\/v2\/media?parent=702901"}],"wp:term":[{"taxonomy":"product_brand","embeddable":true,"href":"https:\/\/roveyayinevi.com.tr\/index.php\/wp-json\/wp\/v2\/product_brand?post=702901"},{"taxonomy":"product_cat","embeddable":true,"href":"https:\/\/roveyayinevi.com.tr\/index.php\/wp-json\/wp\/v2\/product_cat?post=702901"},{"taxonomy":"product_tag","embeddable":true,"href":"https:\/\/roveyayinevi.com.tr\/index.php\/wp-json\/wp\/v2\/product_tag?post=702901"}],"curies":[{"name":"wp","href":"https:\/\/api.w.org\/{rel}","templated":true}]}}