{"id":702897,"date":"2025-08-27T15:20:19","date_gmt":"2025-08-27T12:20:19","guid":{"rendered":"https:\/\/roveyayinevi.com.tr\/index.php\/urun\/cocukluk-ilkgenclik-genclik\/"},"modified":"2026-02-03T02:19:53","modified_gmt":"2026-02-02T23:19:53","slug":"cocukluk-ilkgenclik-genclik","status":"publish","type":"product","link":"https:\/\/roveyayinevi.com.tr\/index.php\/urun\/cocukluk-ilkgenclik-genclik\/","title":{"rendered":"\u00c7ocukluk, \u0130lkgen\u00e7lik, Gen\u00e7lik"},"content":{"rendered":"<p>Tolstoy\u2019un yirmili ya\u015flar\u0131nda yazd\u0131\u011f\u0131 \u00c7ocukluk, \u0130lkgen\u00e7lik, Gen\u00e7lik yazar\u0131n yay\u0131mlanan ilk eseri ve en otobiyografik kitab\u0131d\u0131r. Tolstoy \u00c7ocukluk, \u0130lkgen\u00e7lik, Gen\u00e7lik\u2019te kendi hayat\u0131ndan hareketle, varl\u0131kl\u0131 bir ailenin o\u011flu olan Nikolenka\u2019n\u0131n i\u00e7 d\u00fcnyas\u0131n\u0131 ke\u015ffe \u00e7\u0131k\u0131yor. K\u00fc\u00e7\u00fck ya\u015ftan itibaren b\u00fcy\u00fcy\u00fcp geli\u015fmesine tan\u0131k oldu\u011fumuz kahraman\u0131n \u00f6zel \u00f6\u011fretmeniyle, sevgili annesiyle, so\u011fuk ve mesafeli babas\u0131yla, karde\u015fleriyle ili\u015fkisini okurken, geri planda ki\u015fili\u011finin nas\u0131l \u015fekillenip ortaya \u00e7\u0131kt\u0131\u011f\u0131n\u0131 g\u00f6r\u00fcyoruz. Arkada\u015flar\u0131yla ge\u00e7irdi\u011fi zamanlardan, hayallerinden, imk\u00e2n ve engellerinden s\u00f6z ederken, Nikolenka ger\u00e7ekte d\u00fcnyay\u0131 anlama \u00e7abas\u0131n\u0131 payla\u015f\u0131yor. Gen\u00e7 bir yazar\u0131n ilk roman\u0131 olmas\u0131na ra\u011fmen karakter \u00e7izimlerindeki titizlik ve detay zenginli\u011fi, anlat\u0131mdaki duygu yo\u011funlu\u011fu \u00c7ocukluk, \u0130lkgen\u00e7lik,Gen\u00e7lik\u2019e s\u0131ra d\u0131\u015f\u0131 bir ba\u015far\u0131 kazand\u0131rm\u0131\u015ft\u0131r. \u201cBir duygunun kendine has niteli\u011fini ve tad\u0131n\u0131 dile getirmede, bug\u00fcne kadar Tolstoy\u2019u ge\u00e7ebilen hi\u00e7bir yazar olmam\u0131\u015ft\u0131r.\u201d ISAIAH BERLIN<\/p>\n","protected":false},"excerpt":{"rendered":"<p>Tolstoy\u2019un yirmili ya\u015flar\u0131nda yazd\u0131\u011f\u0131 \u00c7ocukluk, \u0130lkgen\u00e7lik, Gen\u00e7lik yazar\u0131n yay\u0131mlanan ilk eseri ve en otobiyografik kitab\u0131d\u0131r. Tolstoy \u00c7ocukluk, \u0130lkgen\u00e7lik, Gen\u00e7lik\u2019te kendi hayat\u0131ndan hareketle, varl\u0131kl\u0131 bir ailenin o\u011flu<span class=\"excerpt-hellip\"> [\u2026]<\/span><\/p>\n","protected":false},"featured_media":0,"template":"","meta":{"_monsterinsights_skip_tracking":false,"_monsterinsights_sitenote_active":false,"_monsterinsights_sitenote_note":"","_monsterinsights_sitenote_category":0},"product_brand":[],"product_cat":[12291,12711],"product_tag":[],"class_list":{"0":"post-702897","1":"product","2":"type-product","3":"status-publish","5":"product_cat-edebiyat","6":"product_cat-roman-oyku","7":"pa_cilt-ciltsiz","8":"pa_tur-kitap","9":"pa_yayinevi-iletisim-yayinlari","10":"pa_yazar-lev-nikolayevic-tolstoy","12":"first","13":"instock","14":"sale","15":"shipping-taxable","16":"purchasable","17":"product-type-simple"},"_links":{"self":[{"href":"https:\/\/roveyayinevi.com.tr\/index.php\/wp-json\/wp\/v2\/product\/702897","targetHints":{"allow":["GET"]}}],"collection":[{"href":"https:\/\/roveyayinevi.com.tr\/index.php\/wp-json\/wp\/v2\/product"}],"about":[{"href":"https:\/\/roveyayinevi.com.tr\/index.php\/wp-json\/wp\/v2\/types\/product"}],"wp:attachment":[{"href":"https:\/\/roveyayinevi.com.tr\/index.php\/wp-json\/wp\/v2\/media?parent=702897"}],"wp:term":[{"taxonomy":"product_brand","embeddable":true,"href":"https:\/\/roveyayinevi.com.tr\/index.php\/wp-json\/wp\/v2\/product_brand?post=702897"},{"taxonomy":"product_cat","embeddable":true,"href":"https:\/\/roveyayinevi.com.tr\/index.php\/wp-json\/wp\/v2\/product_cat?post=702897"},{"taxonomy":"product_tag","embeddable":true,"href":"https:\/\/roveyayinevi.com.tr\/index.php\/wp-json\/wp\/v2\/product_tag?post=702897"}],"curies":[{"name":"wp","href":"https:\/\/api.w.org\/{rel}","templated":true}]}}