{"id":702895,"date":"2025-08-27T15:20:18","date_gmt":"2025-08-27T12:20:18","guid":{"rendered":"https:\/\/roveyayinevi.com.tr\/index.php\/urun\/mubarek-kadinlar\/"},"modified":"2026-04-16T02:11:54","modified_gmt":"2026-04-15T23:11:54","slug":"mubarek-kadinlar","status":"publish","type":"product","link":"https:\/\/roveyayinevi.com.tr\/index.php\/urun\/mubarek-kadinlar\/","title":{"rendered":"M\u00fcbarek Kad\u0131nlar"},"content":{"rendered":"<p>Anlat\u0131lan her \u015fey ger\u00e7e\u011fin bir eksi\u011fidir; ya da be\u015f alt\u0131 fazlas\u0131. Sahiden olan\u0131  on ikiden vurmak imk\u00e2ns\u0131z bir \u015fey.  On ikiden vurup ne yapaca\u011f\u0131z, o da ayr\u0131 konu.  Yine de i\u00e7imden bu hik\u00e2yeyi oldu\u011fu  gibi anlatmak geliyor \u015fimdi. Ak\u015fam \u00e7\u00f6k\u00fcnce kaybolan \u0131\u015f\u0131klar, tavuk didenler, \u00f6nceden \u0131slat\u0131lan pirin\u00e7, avu\u00e7 i\u00e7i kadar ev. Bulutsu eller, Haylayf Plaj\u0131\u2019nda bir bah\u00e7e kat\u0131. Nurhayat\u2019\u0131n kirpikleri, Nurhayat\u2019\u0131n diyorum, badem g\u00f6zleri&#8230;  Ayyk\u0131raca nehesimm kalvasa vileee,  elleri \u0131zan\u0131r \u0131ld\u0131\u011f\u0131nn yereee&#8230; \u00d6n\u00fcndeki bo\u015flu\u011fu yuvarlayanlar\u0131n, insan kalmaya \u00e7al\u0131\u015fanlar\u0131n hik\u00e2yeleri. Beyaz fayans, kara delik. Gaye Boral\u0131o\u011flu\u2019ndan&#8230; Dikenli, d\u00fc\u015ft\u00fc\u011f\u00fc yeri yakan, ustaca.<\/p>\n","protected":false},"excerpt":{"rendered":"<p>Anlat\u0131lan her \u015fey ger\u00e7e\u011fin bir eksi\u011fidir; ya da be\u015f alt\u0131 fazlas\u0131. Sahiden olan\u0131 on ikiden vurmak imk\u00e2ns\u0131z bir \u015fey. On ikiden vurup ne yapaca\u011f\u0131z, o da<span class=\"excerpt-hellip\"> [\u2026]<\/span><\/p>\n","protected":false},"featured_media":0,"template":"","meta":{"_monsterinsights_skip_tracking":false,"_monsterinsights_sitenote_active":false,"_monsterinsights_sitenote_note":"","_monsterinsights_sitenote_category":0},"product_brand":[],"product_cat":[12777,12291],"product_tag":[],"class_list":{"0":"post-702895","1":"product","2":"type-product","3":"status-publish","5":"product_cat-deneme","6":"product_cat-edebiyat","7":"pa_cilt-ciltsiz","8":"pa_tur-kitap","9":"pa_yayinevi-iletisim-yayinlari","10":"pa_yazar-gaye-boralioglu","12":"first","13":"instock","14":"sale","15":"shipping-taxable","16":"purchasable","17":"product-type-simple"},"_links":{"self":[{"href":"https:\/\/roveyayinevi.com.tr\/index.php\/wp-json\/wp\/v2\/product\/702895","targetHints":{"allow":["GET"]}}],"collection":[{"href":"https:\/\/roveyayinevi.com.tr\/index.php\/wp-json\/wp\/v2\/product"}],"about":[{"href":"https:\/\/roveyayinevi.com.tr\/index.php\/wp-json\/wp\/v2\/types\/product"}],"wp:attachment":[{"href":"https:\/\/roveyayinevi.com.tr\/index.php\/wp-json\/wp\/v2\/media?parent=702895"}],"wp:term":[{"taxonomy":"product_brand","embeddable":true,"href":"https:\/\/roveyayinevi.com.tr\/index.php\/wp-json\/wp\/v2\/product_brand?post=702895"},{"taxonomy":"product_cat","embeddable":true,"href":"https:\/\/roveyayinevi.com.tr\/index.php\/wp-json\/wp\/v2\/product_cat?post=702895"},{"taxonomy":"product_tag","embeddable":true,"href":"https:\/\/roveyayinevi.com.tr\/index.php\/wp-json\/wp\/v2\/product_tag?post=702895"}],"curies":[{"name":"wp","href":"https:\/\/api.w.org\/{rel}","templated":true}]}}