{"id":702892,"date":"2025-08-27T15:20:17","date_gmt":"2025-08-27T12:20:17","guid":{"rendered":"https:\/\/roveyayinevi.com.tr\/index.php\/urun\/profesor-iyon-ile-fen-koydeki-esrarengiz-kuvvet\/"},"modified":"2026-04-16T02:11:54","modified_gmt":"2026-04-15T23:11:54","slug":"profesor-iyon-ile-fen-koydeki-esrarengiz-kuvvet","status":"publish","type":"product","link":"https:\/\/roveyayinevi.com.tr\/index.php\/urun\/profesor-iyon-ile-fen-koydeki-esrarengiz-kuvvet\/","title":{"rendered":"Profes\u00f6r \u0130yon \u0130le Fen : K\u00f6ydeki Esrarengiz Kuvvet"},"content":{"rendered":"<p>Ceren k\u00f6y\u00fcne ve annesine kavu\u015ftu\u011fu i\u00e7in \u00e7ok mutludur. Bu nedenle \u00f6\u011fretmeninin tatilde ondan \u00e7al\u0131\u015fmas\u0131n\u0131 bekledi\u011fi konuyu hi\u00e7 umursamaz. Ancak b\u00f6yle giderse yeni d\u00f6nem \u00e7ok zorluk \u00e7ekecektir. Neyse ki \u00e7ocuklara yard\u0131m etmeyi g\u00f6rev edinmi\u015f Fen Gezegeni\u2019nin Ba\u015fkan\u0131 Profes\u00f6r \u0130yon vard\u0131r. Uzman\u0131 Vekt\u00f6r sayesinde Ceren k\u00f6ydeki gezintileri esnas\u0131nda suyun, r\u00fczgar\u0131n kuvvet ve hareketlerine \u015fahit olur, gerilimli bir macera ya\u015far ve tabii ki \u00e7ok \u015fey \u00f6\u011frenir! \ufffcTan\u0131t\u0131m Metni<\/p>\n","protected":false},"excerpt":{"rendered":"<p>Ceren k\u00f6y\u00fcne ve annesine kavu\u015ftu\u011fu i\u00e7in \u00e7ok mutludur. Bu nedenle \u00f6\u011fretmeninin tatilde ondan \u00e7al\u0131\u015fmas\u0131n\u0131 bekledi\u011fi konuyu hi\u00e7 umursamaz. Ancak b\u00f6yle giderse yeni d\u00f6nem \u00e7ok zorluk \u00e7ekecektir.<span class=\"excerpt-hellip\"> [\u2026]<\/span><\/p>\n","protected":false},"featured_media":0,"template":"","meta":{"_monsterinsights_skip_tracking":false,"_monsterinsights_sitenote_active":false,"_monsterinsights_sitenote_note":"","_monsterinsights_sitenote_category":0},"product_brand":[],"product_cat":[13829,12274],"product_tag":[],"class_list":{"0":"post-702892","1":"product","2":"type-product","3":"status-publish","5":"product_cat-bilimsel-kitaplar","6":"product_cat-cocuk-ve-genclik-kitaplari","7":"pa_cilt-ciltsiz","8":"pa_tur-kitap","9":"pa_yayinevi-timas-cocuk","10":"pa_yazar-birsen-ekim-ozen","12":"first","13":"instock","14":"sale","15":"shipping-taxable","16":"purchasable","17":"product-type-simple"},"_links":{"self":[{"href":"https:\/\/roveyayinevi.com.tr\/index.php\/wp-json\/wp\/v2\/product\/702892","targetHints":{"allow":["GET"]}}],"collection":[{"href":"https:\/\/roveyayinevi.com.tr\/index.php\/wp-json\/wp\/v2\/product"}],"about":[{"href":"https:\/\/roveyayinevi.com.tr\/index.php\/wp-json\/wp\/v2\/types\/product"}],"wp:attachment":[{"href":"https:\/\/roveyayinevi.com.tr\/index.php\/wp-json\/wp\/v2\/media?parent=702892"}],"wp:term":[{"taxonomy":"product_brand","embeddable":true,"href":"https:\/\/roveyayinevi.com.tr\/index.php\/wp-json\/wp\/v2\/product_brand?post=702892"},{"taxonomy":"product_cat","embeddable":true,"href":"https:\/\/roveyayinevi.com.tr\/index.php\/wp-json\/wp\/v2\/product_cat?post=702892"},{"taxonomy":"product_tag","embeddable":true,"href":"https:\/\/roveyayinevi.com.tr\/index.php\/wp-json\/wp\/v2\/product_tag?post=702892"}],"curies":[{"name":"wp","href":"https:\/\/api.w.org\/{rel}","templated":true}]}}