{"id":702891,"date":"2025-08-27T15:20:17","date_gmt":"2025-08-27T12:20:17","guid":{"rendered":"https:\/\/roveyayinevi.com.tr\/index.php\/urun\/sair-sufiler\/"},"modified":"2026-04-16T02:11:54","modified_gmt":"2026-04-15T23:11:54","slug":"sair-sufiler","status":"publish","type":"product","link":"https:\/\/roveyayinevi.com.tr\/index.php\/urun\/sair-sufiler\/","title":{"rendered":"\u015eair Sufiler"},"content":{"rendered":"<p>Gazzali sonras\u0131nda tasavvuf iki alanda geni\u015f bir literat\u00fcr ortaya \u00e7\u0131kard\u0131: Birincisi nazari d\u00fc\u015f\u00fcncenin i\u015flendi\u011fi mensur metinlerdir. Bu alan\u0131n en \u00f6nemli isimleri \u0130bn\u00fc\u2019l-Arabi ve Konevi\u2019dir. \u0130kinci literat\u00fcr ise \u015fiir ve hikaye diliyle ortaya \u00e7\u0131kan ve ilkine g\u00f6re yayg\u0131n ve etkili olan bir literat\u00fcrd\u00fcr. Bu alanda Arap\u00e7a yazanlar aras\u0131nda \u0130bn\u00fc\u2019l-Far\u0131z, Fars\u00e7a yazanlar aras\u0131nda Celaleddin Rumi, Ferid\u00fcddin Attar, T\u00fcrk\u00e7e yazanlar aras\u0131nda Yunus Emre en iyi bilinen \u00f6rneklerdir. \u015eiirle d\u00fc\u015f\u00fcncelerini anlatan suf\u00eeler ile nesir yazanlar ayn\u0131 d\u00fc\u015f\u00fcnceyi mi anlatm\u0131\u015flard\u0131? Bu sorunun cevab\u0131n\u0131 bulmak s\u00fcrecinde \u015fiir nazari metinlere yakla\u015ft\u0131r\u0131lm\u0131\u015f, tasavvufi \u015fiir nazari d\u00fc\u015f\u00fcnce i\u00e7erisinde ve onun kal\u0131plar\u0131yla tahlil edilmi\u015ftir. Ba\u015fta Mesnevi \u015ferhleri olmak \u00fczere pek \u00e7ok \u015fiir \u015ferhi b\u00f6yle bir zihinsel arka plan\u0131n \u00fcr\u00fcn\u00fcd\u00fcr. <\/p>\n","protected":false},"excerpt":{"rendered":"<p>Gazzali sonras\u0131nda tasavvuf iki alanda geni\u015f bir literat\u00fcr ortaya \u00e7\u0131kard\u0131: Birincisi nazari d\u00fc\u015f\u00fcncenin i\u015flendi\u011fi mensur metinlerdir. Bu alan\u0131n en \u00f6nemli isimleri \u0130bn\u00fc\u2019l-Arabi ve Konevi\u2019dir. \u0130kinci literat\u00fcr<span class=\"excerpt-hellip\"> [\u2026]<\/span><\/p>\n","protected":false},"featured_media":0,"template":"","meta":{"_monsterinsights_skip_tracking":false,"_monsterinsights_sitenote_active":false,"_monsterinsights_sitenote_note":"","_monsterinsights_sitenote_category":0},"product_brand":[],"product_cat":[12718,12719,15238],"product_tag":[],"class_list":{"0":"post-702891","1":"product","2":"type-product","3":"status-publish","5":"product_cat-din","6":"product_cat-islam","7":"product_cat-tasavvuf","8":"pa_cilt-ciltsiz","9":"pa_tur-kitap","10":"pa_yayinevi-sufi-kitap","11":"pa_yazar-ekrem-demirli","13":"first","14":"instock","15":"sale","16":"shipping-taxable","17":"purchasable","18":"product-type-simple"},"_links":{"self":[{"href":"https:\/\/roveyayinevi.com.tr\/index.php\/wp-json\/wp\/v2\/product\/702891","targetHints":{"allow":["GET"]}}],"collection":[{"href":"https:\/\/roveyayinevi.com.tr\/index.php\/wp-json\/wp\/v2\/product"}],"about":[{"href":"https:\/\/roveyayinevi.com.tr\/index.php\/wp-json\/wp\/v2\/types\/product"}],"wp:attachment":[{"href":"https:\/\/roveyayinevi.com.tr\/index.php\/wp-json\/wp\/v2\/media?parent=702891"}],"wp:term":[{"taxonomy":"product_brand","embeddable":true,"href":"https:\/\/roveyayinevi.com.tr\/index.php\/wp-json\/wp\/v2\/product_brand?post=702891"},{"taxonomy":"product_cat","embeddable":true,"href":"https:\/\/roveyayinevi.com.tr\/index.php\/wp-json\/wp\/v2\/product_cat?post=702891"},{"taxonomy":"product_tag","embeddable":true,"href":"https:\/\/roveyayinevi.com.tr\/index.php\/wp-json\/wp\/v2\/product_tag?post=702891"}],"curies":[{"name":"wp","href":"https:\/\/api.w.org\/{rel}","templated":true}]}}