{"id":702888,"date":"2025-08-27T15:20:16","date_gmt":"2025-08-27T12:20:16","guid":{"rendered":"https:\/\/roveyayinevi.com.tr\/index.php\/urun\/deli-divane\/"},"modified":"2026-04-08T02:15:17","modified_gmt":"2026-04-07T23:15:17","slug":"deli-divane","status":"publish","type":"product","link":"https:\/\/roveyayinevi.com.tr\/index.php\/urun\/deli-divane\/","title":{"rendered":"Deli Divane"},"content":{"rendered":"<p>\u201cSusmad\u0131\u011f\u0131n her an, seni \u00f6perek susturaca\u011f\u0131m\u0131 s\u00f6ylemi\u015ftim Yeliz! Ve bunu yapmaktan asla \u00e7ekinmeyece\u011fimi biliyorsun, aksine bu bir zevk olacak&#8230;\u201dBir yanda Karadeniz gibi bir adam: H\u0131r\u00e7\u0131n, \u00f6fkeli, mert\u2026Di\u011fer tarafta ba\u015f\u0131na buyruk bir deli k\u0131z: \u0130nat\u00e7\u0131, sevimli, \u00e7enebaz\u2026&#8221;Benim ilk a\u015fk\u0131m sensin Memet&#8230; Kalbim ilk defa sana att\u0131 ve Allah \u015fahidimdir en son yine sana atacak&#8230;&#8221;Ve doludizgin giden bir a\u015fk: Karadeniz kadar h\u0131r\u00e7\u0131n, yaylalar kadar \u00f6zg\u00fcr, \u0130stanbul kadar tutkulu\u2026<\/p>\n","protected":false},"excerpt":{"rendered":"<p>\u201cSusmad\u0131\u011f\u0131n her an, seni \u00f6perek susturaca\u011f\u0131m\u0131 s\u00f6ylemi\u015ftim Yeliz! Ve bunu yapmaktan asla \u00e7ekinmeyece\u011fimi biliyorsun, aksine bu bir zevk olacak&#8230;\u201dBir yanda Karadeniz gibi bir adam: H\u0131r\u00e7\u0131n, \u00f6fkeli,<span class=\"excerpt-hellip\"> [\u2026]<\/span><\/p>\n","protected":false},"featured_media":0,"template":"","meta":{"_monsterinsights_skip_tracking":false,"_monsterinsights_sitenote_active":false,"_monsterinsights_sitenote_note":"","_monsterinsights_sitenote_category":0},"product_brand":[],"product_cat":[12291,12711],"product_tag":[],"class_list":{"0":"post-702888","1":"product","2":"type-product","3":"status-publish","5":"product_cat-edebiyat","6":"product_cat-roman-oyku","7":"pa_cilt-ciltsiz","8":"pa_tur-kitap","9":"pa_yayinevi-muptela-yayinevi","10":"pa_yazar-nehir-erdem","12":"first","13":"instock","14":"sale","15":"shipping-taxable","16":"purchasable","17":"product-type-simple"},"_links":{"self":[{"href":"https:\/\/roveyayinevi.com.tr\/index.php\/wp-json\/wp\/v2\/product\/702888","targetHints":{"allow":["GET"]}}],"collection":[{"href":"https:\/\/roveyayinevi.com.tr\/index.php\/wp-json\/wp\/v2\/product"}],"about":[{"href":"https:\/\/roveyayinevi.com.tr\/index.php\/wp-json\/wp\/v2\/types\/product"}],"wp:attachment":[{"href":"https:\/\/roveyayinevi.com.tr\/index.php\/wp-json\/wp\/v2\/media?parent=702888"}],"wp:term":[{"taxonomy":"product_brand","embeddable":true,"href":"https:\/\/roveyayinevi.com.tr\/index.php\/wp-json\/wp\/v2\/product_brand?post=702888"},{"taxonomy":"product_cat","embeddable":true,"href":"https:\/\/roveyayinevi.com.tr\/index.php\/wp-json\/wp\/v2\/product_cat?post=702888"},{"taxonomy":"product_tag","embeddable":true,"href":"https:\/\/roveyayinevi.com.tr\/index.php\/wp-json\/wp\/v2\/product_tag?post=702888"}],"curies":[{"name":"wp","href":"https:\/\/api.w.org\/{rel}","templated":true}]}}