{"id":702887,"date":"2025-08-27T15:20:15","date_gmt":"2025-08-27T12:20:15","guid":{"rendered":"https:\/\/roveyayinevi.com.tr\/index.php\/urun\/justice-league-cilt-2-hainin-yolculugu\/"},"modified":"2026-04-16T02:11:54","modified_gmt":"2026-04-15T23:11:54","slug":"justice-league-cilt-2-hainin-yolculugu","status":"publish","type":"product","link":"https:\/\/roveyayinevi.com.tr\/index.php\/urun\/justice-league-cilt-2-hainin-yolculugu\/","title":{"rendered":"Justice League Cilt 2 &#8211; Hainin Yolculu\u011fu"},"content":{"rendered":"<p>\u201cGeoff Johns, eski efsanevi JLA d\u00fcs\u00b8manlar\u0131na yak\u0131s, acak yeni bir k\u00f6t\u00fc adam yarat\u0131yor. Jim Lee de hala \u00e7izgi roman end\u00fcstrisinin en g\u00f6rkemli ve g\u00fc\u00e7l\u00fc s\u00fcper kahramanlar\u0131n\u0131 \u00e7iziyor.\u201d \ufffcTan\u0131t\u0131m Metni<\/p>\n","protected":false},"excerpt":{"rendered":"<p>\u201cGeoff Johns, eski efsanevi JLA d\u00fcs\u00b8manlar\u0131na yak\u0131s, acak yeni bir k\u00f6t\u00fc adam yarat\u0131yor. Jim Lee de hala \u00e7izgi roman end\u00fcstrisinin en g\u00f6rkemli ve g\u00fc\u00e7l\u00fc s\u00fcper kahramanlar\u0131n\u0131<span class=\"excerpt-hellip\"> [\u2026]<\/span><\/p>\n","protected":false},"featured_media":0,"template":"","meta":{"_monsterinsights_skip_tracking":false,"_monsterinsights_sitenote_active":false,"_monsterinsights_sitenote_note":"","_monsterinsights_sitenote_category":0},"product_brand":[],"product_cat":[12689,12274],"product_tag":[],"class_list":{"0":"post-702887","1":"product","2":"type-product","3":"status-publish","5":"product_cat-cizgi-roman-cocuk-ve-genclik-kitaplari","6":"product_cat-cocuk-ve-genclik-kitaplari","7":"pa_cilt-ciltsiz","8":"pa_tur-kitap","9":"pa_yayinevi-yapi-kredi-yayinlari","10":"pa_yazar-jim-lee","12":"first","13":"instock","14":"sale","15":"shipping-taxable","16":"purchasable","17":"product-type-simple"},"_links":{"self":[{"href":"https:\/\/roveyayinevi.com.tr\/index.php\/wp-json\/wp\/v2\/product\/702887","targetHints":{"allow":["GET"]}}],"collection":[{"href":"https:\/\/roveyayinevi.com.tr\/index.php\/wp-json\/wp\/v2\/product"}],"about":[{"href":"https:\/\/roveyayinevi.com.tr\/index.php\/wp-json\/wp\/v2\/types\/product"}],"wp:attachment":[{"href":"https:\/\/roveyayinevi.com.tr\/index.php\/wp-json\/wp\/v2\/media?parent=702887"}],"wp:term":[{"taxonomy":"product_brand","embeddable":true,"href":"https:\/\/roveyayinevi.com.tr\/index.php\/wp-json\/wp\/v2\/product_brand?post=702887"},{"taxonomy":"product_cat","embeddable":true,"href":"https:\/\/roveyayinevi.com.tr\/index.php\/wp-json\/wp\/v2\/product_cat?post=702887"},{"taxonomy":"product_tag","embeddable":true,"href":"https:\/\/roveyayinevi.com.tr\/index.php\/wp-json\/wp\/v2\/product_tag?post=702887"}],"curies":[{"name":"wp","href":"https:\/\/api.w.org\/{rel}","templated":true}]}}