{"id":702886,"date":"2025-08-27T15:20:15","date_gmt":"2025-08-27T12:20:15","guid":{"rendered":"https:\/\/roveyayinevi.com.tr\/index.php\/urun\/yuksekogretimin-firtinali-sularinda\/"},"modified":"2025-10-06T03:23:38","modified_gmt":"2025-10-06T00:23:38","slug":"yuksekogretimin-firtinali-sularinda","status":"publish","type":"product","link":"https:\/\/roveyayinevi.com.tr\/index.php\/urun\/yuksekogretimin-firtinali-sularinda\/","title":{"rendered":"Y\u00fcksek\u00f6\u011fretimin F\u0131rt\u0131nal\u0131 Sular\u0131nda"},"content":{"rendered":"<p>1960\u2019lar\u0131n sonlar\u0131nda, Ankara\u2019ya al\u00e7alan bir u\u00e7akta ba\u015fl\u0131yor \u00dcst\u00fcn Erg\u00fcder \u00f6yk\u00fcs\u00fcn\u00fc anlatmaya. 1940\u2019lar\u0131n Ankara\u2019s\u0131nda ge\u00e7en \u00e7ocuklu\u011funa uzan\u0131yor. B\u00fcrokratik elitin gri bulutlar\u0131ndan uzakla\u015f\u0131p \u0130stanbul\u2019a, Robert Kolej\u2019in \u00f6zg\u00fcrl\u00fck\u00e7\u00fc ortam\u0131na \u00e7eviriyor \u00e7ocuk g\u00f6zlerini. Y\u00fcksek\u00f6\u011frenim i\u00e7in \u0130ngiltere\u2019ye Manchester \u00dcniversitesi\u2019ne ve ard\u0131ndan ABD\u2019ye Syracuse \u00dcniversitesi\u2019ne giden bir gencin deneyimlerini tasvir ediyor. <\/p>\n","protected":false},"excerpt":{"rendered":"<p>1960\u2019lar\u0131n sonlar\u0131nda, Ankara\u2019ya al\u00e7alan bir u\u00e7akta ba\u015fl\u0131yor \u00dcst\u00fcn Erg\u00fcder \u00f6yk\u00fcs\u00fcn\u00fc anlatmaya. 1940\u2019lar\u0131n Ankara\u2019s\u0131nda ge\u00e7en \u00e7ocuklu\u011funa uzan\u0131yor. B\u00fcrokratik elitin gri bulutlar\u0131ndan uzakla\u015f\u0131p \u0130stanbul\u2019a, Robert Kolej\u2019in \u00f6zg\u00fcrl\u00fck\u00e7\u00fc ortam\u0131na<span class=\"excerpt-hellip\"> [\u2026]<\/span><\/p>\n","protected":false},"featured_media":0,"template":"","meta":{"_monsterinsights_skip_tracking":false,"_monsterinsights_sitenote_active":false,"_monsterinsights_sitenote_note":"","_monsterinsights_sitenote_category":0},"product_brand":[],"product_cat":[14009,12291],"product_tag":[],"class_list":{"0":"post-702886","1":"product","2":"type-product","3":"status-publish","5":"product_cat-biyografi-otobiyografi-edebiyat","6":"product_cat-edebiyat","7":"pa_tur-kitap","8":"pa_yayinevi-dogan-kitap","9":"pa_yazar-ustun-erguder","11":"first","12":"instock","13":"sale","14":"shipping-taxable","15":"purchasable","16":"product-type-simple"},"_links":{"self":[{"href":"https:\/\/roveyayinevi.com.tr\/index.php\/wp-json\/wp\/v2\/product\/702886","targetHints":{"allow":["GET"]}}],"collection":[{"href":"https:\/\/roveyayinevi.com.tr\/index.php\/wp-json\/wp\/v2\/product"}],"about":[{"href":"https:\/\/roveyayinevi.com.tr\/index.php\/wp-json\/wp\/v2\/types\/product"}],"wp:attachment":[{"href":"https:\/\/roveyayinevi.com.tr\/index.php\/wp-json\/wp\/v2\/media?parent=702886"}],"wp:term":[{"taxonomy":"product_brand","embeddable":true,"href":"https:\/\/roveyayinevi.com.tr\/index.php\/wp-json\/wp\/v2\/product_brand?post=702886"},{"taxonomy":"product_cat","embeddable":true,"href":"https:\/\/roveyayinevi.com.tr\/index.php\/wp-json\/wp\/v2\/product_cat?post=702886"},{"taxonomy":"product_tag","embeddable":true,"href":"https:\/\/roveyayinevi.com.tr\/index.php\/wp-json\/wp\/v2\/product_tag?post=702886"}],"curies":[{"name":"wp","href":"https:\/\/api.w.org\/{rel}","templated":true}]}}