{"id":702880,"date":"2025-08-27T15:20:13","date_gmt":"2025-08-27T12:20:13","guid":{"rendered":"https:\/\/roveyayinevi.com.tr\/index.php\/urun\/turk-kaganligi-1-kirik-ok\/"},"modified":"2026-04-16T02:11:54","modified_gmt":"2026-04-15T23:11:54","slug":"turk-kaganligi-1-kirik-ok","status":"publish","type":"product","link":"https:\/\/roveyayinevi.com.tr\/index.php\/urun\/turk-kaganligi-1-kirik-ok\/","title":{"rendered":"T\u00fcrk Ka\u011fanl\u0131\u011f\u0131  1 : K\u0131r\u0131k Ok"},"content":{"rendered":"<p>\u2018\u2019\u00d6lmeyin ! \u2018\u2019 dedi.\u2018\u2019\u00d6lmeyin ki milletim .Onlar i\u00e7in nas\u0131l \u00e7arp\u0131\u015ft\u0131\u011f\u0131m\u0131 .Can verdi\u011fimi bilsin.Bilsin ki tanr\u0131\u2019dan ba\u015fkaKimsenin \u00f6n\u00fcnde e\u011filmesin.Kendi milletinden olmayan ka\u011fan\u0131nBuyru\u011funa girip ona ka\u011fan\u0131m deyipOnun i\u00e7in i\u015f g\u00fc\u00e7 g\u00f6rmesinler !Kendi dilinizi konu\u015fun !Kendi at\u0131n\u0131za binin !Kendi yolunuzda y\u00fcr\u00fcy\u00fcn !Kendi \u00e7ad\u0131r\u0131n\u0131z\u0131 kurun !Kendi k\u0131l\u0131c\u0131n\u0131z\u0131 \u00e7al\u0131n !Kendi z\u0131rh\u0131n\u0131z\u0131 ku\u015fan\u0131n ,Kendi k\u0131l\u0131c\u0131n\u0131z\u0131 \u00e7al\u0131n !Bir olun t\u00fcrk milleti !\u0130ri olun !Her daim diri durun ! <\/p>\n","protected":false},"excerpt":{"rendered":"<p>\u2018\u2019\u00d6lmeyin ! \u2018\u2019 dedi.\u2018\u2019\u00d6lmeyin ki milletim .Onlar i\u00e7in nas\u0131l \u00e7arp\u0131\u015ft\u0131\u011f\u0131m\u0131 .Can verdi\u011fimi bilsin.Bilsin ki tanr\u0131\u2019dan ba\u015fkaKimsenin \u00f6n\u00fcnde e\u011filmesin.Kendi milletinden olmayan ka\u011fan\u0131nBuyru\u011funa girip ona ka\u011fan\u0131m deyipOnun i\u00e7in<span class=\"excerpt-hellip\"> [\u2026]<\/span><\/p>\n","protected":false},"featured_media":0,"template":"","meta":{"_monsterinsights_skip_tracking":false,"_monsterinsights_sitenote_active":false,"_monsterinsights_sitenote_note":"","_monsterinsights_sitenote_category":0},"product_brand":[],"product_cat":[12291,12745],"product_tag":[],"class_list":{"0":"post-702880","1":"product","2":"type-product","3":"status-publish","5":"product_cat-edebiyat","6":"product_cat-tarihi-roman","7":"pa_cilt-ciltsiz","8":"pa_tur-kitap","9":"pa_yayinevi-profil-kitap","10":"pa_yazar-ufuk-cengiz","12":"first","13":"instock","14":"sale","15":"shipping-taxable","16":"purchasable","17":"product-type-simple"},"_links":{"self":[{"href":"https:\/\/roveyayinevi.com.tr\/index.php\/wp-json\/wp\/v2\/product\/702880","targetHints":{"allow":["GET"]}}],"collection":[{"href":"https:\/\/roveyayinevi.com.tr\/index.php\/wp-json\/wp\/v2\/product"}],"about":[{"href":"https:\/\/roveyayinevi.com.tr\/index.php\/wp-json\/wp\/v2\/types\/product"}],"wp:attachment":[{"href":"https:\/\/roveyayinevi.com.tr\/index.php\/wp-json\/wp\/v2\/media?parent=702880"}],"wp:term":[{"taxonomy":"product_brand","embeddable":true,"href":"https:\/\/roveyayinevi.com.tr\/index.php\/wp-json\/wp\/v2\/product_brand?post=702880"},{"taxonomy":"product_cat","embeddable":true,"href":"https:\/\/roveyayinevi.com.tr\/index.php\/wp-json\/wp\/v2\/product_cat?post=702880"},{"taxonomy":"product_tag","embeddable":true,"href":"https:\/\/roveyayinevi.com.tr\/index.php\/wp-json\/wp\/v2\/product_tag?post=702880"}],"curies":[{"name":"wp","href":"https:\/\/api.w.org\/{rel}","templated":true}]}}