{"id":702877,"date":"2025-08-27T15:20:12","date_gmt":"2025-08-27T12:20:12","guid":{"rendered":"https:\/\/roveyayinevi.com.tr\/index.php\/urun\/ben-claudius\/"},"modified":"2026-04-16T02:11:54","modified_gmt":"2026-04-15T23:11:54","slug":"ben-claudius","status":"publish","type":"product","link":"https:\/\/roveyayinevi.com.tr\/index.php\/urun\/ben-claudius\/","title":{"rendered":"Ben, Claudius"},"content":{"rendered":"<p>Graves 1934 y\u0131l\u0131nda yay\u0131mlanan Ben, Claudius\u2019ta, Augustus, Tiberius ve Caligula d\u00f6nemlerini Roma\u2019n\u0131n d\u00f6rd\u00fcnc\u00fc imparatoru Claudius taraf\u0131ndan yaz\u0131lm\u0131\u015f gibi anlat\u0131r. Yazar ger\u00e7ek olaylar\u0131 roman kurgusuyla kayna\u015ft\u0131r\u0131rken, yap\u0131t\u0131n\u0131n tarihsel ger\u00e7eklerle uyumlu olmas\u0131na \u00f6zen g\u00f6stermi\u015fti. Ben, Claudius, Modern Library ve Time dergisi taraf\u0131ndan haz\u0131rlanan \u0130ngiliz dilinde yaz\u0131lm\u0131\u015f en iyi y\u00fcz roman listelerinde yerini ald\u0131.Kekemeli\u011fi, topall\u0131\u011f\u0131 ve utanga\u00e7l\u0131\u011f\u0131 y\u00fcz\u00fcnden ailesi taraf\u0131ndan sosyal hayattan uzak tutulan ve bu \u00f6zelliklerinden dolay\u0131 uzun bir s\u00fcre zihinsel yetilerinden ku\u015fku duyulan Claudius, hakk\u0131ndaki yayg\u0131n kanaatin aksine zeki ve donan\u0131ml\u0131yd\u0131. Zaman\u0131n\u0131 Yunanca eserler yazmakla ve okumakla ge\u00e7irmi\u015f, meslekten tarih\u00e7i olarak yeti\u015fmi\u015fti.Graves, iktidar h\u0131rs\u0131n\u0131n s\u0131n\u0131r tan\u0131mad\u0131\u011f\u0131, t\u00fcrl\u00fc entrika, d\u00fczen ve cinayetin kol gezdi\u011fi Roma \u0130mparatorlu\u011fu\u2019nda sa\u011f kalmas\u0131n\u0131 zarars\u0131z bir geri zek\u00e2l\u0131 san\u0131lmas\u0131na bor\u00e7lu olan Claudius\u2019tan okurun empati kurabilece\u011fi iyi y\u00fcrekli ve sevimli bir karakter yarat\u0131yor.<\/p>\n","protected":false},"excerpt":{"rendered":"<p>Graves 1934 y\u0131l\u0131nda yay\u0131mlanan Ben, Claudius\u2019ta, Augustus, Tiberius ve Caligula d\u00f6nemlerini Roma\u2019n\u0131n d\u00f6rd\u00fcnc\u00fc imparatoru Claudius taraf\u0131ndan yaz\u0131lm\u0131\u015f gibi anlat\u0131r. Yazar ger\u00e7ek olaylar\u0131 roman kurgusuyla kayna\u015ft\u0131r\u0131rken, yap\u0131t\u0131n\u0131n<span class=\"excerpt-hellip\"> [\u2026]<\/span><\/p>\n","protected":false},"featured_media":0,"template":"","meta":{"_monsterinsights_skip_tracking":false,"_monsterinsights_sitenote_active":false,"_monsterinsights_sitenote_note":"","_monsterinsights_sitenote_category":0},"product_brand":[],"product_cat":[12291,12866],"product_tag":[],"class_list":{"0":"post-702877","1":"product","2":"type-product","3":"status-publish","5":"product_cat-edebiyat","6":"product_cat-ingiliz-edebiyati","7":"pa_cilt-ciltsiz","8":"pa_tur-kitap","9":"pa_yayinevi-is-bankasi-kultur-yayinlari","10":"pa_yazar-robert-graves","12":"first","13":"instock","14":"sale","15":"shipping-taxable","16":"purchasable","17":"product-type-simple"},"_links":{"self":[{"href":"https:\/\/roveyayinevi.com.tr\/index.php\/wp-json\/wp\/v2\/product\/702877","targetHints":{"allow":["GET"]}}],"collection":[{"href":"https:\/\/roveyayinevi.com.tr\/index.php\/wp-json\/wp\/v2\/product"}],"about":[{"href":"https:\/\/roveyayinevi.com.tr\/index.php\/wp-json\/wp\/v2\/types\/product"}],"wp:attachment":[{"href":"https:\/\/roveyayinevi.com.tr\/index.php\/wp-json\/wp\/v2\/media?parent=702877"}],"wp:term":[{"taxonomy":"product_brand","embeddable":true,"href":"https:\/\/roveyayinevi.com.tr\/index.php\/wp-json\/wp\/v2\/product_brand?post=702877"},{"taxonomy":"product_cat","embeddable":true,"href":"https:\/\/roveyayinevi.com.tr\/index.php\/wp-json\/wp\/v2\/product_cat?post=702877"},{"taxonomy":"product_tag","embeddable":true,"href":"https:\/\/roveyayinevi.com.tr\/index.php\/wp-json\/wp\/v2\/product_tag?post=702877"}],"curies":[{"name":"wp","href":"https:\/\/api.w.org\/{rel}","templated":true}]}}