{"id":702876,"date":"2025-08-27T15:20:11","date_gmt":"2025-08-27T12:20:11","guid":{"rendered":"https:\/\/roveyayinevi.com.tr\/index.php\/urun\/firtinaciltli\/"},"modified":"2026-04-16T02:11:54","modified_gmt":"2026-04-15T23:11:54","slug":"firtinaciltli","status":"publish","type":"product","link":"https:\/\/roveyayinevi.com.tr\/index.php\/urun\/firtinaciltli\/","title":{"rendered":"F\u0131rt\u0131na(Ciltli)"},"content":{"rendered":"<p>William Shakespeare (1564-1616): Oyunlar\u0131 ve \u015fiirlerinde insanl\u0131k durumlar\u0131n\u0131 dile getiri\u015f g\u00fcc\u00fcyle yakla\u015f\u0131k 400 y\u0131ld\u0131r b\u00fct\u00fcn d\u00fcnya okur ve seyircilerini etkilemeyi s\u00fcrd\u00fcren efsanevi yazar. 1611 y\u0131l\u0131nda yaz\u0131ld\u0131\u011f\u0131 tahmin edilen ve Shakespeare\u2019in tek ba\u015f\u0131na yazd\u0131\u011f\u0131 son oyun oldu\u011fu d\u00fc\u015f\u00fcn\u00fclen F\u0131rt\u0131na, yazar\u0131n son d\u00f6nemine ait d\u00f6rt romanstan (Pericles, Cymbeline, K\u0131\u015f Masal\u0131, F\u0131rt\u0131na) biridir. Bu mucizevi oyun, On \u0130kinci Gece gibi ana olay \u00f6rg\u00fcs\u00fcn\u00fcn bir parodisini sunan bir alt olay \u00f6rg\u00fcs\u00fcne, A\u015fk\u0131n Eme\u011fi Bo\u015funa gibi masque ve oyun-i\u00e7inde-oyunlara, Bir Yaz Gecesi R\u00fcyas\u0131 gibi do\u011fa\u00fcst\u00fc \u00f6\u011felere, ahengi temsil eden bir m\u00fczi\u011fe sahiptir. Bu son oyunla Shakespeare\u2019in b\u00fct\u00fcn eserleri T\u00fcrk\u00e7ede ilk kez Hasan \u00c2li Y\u00fccel Klasikleri\u2019nde tamamlanm\u0131\u015f oluyor. \ufffcTan\u0131t\u0131m Metni<\/p>\n","protected":false},"excerpt":{"rendered":"<p>William Shakespeare (1564-1616): Oyunlar\u0131 ve \u015fiirlerinde insanl\u0131k durumlar\u0131n\u0131 dile getiri\u015f g\u00fcc\u00fcyle yakla\u015f\u0131k 400 y\u0131ld\u0131r b\u00fct\u00fcn d\u00fcnya okur ve seyircilerini etkilemeyi s\u00fcrd\u00fcren efsanevi yazar. 1611 y\u0131l\u0131nda yaz\u0131ld\u0131\u011f\u0131<span class=\"excerpt-hellip\"> [\u2026]<\/span><\/p>\n","protected":false},"featured_media":0,"template":"","meta":{"_monsterinsights_skip_tracking":false,"_monsterinsights_sitenote_active":false,"_monsterinsights_sitenote_note":"","_monsterinsights_sitenote_category":0},"product_brand":[],"product_cat":[12291,12866],"product_tag":[],"class_list":{"0":"post-702876","1":"product","2":"type-product","3":"status-publish","5":"product_cat-edebiyat","6":"product_cat-ingiliz-edebiyati","7":"pa_cilt-ciltli","8":"pa_tur-kitap","9":"pa_yayinevi-is-bankasi-kultur-yayinlari","10":"pa_yazar-william-shakespeare","12":"first","13":"instock","14":"sale","15":"shipping-taxable","16":"purchasable","17":"product-type-simple"},"_links":{"self":[{"href":"https:\/\/roveyayinevi.com.tr\/index.php\/wp-json\/wp\/v2\/product\/702876","targetHints":{"allow":["GET"]}}],"collection":[{"href":"https:\/\/roveyayinevi.com.tr\/index.php\/wp-json\/wp\/v2\/product"}],"about":[{"href":"https:\/\/roveyayinevi.com.tr\/index.php\/wp-json\/wp\/v2\/types\/product"}],"wp:attachment":[{"href":"https:\/\/roveyayinevi.com.tr\/index.php\/wp-json\/wp\/v2\/media?parent=702876"}],"wp:term":[{"taxonomy":"product_brand","embeddable":true,"href":"https:\/\/roveyayinevi.com.tr\/index.php\/wp-json\/wp\/v2\/product_brand?post=702876"},{"taxonomy":"product_cat","embeddable":true,"href":"https:\/\/roveyayinevi.com.tr\/index.php\/wp-json\/wp\/v2\/product_cat?post=702876"},{"taxonomy":"product_tag","embeddable":true,"href":"https:\/\/roveyayinevi.com.tr\/index.php\/wp-json\/wp\/v2\/product_tag?post=702876"}],"curies":[{"name":"wp","href":"https:\/\/api.w.org\/{rel}","templated":true}]}}