{"id":702875,"date":"2025-08-27T15:20:11","date_gmt":"2025-08-27T12:20:11","guid":{"rendered":"https:\/\/roveyayinevi.com.tr\/index.php\/urun\/kral-6-henry-3\/"},"modified":"2026-04-16T02:11:54","modified_gmt":"2026-04-15T23:11:54","slug":"kral-6-henry-3","status":"publish","type":"product","link":"https:\/\/roveyayinevi.com.tr\/index.php\/urun\/kral-6-henry-3\/","title":{"rendered":"Kral 6. Henry &#8211; 3"},"content":{"rendered":"<p>William Shakespeare (1564-1616): Oyunlar\u0131 ve \u015fiirlerinde insanl\u0131k durumlar\u0131n\u0131 dile getiri\u015f g\u00fcc\u00fcyle yakla\u015f\u0131k 400 y\u0131ld\u0131r b\u00fct\u00fcn d\u00fcnya okur ve seyircilerini etkilemeyi s\u00fcrd\u00fcren efsanevi yazar. 1590-1591 y\u0131llar\u0131nda yaz\u0131ld\u0131\u011f\u0131 tahmin edilen bu oyunun First Folio\u2019ya 1623 y\u0131l\u0131nda d\u00e2hil edildi\u011fi san\u0131l\u0131yor. Oyun ikinci b\u00f6l\u00fcm\u00fcn kald\u0131\u011f\u0131 yerden ba\u015flar, G\u00fcller Sava\u015f\u0131 s\u00fcrmektedir, t\u00fcm karakterler cinayetler, tuzaklar, taht kavgalar\u0131yla bu girdab\u0131n i\u00e7ine \u00e7ekilmi\u015ftir. Taht\u0131n laneti \u00e7ark\u0131 bir kez daha \u00e7evirecek, Kral VI. Henry\u2019nin hik\u00e2yesinden de bamba\u015fka bir tarih\u00ee oyun do\u011facakt\u0131r. <\/p>\n","protected":false},"excerpt":{"rendered":"<p>William Shakespeare (1564-1616): Oyunlar\u0131 ve \u015fiirlerinde insanl\u0131k durumlar\u0131n\u0131 dile getiri\u015f g\u00fcc\u00fcyle yakla\u015f\u0131k 400 y\u0131ld\u0131r b\u00fct\u00fcn d\u00fcnya okur ve seyircilerini etkilemeyi s\u00fcrd\u00fcren efsanevi yazar. 1590-1591 y\u0131llar\u0131nda yaz\u0131ld\u0131\u011f\u0131<span class=\"excerpt-hellip\"> [\u2026]<\/span><\/p>\n","protected":false},"featured_media":0,"template":"","meta":{"_monsterinsights_skip_tracking":false,"_monsterinsights_sitenote_active":false,"_monsterinsights_sitenote_note":"","_monsterinsights_sitenote_category":0},"product_brand":[],"product_cat":[12291,14272],"product_tag":[],"class_list":{"0":"post-702875","1":"product","2":"type-product","3":"status-publish","5":"product_cat-edebiyat","6":"product_cat-tiyatro","7":"pa_cilt-ciltli","8":"pa_tur-kitap","9":"pa_yayinevi-is-bankasi-kultur-yayinlari","10":"pa_yazar-william-shakespeare","12":"first","13":"instock","14":"sale","15":"shipping-taxable","16":"purchasable","17":"product-type-simple"},"_links":{"self":[{"href":"https:\/\/roveyayinevi.com.tr\/index.php\/wp-json\/wp\/v2\/product\/702875","targetHints":{"allow":["GET"]}}],"collection":[{"href":"https:\/\/roveyayinevi.com.tr\/index.php\/wp-json\/wp\/v2\/product"}],"about":[{"href":"https:\/\/roveyayinevi.com.tr\/index.php\/wp-json\/wp\/v2\/types\/product"}],"wp:attachment":[{"href":"https:\/\/roveyayinevi.com.tr\/index.php\/wp-json\/wp\/v2\/media?parent=702875"}],"wp:term":[{"taxonomy":"product_brand","embeddable":true,"href":"https:\/\/roveyayinevi.com.tr\/index.php\/wp-json\/wp\/v2\/product_brand?post=702875"},{"taxonomy":"product_cat","embeddable":true,"href":"https:\/\/roveyayinevi.com.tr\/index.php\/wp-json\/wp\/v2\/product_cat?post=702875"},{"taxonomy":"product_tag","embeddable":true,"href":"https:\/\/roveyayinevi.com.tr\/index.php\/wp-json\/wp\/v2\/product_tag?post=702875"}],"curies":[{"name":"wp","href":"https:\/\/api.w.org\/{rel}","templated":true}]}}