{"id":702871,"date":"2025-08-27T15:20:10","date_gmt":"2025-08-27T12:20:10","guid":{"rendered":"https:\/\/roveyayinevi.com.tr\/index.php\/urun\/turkce-ogretimi-ve-materyal-tasarimi\/"},"modified":"2026-04-16T02:11:54","modified_gmt":"2026-04-15T23:11:54","slug":"turkce-ogretimi-ve-materyal-tasarimi","status":"publish","type":"product","link":"https:\/\/roveyayinevi.com.tr\/index.php\/urun\/turkce-ogretimi-ve-materyal-tasarimi\/","title":{"rendered":"T\u00fcrk\u00e7e \u00d6\u011fretimi Ve Materyal Tasar\u0131m\u0131"},"content":{"rendered":"<p>Yurt D\u0131\u015f\u0131nda Ya\u015fayan T\u00fcrk \u00c7ocuklar\u0131na T\u00fcrk\u00e7e \u00d6\u011fretimi ve Materyal Tasar\u0131m\u0131 (Bel\u00e7ika \u00d6rne\u011fi) kitab\u0131, T\u00fcrk\u00e7enin yurt d\u0131\u015f\u0131nda ana dil olarak nas\u0131l \u00f6\u011fretildi\u011fini programlar, ders kitaplar\u0131, yasal dayanaklar kapsam\u0131nda ve Bel\u00e7ika \u00f6rnekleminde ortaya koymaktad\u0131r. Ayr\u0131ca kitapta, yurt d\u0131\u015f\u0131nda ya\u015fayan T\u00fcrk \u00e7ocuklar\u0131na T\u00fcrk\u00e7e \u00f6\u011fretiminde kullan\u0131labilecek materyal tasar\u0131m \u00f6rneklerine yer verilmi\u015ftir. Kitap \u00fc\u00e7 b\u00f6l\u00fcmden olu\u015fmaktad\u0131r. Birinci b\u00f6l\u00fcmde yurt d\u0131\u015f\u0131nda ya\u015fayan T\u00fcrkler ve onlar\u0131n \u00e7ocuklar\u0131n\u0131n e\u011fitim durumlar\u0131 hakk\u0131nda bilgiler verilmi\u015f, T\u00fcrk\u00e7enin ana dil olarak yurt d\u0131\u015f\u0131nda \u00f6\u011fretiminin yasal dayanaklar\u0131 ortaya konmu\u015ftur. Ayr\u0131ca yurt d\u0131\u015f\u0131nda verilen T\u00fcrk\u00e7e ve T\u00fcrk k\u00fclt\u00fcr\u00fc dersi \u00f6\u011fretim programlar\u0131, ders kitaplar\u0131 ve \u00f6\u011fretmenleri bu b\u00f6l\u00fcmde \u00fczerinde durulan di\u011fer konulardand\u0131r. Kitab\u0131n ikinci b\u00f6l\u00fcm\u00fcnde birinci b\u00f6l\u00fcme paralel olarak T\u00fcrk\u00e7e \u00f6\u011fretiminin Bel\u00e7ika&#8217;da nas\u0131l yap\u0131ld\u0131\u011f\u0131 ayr\u0131nt\u0131l\u0131 olarak anlat\u0131lm\u0131\u015ft\u0131r. \u00dc\u00e7\u00fcnc\u00fc b\u00f6l\u00fcmde ise yurt d\u0131\u015f\u0131ndaki T\u00fcrk \u00e7ocuklar\u0131na T\u00fcrk\u00e7e \u00f6\u011fretiminde dikkat edilmesi gerekenler, T\u00fcrk\u00e7e \u00f6\u011fretiminde kar\u015f\u0131la\u015f\u0131lan sorunlar ve \u00e7\u00f6z\u00fcm \u00f6nerileri, materyal kullan\u0131m\u0131n\u0131n \u00f6nemi ve gereklili\u011fi hakk\u0131nda bilgiler verilmi\u015ftir. Ayr\u0131ca bu b\u00f6l\u00fcmde yurt d\u0131\u015f\u0131ndaki T\u00fcrk \u00e7ocuklar\u0131na T\u00fcrk\u00e7e \u00f6\u011fretiminde materyal tasar\u0131m\u0131nda dikkat edilmesi gerekenler de \u00f6rnekleriyle a\u00e7\u0131klanm\u0131\u015ft\u0131r. Ayn\u0131 zamanda \u00fc\u00e7\u00fcnc\u00fc b\u00f6l\u00fcmde T\u00fcrk\u00e7e \u00f6\u011fretiminde ve k\u00fclt\u00fcr aktar\u0131m\u0131nda kullan\u0131labilecek 46 materyal tasar\u0131m \u00f6rne\u011fine yer verilmi\u015ftir. <\/p>\n","protected":false},"excerpt":{"rendered":"<p>Yurt D\u0131\u015f\u0131nda Ya\u015fayan T\u00fcrk \u00c7ocuklar\u0131na T\u00fcrk\u00e7e \u00d6\u011fretimi ve Materyal Tasar\u0131m\u0131 (Bel\u00e7ika \u00d6rne\u011fi) kitab\u0131, T\u00fcrk\u00e7enin yurt d\u0131\u015f\u0131nda ana dil olarak nas\u0131l \u00f6\u011fretildi\u011fini programlar, ders kitaplar\u0131, yasal dayanaklar<span class=\"excerpt-hellip\"> [\u2026]<\/span><\/p>\n","protected":false},"featured_media":0,"template":"","meta":{"_monsterinsights_skip_tracking":false,"_monsterinsights_sitenote_active":false,"_monsterinsights_sitenote_note":"","_monsterinsights_sitenote_category":0},"product_brand":[],"product_cat":[14597,12566],"product_tag":[],"class_list":{"0":"post-702871","1":"product","2":"type-product","3":"status-publish","5":"product_cat-dil-ogrenimi","6":"product_cat-egitim","7":"pa_cilt-ciltsiz","8":"pa_tur-kitap","9":"pa_yayinevi-edge-akademi","10":"pa_yazar-ulker-sen","12":"first","13":"instock","14":"sale","15":"shipping-taxable","16":"purchasable","17":"product-type-simple"},"_links":{"self":[{"href":"https:\/\/roveyayinevi.com.tr\/index.php\/wp-json\/wp\/v2\/product\/702871","targetHints":{"allow":["GET"]}}],"collection":[{"href":"https:\/\/roveyayinevi.com.tr\/index.php\/wp-json\/wp\/v2\/product"}],"about":[{"href":"https:\/\/roveyayinevi.com.tr\/index.php\/wp-json\/wp\/v2\/types\/product"}],"wp:attachment":[{"href":"https:\/\/roveyayinevi.com.tr\/index.php\/wp-json\/wp\/v2\/media?parent=702871"}],"wp:term":[{"taxonomy":"product_brand","embeddable":true,"href":"https:\/\/roveyayinevi.com.tr\/index.php\/wp-json\/wp\/v2\/product_brand?post=702871"},{"taxonomy":"product_cat","embeddable":true,"href":"https:\/\/roveyayinevi.com.tr\/index.php\/wp-json\/wp\/v2\/product_cat?post=702871"},{"taxonomy":"product_tag","embeddable":true,"href":"https:\/\/roveyayinevi.com.tr\/index.php\/wp-json\/wp\/v2\/product_tag?post=702871"}],"curies":[{"name":"wp","href":"https:\/\/api.w.org\/{rel}","templated":true}]}}