{"id":702870,"date":"2025-08-27T15:20:09","date_gmt":"2025-08-27T12:20:09","guid":{"rendered":"https:\/\/roveyayinevi.com.tr\/index.php\/urun\/meditasyon\/"},"modified":"2026-04-16T02:11:54","modified_gmt":"2026-04-15T23:11:54","slug":"meditasyon","status":"publish","type":"product","link":"https:\/\/roveyayinevi.com.tr\/index.php\/urun\/meditasyon\/","title":{"rendered":"Meditasyon"},"content":{"rendered":"<p>Meditasyon kitab\u0131 bize meditasyonun arad\u0131\u011f\u0131m\u0131z yal\u0131n uygulamas\u0131n\u0131 \u00f6zetliyor. Raja Yoga\u2019n\u0131n i\u00e7 g\u00f6r\u00fclerini a\u011flayan kitap pratik meditasyon al\u0131\u015ft\u0131rmalar\u0131 ile bu y\u00f6ntemi, \u00f6\u011fretiyi anlamam\u0131za yard\u0131mc\u0131 oluyor. Tanr\u0131 ile ba\u011f\u0131m\u0131z\u0131 onarmay\u0131, zaman\u0131 farkl\u0131 bir a\u00e7\u0131dan kavramay\u0131, do\u011fru bir ya\u015fam bi\u00e7imi ve meditasyon ile ruhsal geli\u015fimin nas\u0131l desteklenebilece\u011fini \u00e7\u00f6z\u00fcml\u00fcyor. <\/p>\n","protected":false},"excerpt":{"rendered":"<p>Meditasyon kitab\u0131 bize meditasyonun arad\u0131\u011f\u0131m\u0131z yal\u0131n uygulamas\u0131n\u0131 \u00f6zetliyor. Raja Yoga\u2019n\u0131n i\u00e7 g\u00f6r\u00fclerini a\u011flayan kitap pratik meditasyon al\u0131\u015ft\u0131rmalar\u0131 ile bu y\u00f6ntemi, \u00f6\u011fretiyi anlamam\u0131za yard\u0131mc\u0131 oluyor. Tanr\u0131 ile<span class=\"excerpt-hellip\"> [\u2026]<\/span><\/p>\n","protected":false},"featured_media":0,"template":"","meta":{"_monsterinsights_skip_tracking":false,"_monsterinsights_sitenote_active":false,"_monsterinsights_sitenote_note":"","_monsterinsights_sitenote_category":0},"product_brand":[],"product_cat":[13365,19822],"product_tag":[],"class_list":{"0":"post-702870","1":"product","2":"type-product","3":"status-publish","5":"product_cat-saglik","6":"product_cat-yoga-meditasyon","7":"pa_cilt-ciltsiz","8":"pa_tur-kitap","9":"pa_yayinevi-phoenix-yayinevi","10":"pa_yazar-kolektif","12":"first","13":"instock","14":"sale","15":"shipping-taxable","16":"purchasable","17":"product-type-simple"},"_links":{"self":[{"href":"https:\/\/roveyayinevi.com.tr\/index.php\/wp-json\/wp\/v2\/product\/702870","targetHints":{"allow":["GET"]}}],"collection":[{"href":"https:\/\/roveyayinevi.com.tr\/index.php\/wp-json\/wp\/v2\/product"}],"about":[{"href":"https:\/\/roveyayinevi.com.tr\/index.php\/wp-json\/wp\/v2\/types\/product"}],"wp:attachment":[{"href":"https:\/\/roveyayinevi.com.tr\/index.php\/wp-json\/wp\/v2\/media?parent=702870"}],"wp:term":[{"taxonomy":"product_brand","embeddable":true,"href":"https:\/\/roveyayinevi.com.tr\/index.php\/wp-json\/wp\/v2\/product_brand?post=702870"},{"taxonomy":"product_cat","embeddable":true,"href":"https:\/\/roveyayinevi.com.tr\/index.php\/wp-json\/wp\/v2\/product_cat?post=702870"},{"taxonomy":"product_tag","embeddable":true,"href":"https:\/\/roveyayinevi.com.tr\/index.php\/wp-json\/wp\/v2\/product_tag?post=702870"}],"curies":[{"name":"wp","href":"https:\/\/api.w.org\/{rel}","templated":true}]}}