{"id":702863,"date":"2025-08-27T15:20:07","date_gmt":"2025-08-27T12:20:07","guid":{"rendered":"https:\/\/roveyayinevi.com.tr\/index.php\/urun\/basari-oykuleri\/"},"modified":"2026-04-16T02:11:53","modified_gmt":"2026-04-15T23:11:53","slug":"basari-oykuleri","status":"publish","type":"product","link":"https:\/\/roveyayinevi.com.tr\/index.php\/urun\/basari-oykuleri\/","title":{"rendered":"Ba\u015far\u0131 \u00d6yk\u00fcleri"},"content":{"rendered":"<p>\u0130nsan\u0131 di\u011fer canl\u0131lardan ay\u0131ran \u00f6zelliklerden birisi de ba\u015farma iste\u011fi duyan bir varl\u0131k olmas\u0131d\u0131r. Hayat\u0131n\u0131 ve mutlulu\u011funu elde etti\u011fi ba\u015far\u0131larla \u00f6l\u00e7en, hayat\u0131n\u0131n anlam\u0131n\u0131 hedeflerine ba\u011flayan ba\u015fka bir varl\u0131k var m\u0131?   Ba\u015far\u0131 \u00d6yk\u00fcleri, ba\u015far\u0131ya farkl\u0131 anlamlar y\u00fckl\u00fcyor; bazen ba\u015far\u0131n\u0131n sevgi kadar s\u0131cak oldu\u011funu, sonu\u00e7 de\u011fil \u00e7aba gerektirdi\u011fini, belki de kaderin bir cilvesi oldu\u011funu anlat\u0131yor.   Her bir \u00f6yk\u00fcde kendinizden bir \u015feyler bulacak, ba\u015far\u0131 anlay\u0131\u015f\u0131n\u0131z\u0131 de\u011fi\u015ftireceksiniz. <\/p>\n","protected":false},"excerpt":{"rendered":"<p>\u0130nsan\u0131 di\u011fer canl\u0131lardan ay\u0131ran \u00f6zelliklerden birisi de ba\u015farma iste\u011fi duyan bir varl\u0131k olmas\u0131d\u0131r. Hayat\u0131n\u0131 ve mutlulu\u011funu elde etti\u011fi ba\u015far\u0131larla \u00f6l\u00e7en, hayat\u0131n\u0131n anlam\u0131n\u0131 hedeflerine ba\u011flayan ba\u015fka bir<span class=\"excerpt-hellip\"> [\u2026]<\/span><\/p>\n","protected":false},"featured_media":0,"template":"","meta":{"_monsterinsights_skip_tracking":false,"_monsterinsights_sitenote_active":false,"_monsterinsights_sitenote_note":"","_monsterinsights_sitenote_category":0},"product_brand":[],"product_cat":[12274,12284],"product_tag":[],"class_list":{"0":"post-702863","1":"product","2":"type-product","3":"status-publish","5":"product_cat-cocuk-ve-genclik-kitaplari","6":"product_cat-hikayeler","7":"pa_cilt-ciltsiz","8":"pa_tur-kitap","9":"pa_yayinevi-genc-hayat","10":"pa_yazar-murat-ciftkaya","12":"first","13":"instock","14":"sale","15":"shipping-taxable","16":"purchasable","17":"product-type-simple"},"_links":{"self":[{"href":"https:\/\/roveyayinevi.com.tr\/index.php\/wp-json\/wp\/v2\/product\/702863","targetHints":{"allow":["GET"]}}],"collection":[{"href":"https:\/\/roveyayinevi.com.tr\/index.php\/wp-json\/wp\/v2\/product"}],"about":[{"href":"https:\/\/roveyayinevi.com.tr\/index.php\/wp-json\/wp\/v2\/types\/product"}],"wp:attachment":[{"href":"https:\/\/roveyayinevi.com.tr\/index.php\/wp-json\/wp\/v2\/media?parent=702863"}],"wp:term":[{"taxonomy":"product_brand","embeddable":true,"href":"https:\/\/roveyayinevi.com.tr\/index.php\/wp-json\/wp\/v2\/product_brand?post=702863"},{"taxonomy":"product_cat","embeddable":true,"href":"https:\/\/roveyayinevi.com.tr\/index.php\/wp-json\/wp\/v2\/product_cat?post=702863"},{"taxonomy":"product_tag","embeddable":true,"href":"https:\/\/roveyayinevi.com.tr\/index.php\/wp-json\/wp\/v2\/product_tag?post=702863"}],"curies":[{"name":"wp","href":"https:\/\/api.w.org\/{rel}","templated":true}]}}