{"id":702862,"date":"2025-08-27T15:20:06","date_gmt":"2025-08-27T12:20:06","guid":{"rendered":"https:\/\/roveyayinevi.com.tr\/index.php\/urun\/ayrilik-mevsimidir-kararlar-almaliyiz\/"},"modified":"2026-04-16T02:11:53","modified_gmt":"2026-04-15T23:11:53","slug":"ayrilik-mevsimidir-kararlar-almaliyiz","status":"publish","type":"product","link":"https:\/\/roveyayinevi.com.tr\/index.php\/urun\/ayrilik-mevsimidir-kararlar-almaliyiz\/","title":{"rendered":"Ayr\u0131l\u0131k Mevsimidir Kararlar Almal\u0131y\u0131z"},"content":{"rendered":"<p>D\u00f6n\u00fc\u015f bir t\u00fcrk\u00fcd\u00fcrTam b\u0131rak\u0131p gitti\u011fin yerde ba\u015flarSessiz s\u00f6ylenir, g\u00f6lgeli yoldan ge\u00e7ilir. <\/p>\n","protected":false},"excerpt":{"rendered":"<p>D\u00f6n\u00fc\u015f bir t\u00fcrk\u00fcd\u00fcrTam b\u0131rak\u0131p gitti\u011fin yerde ba\u015flarSessiz s\u00f6ylenir, g\u00f6lgeli yoldan ge\u00e7ilir.<\/p>\n","protected":false},"featured_media":0,"template":"","meta":{"_monsterinsights_skip_tracking":false,"_monsterinsights_sitenote_active":false,"_monsterinsights_sitenote_note":"","_monsterinsights_sitenote_category":0},"product_brand":[],"product_cat":[12291,12292],"product_tag":[],"class_list":{"0":"post-702862","1":"product","2":"type-product","3":"status-publish","5":"product_cat-edebiyat","6":"product_cat-turk-edebiyati","7":"pa_tur-kitap","8":"pa_yayinevi-islik-yayinlari","9":"pa_yazar-atila-cinar","11":"first","12":"instock","13":"sale","14":"shipping-taxable","15":"purchasable","16":"product-type-simple"},"_links":{"self":[{"href":"https:\/\/roveyayinevi.com.tr\/index.php\/wp-json\/wp\/v2\/product\/702862","targetHints":{"allow":["GET"]}}],"collection":[{"href":"https:\/\/roveyayinevi.com.tr\/index.php\/wp-json\/wp\/v2\/product"}],"about":[{"href":"https:\/\/roveyayinevi.com.tr\/index.php\/wp-json\/wp\/v2\/types\/product"}],"wp:attachment":[{"href":"https:\/\/roveyayinevi.com.tr\/index.php\/wp-json\/wp\/v2\/media?parent=702862"}],"wp:term":[{"taxonomy":"product_brand","embeddable":true,"href":"https:\/\/roveyayinevi.com.tr\/index.php\/wp-json\/wp\/v2\/product_brand?post=702862"},{"taxonomy":"product_cat","embeddable":true,"href":"https:\/\/roveyayinevi.com.tr\/index.php\/wp-json\/wp\/v2\/product_cat?post=702862"},{"taxonomy":"product_tag","embeddable":true,"href":"https:\/\/roveyayinevi.com.tr\/index.php\/wp-json\/wp\/v2\/product_tag?post=702862"}],"curies":[{"name":"wp","href":"https:\/\/api.w.org\/{rel}","templated":true}]}}